{"id":232509,"date":"2025-08-01T15:41:58","date_gmt":"2025-08-01T14:41:58","guid":{"rendered":"https:\/\/www.delicias-uk.com\/?post_type=product&#038;p=232509"},"modified":"2025-08-04T11:23:00","modified_gmt":"2025-08-04T10:23:00","slug":"cabaz-sabores-de-portugal-delicias","status":"publish","type":"product","link":"https:\/\/www.delicias-uk.com\/pt-pt\/produto\/cabaz-sabores-de-portugal-delicias\/","title":{"rendered":"Cabaz Sabores de Portugal Del\u00edcias"},"content":{"rendered":"<p class=\"MsoNormal\"><span lang=\"pt\" xml:lang=\"pt\">Envie amor a um amigo ou membro da fam\u00edlia com Taste Of Portugal Cabaz Delicias.<\/span><\/p>\n<p class=\"MsoNormal\"><span lang=\"pt-br\" xml:lang=\"pt-br\">Delicias Cabazes est\u00e3o cheios de guloseimas que s\u00e3o o presente perfeito para os entes queridos. De cabazes completos com vinho, queijo e charcutaria a cabazes repletos de mimos, h\u00e1 algo para todos. <\/span><\/p>\n<p class=\"MsoNormal\"><strong><span lang=\"pt\" xml:lang=\"pt\">Conte\u00fado do Cabaz:<\/span><\/strong><\/p>\n<p class=\"MsoNormal\"><span lang=\"pt\" xml:lang=\"pt\">1 unid Queijo Sao Jorge Fatia Dop Cura 24 Meses 300g (ref: DAIC-COW1575)<\/span><\/p>\n<p class=\"MsoNormal\"><span lang=\"pt\" xml:lang=\"pt\">1 unid Compota Prisca Nature Abobora Fr 250g (ref: PRE-JAM6256)<\/span><\/p>\n<p class=\"MsoNormal\"><span lang=\"pt\" xml:lang=\"pt\">1 unid Pate Nuri Sardinha Azeite Lata 65g (ref: CON-PTS1366)<\/span><\/p>\n<p class=\"MsoNormal\"><span lang=\"pt\" xml:lang=\"pt\">1 unid Atum Tenorio Filete Em Azeite Bio Lata 120g (ref: CON-TUN1495)<\/span><\/p>\n<p class=\"MsoNormal\"><span lang=\"pt\" xml:lang=\"pt\">1 unid Tosta Diatosta 300g (ref: GRO-TST5233)<\/span><\/p>\n<p class=\"MsoNormal\">\n<p class=\"MsoNormal\"><i><span lang=\"pt-br\" xml:lang=\"pt-br\">Observe que itens individuais podem estar sujeitos a substitui\u00e7\u00e3o devido \u00e0 disponibilidade. <\/span><\/i><\/p>\n<p>&nbsp;<\/p>\n<p>&nbsp;<\/p>\n","protected":false},"excerpt":{"rendered":"<p class=\"MsoNormal\"><span lang=\"pt\" xml:lang=\"pt\">Envie amor a um amigo ou membro da fam\u00edlia com Taste Of Portugal Cabaz Delicias.<\/span><\/p>\n<p class=\"MsoNormal\"><span lang=\"pt-br\" xml:lang=\"pt-br\">Delicias Cabazes est\u00e3o cheios de guloseimas que s\u00e3o o presente perfeito para os entes queridos. De cabazes completos com vinho, queijo e charcutaria a cabazes repletos de mimos, h\u00e1 algo para todos. <\/span><\/p>\n","protected":false},"author":43538,"featured_media":232511,"comment_status":"open","ping_status":"closed","template":"","meta":[],"pwb-brand":[],"product_brand":[],"product_cat":[8289,8291,8447,8293,8439,8435],"product_tag":[],"class_list":{"0":"post-232509","1":"product","2":"type-product","3":"status-publish","4":"has-post-thumbnail","6":"product_cat-inicio","7":"product_cat-produtos-portugueses","8":"product_cat-cabazes-pt-pt-produtos-portugueses","9":"product_cat-produtos-brasileiros","10":"product_cat-cabazes-pt-pt-produtos-brasileiros","11":"product_cat-cabazes-pt-pt","13":"first","14":"instock","15":"taxable","16":"shipping-taxable","17":"purchasable","18":"product-type-simple"},"aioseo_notices":[],"brands":[],"_links":{"self":[{"href":"https:\/\/www.delicias-uk.com\/pt-pt\/wp-json\/wp\/v2\/product\/232509","targetHints":{"allow":["GET"]}}],"collection":[{"href":"https:\/\/www.delicias-uk.com\/pt-pt\/wp-json\/wp\/v2\/product"}],"about":[{"href":"https:\/\/www.delicias-uk.com\/pt-pt\/wp-json\/wp\/v2\/types\/product"}],"author":[{"embeddable":true,"href":"https:\/\/www.delicias-uk.com\/pt-pt\/wp-json\/wp\/v2\/users\/43538"}],"replies":[{"embeddable":true,"href":"https:\/\/www.delicias-uk.com\/pt-pt\/wp-json\/wp\/v2\/comments?post=232509"}],"wp:featuredmedia":[{"embeddable":true,"href":"https:\/\/www.delicias-uk.com\/pt-pt\/wp-json\/wp\/v2\/media\/232511"}],"wp:attachment":[{"href":"https:\/\/www.delicias-uk.com\/pt-pt\/wp-json\/wp\/v2\/media?parent=232509"}],"wp:term":[{"taxonomy":"pwb-brand","embeddable":true,"href":"https:\/\/www.delicias-uk.com\/pt-pt\/wp-json\/wp\/v2\/pwb-brand?post=232509"},{"taxonomy":"product_brand","embeddable":true,"href":"https:\/\/www.delicias-uk.com\/pt-pt\/wp-json\/wp\/v2\/product_brand?post=232509"},{"taxonomy":"product_cat","embeddable":true,"href":"https:\/\/www.delicias-uk.com\/pt-pt\/wp-json\/wp\/v2\/product_cat?post=232509"},{"taxonomy":"product_tag","embeddable":true,"href":"https:\/\/www.delicias-uk.com\/pt-pt\/wp-json\/wp\/v2\/product_tag?post=232509"}],"curies":[{"name":"wp","href":"https:\/\/api.w.org\/{rel}","templated":true}]}}