{"id":232477,"date":"2025-08-01T12:01:57","date_gmt":"2025-08-01T11:01:57","guid":{"rendered":"https:\/\/www.delicias-uk.com\/?post_type=product&#038;p=232477"},"modified":"2025-08-04T11:18:41","modified_gmt":"2025-08-04T10:18:41","slug":"cabaz-de-doces-e-salgados-delicias","status":"publish","type":"product","link":"https:\/\/www.delicias-uk.com\/pt-pt\/produto\/cabaz-de-doces-e-salgados-delicias\/","title":{"rendered":"Cabaz de Doces e Salgados Del\u00edcias"},"content":{"rendered":"<p>Envie amor a um amigo ou membro da fam\u00edlia com o Sweet &amp; Savoury Delights Cabaz Delicias.<\/p>\n<p>Delicias Cabazes est\u00e3o cheios de guloseimas que s\u00e3o o presente perfeito para os entes queridos. De cabazes completos com vinho, queijo e charcutaria a cabazes repletos de mimos, h\u00e1 algo para todos.<\/p>\n<p><strong>Conte\u00fado do Cabaz:<\/strong><\/p>\n<p>1 unidade Salame Chocolate Frei Docinho 60g x 2 (ref: CNF-CKE990)<\/p>\n<p>1 unidade Bolacha Vieira \u00c1gua e Sal azeite e azeitona 84g (ref: CNF-BSC0885)<\/p>\n<p>1 unidade Pasteis De Torres Vedras Fabridoce 80g x 6 \u00a0(ref: FRZB-PAT2921)<\/p>\n<p>1 unidade Tosta Diatosta 300g \u00a0(ref: GRO-TST5233)<\/p>\n<p>1 unidade Amendoas Beirabaga Torrada 125g \u00a0(ref: GRO-DFT4383)<\/p>\n<p>1 unidade Pate Atum Manna 22g x 4 (ref: CON-PTS1340)<\/p>\n<p>1 unidade Pate Nuri Sardinha Picante 65g \u00a0(ref: CON-PTS1367)<\/p>\n<p><em>Observe que itens individuais podem estar sujeitos a substitui\u00e7\u00e3o devido \u00e0 disponibilidade.<\/em><\/p>\n<p>&nbsp;<\/p>\n<p>&nbsp;<\/p>\n","protected":false},"excerpt":{"rendered":"<p class=\"MsoNormal\"><span lang=\"pt\" xml:lang=\"pt\">Envie amor a um amigo ou membro da fam\u00edlia com o Sweet &amp; Savoury Delights Cabaz Delicias<\/span><\/p>\n<p class=\"MsoNormal\"><span lang=\"pt-br\" xml:lang=\"pt-br\">Delicias Cabazes est\u00e3o cheios de guloseimas que s\u00e3o o presente perfeito para os entes queridos. De cabazes completos com vinho, queijo e charcutaria a cabazes repletos de mimos, h\u00e1 algo para todos. <\/span><\/p>\n","protected":false},"author":43538,"featured_media":232480,"comment_status":"open","ping_status":"closed","template":"","meta":[],"pwb-brand":[],"product_brand":[],"product_cat":[8289,8291,8447,8293,8439,8435],"product_tag":[],"class_list":{"0":"post-232477","1":"product","2":"type-product","3":"status-publish","4":"has-post-thumbnail","6":"product_cat-inicio","7":"product_cat-produtos-portugueses","8":"product_cat-cabazes-pt-pt-produtos-portugueses","9":"product_cat-produtos-brasileiros","10":"product_cat-cabazes-pt-pt-produtos-brasileiros","11":"product_cat-cabazes-pt-pt","13":"first","14":"instock","15":"taxable","16":"shipping-taxable","17":"purchasable","18":"product-type-simple"},"aioseo_notices":[],"brands":[],"_links":{"self":[{"href":"https:\/\/www.delicias-uk.com\/pt-pt\/wp-json\/wp\/v2\/product\/232477","targetHints":{"allow":["GET"]}}],"collection":[{"href":"https:\/\/www.delicias-uk.com\/pt-pt\/wp-json\/wp\/v2\/product"}],"about":[{"href":"https:\/\/www.delicias-uk.com\/pt-pt\/wp-json\/wp\/v2\/types\/product"}],"author":[{"embeddable":true,"href":"https:\/\/www.delicias-uk.com\/pt-pt\/wp-json\/wp\/v2\/users\/43538"}],"replies":[{"embeddable":true,"href":"https:\/\/www.delicias-uk.com\/pt-pt\/wp-json\/wp\/v2\/comments?post=232477"}],"wp:featuredmedia":[{"embeddable":true,"href":"https:\/\/www.delicias-uk.com\/pt-pt\/wp-json\/wp\/v2\/media\/232480"}],"wp:attachment":[{"href":"https:\/\/www.delicias-uk.com\/pt-pt\/wp-json\/wp\/v2\/media?parent=232477"}],"wp:term":[{"taxonomy":"pwb-brand","embeddable":true,"href":"https:\/\/www.delicias-uk.com\/pt-pt\/wp-json\/wp\/v2\/pwb-brand?post=232477"},{"taxonomy":"product_brand","embeddable":true,"href":"https:\/\/www.delicias-uk.com\/pt-pt\/wp-json\/wp\/v2\/product_brand?post=232477"},{"taxonomy":"product_cat","embeddable":true,"href":"https:\/\/www.delicias-uk.com\/pt-pt\/wp-json\/wp\/v2\/product_cat?post=232477"},{"taxonomy":"product_tag","embeddable":true,"href":"https:\/\/www.delicias-uk.com\/pt-pt\/wp-json\/wp\/v2\/product_tag?post=232477"}],"curies":[{"name":"wp","href":"https:\/\/api.w.org\/{rel}","templated":true}]}}