{"id":232458,"date":"2025-08-01T10:18:48","date_gmt":"2025-08-01T09:18:48","guid":{"rendered":"https:\/\/www.delicias-uk.com\/?post_type=product&#038;p=232458"},"modified":"2025-12-17T12:54:52","modified_gmt":"2025-12-17T12:54:52","slug":"cabaz-de-queijo-charcutaria-delicias","status":"publish","type":"product","link":"https:\/\/www.delicias-uk.com\/pt-pt\/produto\/cabaz-de-queijo-charcutaria-delicias\/","title":{"rendered":"Cabaz de Queijo &#038; Charcutaria Del\u00edcias"},"content":{"rendered":"<p><em>Envie amor a um amigo ou membro da fam\u00edlia com o Classic Cheese &amp; Charcuterie Cabaz Delicias.<\/em><\/p>\n<p><em>Delicias Cabazes est\u00e3o cheios de guloseimas que s\u00e3o o presente perfeito para os entes queridos. De cabazes completos com vinho, queijo e charcutaria a cabazes repletos de mimos, h\u00e1 algo para todos. <\/em><\/p>\n<p><strong><em>Conte\u00fado do Cabaz:<\/em><\/strong><\/p>\n<p><em>1 unid Queijo Sao Jorge Fatia Dop Cura 24 Meses 300g (ref: DAIC-COW1575)<\/em><\/p>\n<p><em>1 unid Queijo Azeitao Quinta Do Anjo Dop +\/-240g (ref: DAIC-SHE1711)<\/em><\/p>\n<p><em>1 unid <\/em><em>Queijo de Ovelha Amanteigado Seia +\/- 500g<\/em> <em>(ref: <\/em><em>DAIC-SHE1713<\/em><em>)<\/em><\/p>\n<p><em>1 unid Prisca Fatiado Tabua Bisaro (Paleta+Salpicao+Lombo) 80g (ref: CHA-SLI0500)<\/em><\/p>\n<p><em>1 unid Bisaro Fatiado Presunto\u00a0 Criado No Campo Cura 30m 100g (ref: CHA-PRE0476)<\/em><\/p>\n<p><em>Observe que itens individuais podem estar sujeitos a substitui\u00e7\u00e3o devido \u00e0 disponibilidade.<\/em><\/p>\n<p>&nbsp;<\/p>\n<p>&nbsp;<\/p>\n","protected":false},"excerpt":{"rendered":"<p class=\"MsoNormal\"><span lang=\"pt\" xml:lang=\"pt\">Envie amor a um amigo ou membro da fam\u00edlia com o Classic Cheese &amp; Charcuterie Cabaz Delicias.<\/span><\/p>\n<p class=\"MsoNormal\"><span lang=\"pt-br\" xml:lang=\"pt-br\">Delicias Cabazes est\u00e3o cheios de guloseimas que s\u00e3o o presente perfeito para os entes queridos. De cabazes completos com vinho, queijo e charcutaria a cabazes repletos de mimos, h\u00e1 algo para todos. <\/span><\/p>\n","protected":false},"author":43538,"featured_media":232460,"comment_status":"open","ping_status":"closed","template":"","meta":[],"pwb-brand":[],"product_brand":[],"product_cat":[8289,8291,8659,8447,8293,8439,8435],"product_tag":[],"class_list":{"0":"post-232458","1":"product","2":"type-product","3":"status-publish","4":"has-post-thumbnail","6":"product_cat-inicio","7":"product_cat-produtos-portugueses","8":"product_cat-alheira-farinheira-morcela","9":"product_cat-cabazes-pt-pt-produtos-portugueses","10":"product_cat-produtos-brasileiros","11":"product_cat-cabazes-pt-pt-produtos-brasileiros","12":"product_cat-cabazes-pt-pt","14":"first","15":"instock","16":"taxable","17":"shipping-taxable","18":"purchasable","19":"product-type-simple"},"aioseo_notices":[],"brands":[],"_links":{"self":[{"href":"https:\/\/www.delicias-uk.com\/pt-pt\/wp-json\/wp\/v2\/product\/232458","targetHints":{"allow":["GET"]}}],"collection":[{"href":"https:\/\/www.delicias-uk.com\/pt-pt\/wp-json\/wp\/v2\/product"}],"about":[{"href":"https:\/\/www.delicias-uk.com\/pt-pt\/wp-json\/wp\/v2\/types\/product"}],"author":[{"embeddable":true,"href":"https:\/\/www.delicias-uk.com\/pt-pt\/wp-json\/wp\/v2\/users\/43538"}],"replies":[{"embeddable":true,"href":"https:\/\/www.delicias-uk.com\/pt-pt\/wp-json\/wp\/v2\/comments?post=232458"}],"wp:featuredmedia":[{"embeddable":true,"href":"https:\/\/www.delicias-uk.com\/pt-pt\/wp-json\/wp\/v2\/media\/232460"}],"wp:attachment":[{"href":"https:\/\/www.delicias-uk.com\/pt-pt\/wp-json\/wp\/v2\/media?parent=232458"}],"wp:term":[{"taxonomy":"pwb-brand","embeddable":true,"href":"https:\/\/www.delicias-uk.com\/pt-pt\/wp-json\/wp\/v2\/pwb-brand?post=232458"},{"taxonomy":"product_brand","embeddable":true,"href":"https:\/\/www.delicias-uk.com\/pt-pt\/wp-json\/wp\/v2\/product_brand?post=232458"},{"taxonomy":"product_cat","embeddable":true,"href":"https:\/\/www.delicias-uk.com\/pt-pt\/wp-json\/wp\/v2\/product_cat?post=232458"},{"taxonomy":"product_tag","embeddable":true,"href":"https:\/\/www.delicias-uk.com\/pt-pt\/wp-json\/wp\/v2\/product_tag?post=232458"}],"curies":[{"name":"wp","href":"https:\/\/api.w.org\/{rel}","templated":true}]}}