{"id":232429,"date":"2025-07-31T17:09:33","date_gmt":"2025-07-31T16:09:33","guid":{"rendered":"https:\/\/www.delicias-uk.com\/?post_type=product&#038;p=232429"},"modified":"2025-08-04T11:12:37","modified_gmt":"2025-08-04T10:12:37","slug":"cabaz-de-amantes-de-queijos-delicias","status":"publish","type":"product","link":"https:\/\/www.delicias-uk.com\/pt-pt\/produto\/cabaz-de-amantes-de-queijos-delicias\/","title":{"rendered":"Cabaz de Amantes de Queijos Del\u00edcias"},"content":{"rendered":"<p><em>Envie amor a um amigo ou membro da fam\u00edlia com o The Cheese Lovers Cabaz Delicias<\/em><\/p>\n<p><em>Delicias Cabazes est\u00e3o cheios de guloseimas que s\u00e3o o presente perfeito para os entes queridos. De cabazes completos com vinho, queijo e charcutaria a cabazes repletos de mimos, h\u00e1 algo para todos. <\/em><\/p>\n<p><strong><em>Conte\u00fado do Cabaz:<\/em><\/strong><\/p>\n<p><em>1 unid Queijo Santiago Classicos Tabua Com 3 Cabra\/Ovelha\/Mistura 90g x 3 (ref: DAIC-MIX1719)<\/em><\/p>\n<p><em>1 unid <\/em>Queijo de Ovelha Amanteigado Seia +\/- 500g <em>(ref: <\/em>DAIC-SHE1713<em>)<\/em><\/p>\n<p><em>1 unid Vinho Branco Casa De Santar 75cl (ref: WWH-PTDA1548)<\/em><\/p>\n<p><em>1 unid Tosta Diatosta 300g (ref: GRO-TST5233)<\/em><\/p>\n<p><em>Observe que itens individuais podem estar sujeitos a substitui\u00e7\u00e3o devido \u00e0 disponibilidade.<\/em><\/p>\n<p>&nbsp;<\/p>\n<p>&nbsp;<\/p>\n","protected":false},"excerpt":{"rendered":"<p class=\"MsoNormal\"><span lang=\"pt\" xml:lang=\"pt\">Envie amor a um amigo ou membro da fam\u00edlia com o The Cheese Lovers Cabaz Delicias<\/span><\/p>\n<p class=\"MsoNormal\"><span lang=\"pt-br\" xml:lang=\"pt-br\">Delicias Cabazes est\u00e3o cheios de guloseimas que s\u00e3o o presente perfeito para os entes queridos. De cabazes completos com vinho, queijo e charcutaria a cabazes repletos de mimos, h\u00e1 algo para todos. <\/span><\/p>\n","protected":false},"author":43538,"featured_media":232453,"comment_status":"open","ping_status":"closed","template":"","meta":[],"pwb-brand":[],"product_brand":[],"product_cat":[8289,8291,8447,8293,8439,8435],"product_tag":[],"class_list":{"0":"post-232429","1":"product","2":"type-product","3":"status-publish","4":"has-post-thumbnail","6":"product_cat-inicio","7":"product_cat-produtos-portugueses","8":"product_cat-cabazes-pt-pt-produtos-portugueses","9":"product_cat-produtos-brasileiros","10":"product_cat-cabazes-pt-pt-produtos-brasileiros","11":"product_cat-cabazes-pt-pt","13":"first","14":"instock","15":"taxable","16":"shipping-taxable","17":"purchasable","18":"product-type-simple"},"aioseo_notices":[],"brands":[],"_links":{"self":[{"href":"https:\/\/www.delicias-uk.com\/pt-pt\/wp-json\/wp\/v2\/product\/232429","targetHints":{"allow":["GET"]}}],"collection":[{"href":"https:\/\/www.delicias-uk.com\/pt-pt\/wp-json\/wp\/v2\/product"}],"about":[{"href":"https:\/\/www.delicias-uk.com\/pt-pt\/wp-json\/wp\/v2\/types\/product"}],"author":[{"embeddable":true,"href":"https:\/\/www.delicias-uk.com\/pt-pt\/wp-json\/wp\/v2\/users\/43538"}],"replies":[{"embeddable":true,"href":"https:\/\/www.delicias-uk.com\/pt-pt\/wp-json\/wp\/v2\/comments?post=232429"}],"wp:featuredmedia":[{"embeddable":true,"href":"https:\/\/www.delicias-uk.com\/pt-pt\/wp-json\/wp\/v2\/media\/232453"}],"wp:attachment":[{"href":"https:\/\/www.delicias-uk.com\/pt-pt\/wp-json\/wp\/v2\/media?parent=232429"}],"wp:term":[{"taxonomy":"pwb-brand","embeddable":true,"href":"https:\/\/www.delicias-uk.com\/pt-pt\/wp-json\/wp\/v2\/pwb-brand?post=232429"},{"taxonomy":"product_brand","embeddable":true,"href":"https:\/\/www.delicias-uk.com\/pt-pt\/wp-json\/wp\/v2\/product_brand?post=232429"},{"taxonomy":"product_cat","embeddable":true,"href":"https:\/\/www.delicias-uk.com\/pt-pt\/wp-json\/wp\/v2\/product_cat?post=232429"},{"taxonomy":"product_tag","embeddable":true,"href":"https:\/\/www.delicias-uk.com\/pt-pt\/wp-json\/wp\/v2\/product_tag?post=232429"}],"curies":[{"name":"wp","href":"https:\/\/api.w.org\/{rel}","templated":true}]}}