{"id":232365,"date":"2025-07-30T17:15:03","date_gmt":"2025-07-30T16:15:03","guid":{"rendered":"https:\/\/www.delicias-uk.com\/?post_type=product&#038;p=232365"},"modified":"2025-07-30T17:15:03","modified_gmt":"2025-07-30T16:15:03","slug":"lancers-75cl","status":"publish","type":"product","link":"https:\/\/www.delicias-uk.com\/pt-pt\/produto\/lancers-75cl\/","title":{"rendered":"Lancers 75cl"},"content":{"rendered":"<h2 data-start=\"154\" data-end=\"219\"><strong data-start=\"160\" data-end=\"219\">Lancers Ros\u00e9: Um Cl\u00e1ssico Refrescante com Toque Moderno<\/strong><\/h2>\n<p data-start=\"221\" data-end=\"458\">O <strong data-start=\"223\" data-end=\"239\">Lancers Ros\u00e9<\/strong> \u00e9 um vinho leve, fresco e frutado, perfeito para quem busca sabor e descontra\u00e7\u00e3o em um \u00fanico gole. Produzido em Portugal, ele conquistou o mundo com seu perfil vers\u00e1til e a ic\u00f4nica garrafa fosca que atravessa gera\u00e7\u00f5es.<\/p>\n<ul>\n<li data-start=\"504\" data-end=\"528\">\n<p data-start=\"506\" data-end=\"528\"><strong data-start=\"506\" data-end=\"517\">Origem:<\/strong> Portugal<\/p>\n<\/li>\n<li data-start=\"529\" data-end=\"562\">\n<p data-start=\"531\" data-end=\"562\"><strong data-start=\"531\" data-end=\"540\">Tipo:<\/strong> Vinho ros\u00e9 frisante<\/p>\n<\/li>\n<li data-start=\"563\" data-end=\"611\">\n<p data-start=\"565\" data-end=\"611\"><strong data-start=\"565\" data-end=\"589\">Gradua\u00e7\u00e3o alco\u00f3lica:<\/strong> Aproximadamente 10%<\/p>\n<\/li>\n<li data-start=\"612\" data-end=\"693\">\n<p data-start=\"614\" data-end=\"693\"><strong data-start=\"614\" data-end=\"624\">Sabor:<\/strong> Levemente doce, com notas de morango, framboesa e frutas tropicais<\/p>\n<\/li>\n<li data-start=\"694\" data-end=\"725\">\n<p data-start=\"696\" data-end=\"725\"><strong data-start=\"696\" data-end=\"706\">Aroma:<\/strong> Frutado e floral<\/p>\n<\/li>\n<li data-start=\"726\" data-end=\"772\">\n<p data-start=\"728\" data-end=\"772\"><strong data-start=\"728\" data-end=\"738\">Corpo:<\/strong> Leve, ideal para climas quentes<\/p>\n<\/li>\n<li data-start=\"773\" data-end=\"816\">\n<p data-start=\"775\" data-end=\"816\"><strong data-start=\"775\" data-end=\"787\">Servi\u00e7o:<\/strong> Melhor servido bem gelado<\/p>\n<\/li>\n<\/ul>\n<h3 data-start=\"823\" data-end=\"857\"><strong data-start=\"831\" data-end=\"857\">Harmoniza\u00e7\u00e3o Perfeita:<\/strong><\/h3>\n<p data-start=\"858\" data-end=\"891\">O Lancers Ros\u00e9 vai muito bem com:<\/p>\n<ul data-start=\"892\" data-end=\"1073\">\n<li data-start=\"892\" data-end=\"938\">\n<p data-start=\"894\" data-end=\"938\">Pratos leves, como saladas e frutos do mar<\/p>\n<\/li>\n<li data-start=\"939\" data-end=\"957\">\n<p data-start=\"941\" data-end=\"957\">Queijos suaves<\/p>\n<\/li>\n<li data-start=\"958\" data-end=\"1018\">\n<p data-start=\"960\" data-end=\"1018\">Comida asi\u00e1tica, como sushi ou pratos levemente picantes<\/p>\n<\/li>\n<li data-start=\"1019\" data-end=\"1073\">\n<p data-start=\"1021\" data-end=\"1073\">Ou simplesmente como aperitivo, em dias ensolarados!<\/p>\n<\/li>\n<\/ul>\n<p>&nbsp;<\/p>\n<h3 data-start=\"1080\" data-end=\"1104\"><strong data-start=\"1087\" data-end=\"1104\">Ideal para&#8230;<\/strong><\/h3>\n<ul data-start=\"1105\" data-end=\"1208\">\n<li data-start=\"1105\" data-end=\"1126\">\n<p data-start=\"1107\" data-end=\"1126\">Brunch com amigos<\/p>\n<\/li>\n<li data-start=\"1127\" data-end=\"1142\">\n<p data-start=\"1129\" data-end=\"1142\">Piqueniques<\/p>\n<\/li>\n<li data-start=\"1143\" data-end=\"1168\">\n<p data-start=\"1145\" data-end=\"1168\">Fim de tarde no ver\u00e3o<\/p>\n<\/li>\n<li data-start=\"1169\" data-end=\"1208\">\n<p data-start=\"1171\" data-end=\"1208\">Celebra\u00e7\u00f5es informais e descontra\u00eddas<\/p>\n<\/li>\n<\/ul>\n","protected":false},"excerpt":{"rendered":"<p>Lancers Ros\u00e9: Um Cl\u00e1ssico Refrescante com Toque Moderno O Lancers Ros\u00e9 \u00e9 um vinho leve, fresco e frutado, perfeito para quem busca sabor e descontra\u00e7\u00e3o em um \u00fanico gole. Produzido em Portugal, ele conquistou o mundo com seu perfil vers\u00e1til e a ic\u00f4nica garrafa fosca que atravessa gera\u00e7\u00f5es. Origem: Portugal Tipo: Vinho ros\u00e9 frisante Gradua\u00e7\u00e3o [&hellip;]<\/p>\n","protected":false},"author":43538,"featured_media":232367,"comment_status":"closed","ping_status":"closed","template":"","meta":[],"pwb-brand":[],"product_brand":[],"product_cat":[9349,8431,8523,8927],"product_tag":[],"class_list":{"0":"post-232365","1":"product","2":"type-product","3":"status-publish","4":"has-post-thumbnail","6":"product_cat-vinho-rose-pt-pt-2","7":"product_cat-vinhos-pt-pt","8":"product_cat-vinho-rose","9":"product_cat-setubal-peninsula-pt-pt-vinho-rose","11":"first","12":"instock","13":"taxable","14":"shipping-taxable","15":"purchasable","16":"product-type-simple"},"aioseo_notices":[],"brands":[],"_links":{"self":[{"href":"https:\/\/www.delicias-uk.com\/pt-pt\/wp-json\/wp\/v2\/product\/232365","targetHints":{"allow":["GET"]}}],"collection":[{"href":"https:\/\/www.delicias-uk.com\/pt-pt\/wp-json\/wp\/v2\/product"}],"about":[{"href":"https:\/\/www.delicias-uk.com\/pt-pt\/wp-json\/wp\/v2\/types\/product"}],"author":[{"embeddable":true,"href":"https:\/\/www.delicias-uk.com\/pt-pt\/wp-json\/wp\/v2\/users\/43538"}],"replies":[{"embeddable":true,"href":"https:\/\/www.delicias-uk.com\/pt-pt\/wp-json\/wp\/v2\/comments?post=232365"}],"wp:featuredmedia":[{"embeddable":true,"href":"https:\/\/www.delicias-uk.com\/pt-pt\/wp-json\/wp\/v2\/media\/232367"}],"wp:attachment":[{"href":"https:\/\/www.delicias-uk.com\/pt-pt\/wp-json\/wp\/v2\/media?parent=232365"}],"wp:term":[{"taxonomy":"pwb-brand","embeddable":true,"href":"https:\/\/www.delicias-uk.com\/pt-pt\/wp-json\/wp\/v2\/pwb-brand?post=232365"},{"taxonomy":"product_brand","embeddable":true,"href":"https:\/\/www.delicias-uk.com\/pt-pt\/wp-json\/wp\/v2\/product_brand?post=232365"},{"taxonomy":"product_cat","embeddable":true,"href":"https:\/\/www.delicias-uk.com\/pt-pt\/wp-json\/wp\/v2\/product_cat?post=232365"},{"taxonomy":"product_tag","embeddable":true,"href":"https:\/\/www.delicias-uk.com\/pt-pt\/wp-json\/wp\/v2\/product_tag?post=232365"}],"curies":[{"name":"wp","href":"https:\/\/api.w.org\/{rel}","templated":true}]}}