{"id":232359,"date":"2025-07-30T17:03:27","date_gmt":"2025-07-30T16:03:27","guid":{"rendered":"https:\/\/www.delicias-uk.com\/?post_type=product&#038;p=232359"},"modified":"2025-09-17T11:16:23","modified_gmt":"2025-09-17T10:16:23","slug":"periquita-2023-75cl","status":"publish","type":"product","link":"https:\/\/www.delicias-uk.com\/pt-pt\/produto\/periquita-2023-75cl\/","title":{"rendered":"Periquita 2023 75cl"},"content":{"rendered":"<p data-start=\"209\" data-end=\"471\"><strong data-start=\"212\" data-end=\"237\">Vinho Tinto Periquita<\/strong><br data-start=\"237\" data-end=\"240\" \/>Um cl\u00e1ssico portugu\u00eas que nunca falha! O Periquita \u00e9 um vinho tinto cheio de personalidade, com notas de frutos vermelhos maduros, toques de especiarias e uma leve madeira que lhe d\u00e1 eleg\u00e2ncia. F\u00e1cil de gostar, f\u00e1cil de harmonizar!<\/p>\n<p data-start=\"473\" data-end=\"650\">Perfeito para acompanhar carnes grelhadas, queijos curados ou simplesmente para aquele copo ao fim do dia. Um vinho que junta tradi\u00e7\u00e3o, sabor e aquele charme bem portugu\u00eas<\/p>\n<ul data-start=\"552\" data-end=\"768\">\n<li data-start=\"552\" data-end=\"577\">\n<p data-start=\"554\" data-end=\"577\"><strong data-start=\"554\" data-end=\"563\">Tipo:<\/strong> Vinho tinto<\/p>\n<\/li>\n<li data-start=\"578\" data-end=\"595\">\n<p data-start=\"580\" data-end=\"595\"><strong data-start=\"598\" data-end=\"609\">Volume:<\/strong> 75cl<\/p>\n<\/li>\n<li data-start=\"617\" data-end=\"679\">\n<p data-start=\"619\" data-end=\"679\"><strong data-start=\"619\" data-end=\"629\">Sabor:<\/strong> Frutas vermelhas, ligeiras notas de especiarias<\/p>\n<\/li>\n<li data-start=\"680\" data-end=\"721\">\n<p data-start=\"682\" data-end=\"721\"><strong data-start=\"682\" data-end=\"692\">Corpo:<\/strong> M\u00e9dio, suave e equilibrado<\/p>\n<\/li>\n<li data-start=\"722\" data-end=\"768\">\n<p data-start=\"724\" data-end=\"768\"><strong data-start=\"724\" data-end=\"757\">Temperatura ideal de servi\u00e7o:<\/strong> 16\u201318 \u00b0C<\/p>\n<\/li>\n<\/ul>\n<p data-start=\"770\" data-end=\"894\">Leve para casa um verdadeiro cl\u00e1ssico portugu\u00eas, pronto para brindar momentos especiais ou simples encontros do dia a dia.<\/p>\n","protected":false},"excerpt":{"rendered":"<ul>\n<li data-start=\"88\" data-end=\"133\"><strong data-start=\"95\" data-end=\"133\">Um cl\u00e1ssico portugu\u00eas \u2013 desde 1850<\/strong><\/li>\n<li data-start=\"135\" data-end=\"232\">\n<p data-start=\"137\" data-end=\"232\"><strong data-start=\"140\" data-end=\"151\">Sabores<\/strong>: Frutos vermelhos maduros, leve toque de especiarias e notas suaves de madeira<\/p>\n<\/li>\n<li data-start=\"233\" data-end=\"313\">\n<p data-start=\"235\" data-end=\"313\"><strong data-start=\"238\" data-end=\"275\">Estagiado em barricas de carvalho<\/strong>, para mais profundidade e eleg\u00e2ncia<\/p>\n<\/li>\n<li data-start=\"314\" data-end=\"395\">\n<p data-start=\"316\" data-end=\"395\"><strong data-start=\"320\" data-end=\"345\">Combina\u00e7\u00f5es perfeitas<\/strong>: Carnes grelhadas, t\u00e1buas de queijos e enchidos<\/p>\n<\/li>\n<li data-start=\"396\" data-end=\"459\">\n<p data-start=\"398\" data-end=\"459\"><strong data-start=\"401\" data-end=\"419\">F\u00e1cil de beber<\/strong> \u2013 macio, equilibrado e agrada a todos<\/p>\n<\/li>\n<li data-start=\"460\" data-end=\"508\">\n<p data-start=\"462\" data-end=\"508\"><strong data-start=\"466\" data-end=\"490\">Tradi\u00e7\u00e3o e qualidade<\/strong> em cada garrafa<\/p>\n<\/li>\n<\/ul>\n","protected":false},"author":43538,"featured_media":232360,"comment_status":"closed","ping_status":"closed","template":"","meta":[],"pwb-brand":[],"product_brand":[],"product_cat":[8431,8449,8889],"product_tag":[],"class_list":{"0":"post-232359","1":"product","2":"type-product","3":"status-publish","4":"has-post-thumbnail","6":"product_cat-vinhos-pt-pt","7":"product_cat-vinho-tinto","8":"product_cat-setubal-peninsula-pt-pt","10":"first","11":"instock","12":"taxable","13":"shipping-taxable","14":"purchasable","15":"product-type-simple"},"aioseo_notices":[],"brands":[],"_links":{"self":[{"href":"https:\/\/www.delicias-uk.com\/pt-pt\/wp-json\/wp\/v2\/product\/232359","targetHints":{"allow":["GET"]}}],"collection":[{"href":"https:\/\/www.delicias-uk.com\/pt-pt\/wp-json\/wp\/v2\/product"}],"about":[{"href":"https:\/\/www.delicias-uk.com\/pt-pt\/wp-json\/wp\/v2\/types\/product"}],"author":[{"embeddable":true,"href":"https:\/\/www.delicias-uk.com\/pt-pt\/wp-json\/wp\/v2\/users\/43538"}],"replies":[{"embeddable":true,"href":"https:\/\/www.delicias-uk.com\/pt-pt\/wp-json\/wp\/v2\/comments?post=232359"}],"wp:featuredmedia":[{"embeddable":true,"href":"https:\/\/www.delicias-uk.com\/pt-pt\/wp-json\/wp\/v2\/media\/232360"}],"wp:attachment":[{"href":"https:\/\/www.delicias-uk.com\/pt-pt\/wp-json\/wp\/v2\/media?parent=232359"}],"wp:term":[{"taxonomy":"pwb-brand","embeddable":true,"href":"https:\/\/www.delicias-uk.com\/pt-pt\/wp-json\/wp\/v2\/pwb-brand?post=232359"},{"taxonomy":"product_brand","embeddable":true,"href":"https:\/\/www.delicias-uk.com\/pt-pt\/wp-json\/wp\/v2\/product_brand?post=232359"},{"taxonomy":"product_cat","embeddable":true,"href":"https:\/\/www.delicias-uk.com\/pt-pt\/wp-json\/wp\/v2\/product_cat?post=232359"},{"taxonomy":"product_tag","embeddable":true,"href":"https:\/\/www.delicias-uk.com\/pt-pt\/wp-json\/wp\/v2\/product_tag?post=232359"}],"curies":[{"name":"wp","href":"https:\/\/api.w.org\/{rel}","templated":true}]}}