{"id":232279,"date":"2025-07-29T17:09:32","date_gmt":"2025-07-29T16:09:32","guid":{"rendered":"https:\/\/www.delicias-uk.com\/?post_type=product&#038;p=232279"},"modified":"2026-02-03T11:24:59","modified_gmt":"2026-02-03T11:24:59","slug":"agua-mineral-alcalina-monchique-1-5lt","status":"publish","type":"product","link":"https:\/\/www.delicias-uk.com\/pt-pt\/produto\/agua-mineral-alcalina-monchique-1-5lt\/","title":{"rendered":"\u00c1gua Mineral Alcalina Monchique 1.5Lt"},"content":{"rendered":"<h3 data-section-id=\"gk961\" data-start=\"163\" data-end=\"236\">\u00c1gua Mineral Alcalina Monchique 1.5Lt \u2013 Natural e com pH 9.5<\/h3>\n<p data-start=\"238\" data-end=\"596\">A <strong data-start=\"240\" data-end=\"268\">\u00c1gua Monchique 10 Litros<\/strong> \u00e9 muito mais do que \u00e1gua \u2013 \u00e9 uma experi\u00eancia de bem-estar. Naturalmente alcalina, com pH 9.5, \u00e9 captada a cerca de 900 metros de profundidade na Serra de Monchique, em Portugal. A sua composi\u00e7\u00e3o \u00fanica contribui para o equil\u00edbrio do organismo, sendo reconhecida pelos seus benef\u00edcios antioxidantes e propriedades revitalizantes.<\/p>\n<h4 data-start=\"921\" data-end=\"955\">Benef\u00edcios da \u00c1gua Monchique:<\/h4>\n<ul data-start=\"956\" data-end=\"1356\">\n<li data-start=\"956\" data-end=\"1062\">\n<p data-start=\"958\" data-end=\"1062\"><strong data-start=\"958\" data-end=\"968\">pH 9.5<\/strong> \u2013 ajuda a equilibrar o pH do corpo, melhora a hidrata\u00e7\u00e3o e contribui para o bem-estar geral<\/p>\n<\/li>\n<li data-start=\"1063\" data-end=\"1158\">\n<p data-start=\"1065\" data-end=\"1158\"><strong data-start=\"1065\" data-end=\"1089\">Antioxidante natural<\/strong> \u2013 com ORP de -245 mV na capta\u00e7\u00e3o, combate o envelhecimento celular<\/p>\n<\/li>\n<li data-start=\"1159\" data-end=\"1243\">\n<p data-start=\"1161\" data-end=\"1243\"><strong data-start=\"1161\" data-end=\"1178\">Alta absor\u00e7\u00e3o<\/strong> \u2013 os clusters de 6 \u00e1tomos favorecem uma hidrata\u00e7\u00e3o mais eficaz<\/p>\n<\/li>\n<li data-start=\"1244\" data-end=\"1291\">\n<p data-start=\"1246\" data-end=\"1291\"><strong data-start=\"1246\" data-end=\"1262\">100% natural<\/strong> \u2013 sem tratamentos qu\u00edmicos<\/p>\n<\/li>\n<li data-start=\"1292\" data-end=\"1356\">\n<p data-start=\"1294\" data-end=\"1356\"><strong data-start=\"1294\" data-end=\"1328\">Captada em Caldas de Monchique<\/strong>, uma vila termal no Algarve<\/p>\n<\/li>\n<\/ul>\n","protected":false},"excerpt":{"rendered":"<ul>\n<li>\u00a0100% Natural \u2013 Sem qu\u00edmicos<\/li>\n<li>Antioxidante e revitalizante<\/li>\n<li>pH 9.5 \u2013 ajuda a equilibrar o pH do corpo<\/li>\n<\/ul>\n","protected":false},"author":43538,"featured_media":232281,"comment_status":"closed","ping_status":"closed","template":"","meta":[],"pwb-brand":[],"product_brand":[],"product_cat":[8289,8291,8423,8587],"product_tag":[],"class_list":{"0":"post-232279","1":"product","2":"type-product","3":"status-publish","4":"has-post-thumbnail","6":"product_cat-inicio","7":"product_cat-produtos-portugueses","8":"product_cat-bebidas-pt-pt","9":"product_cat-agua","11":"first","12":"instock","13":"taxable","14":"shipping-taxable","15":"purchasable","16":"product-type-simple"},"aioseo_notices":[],"brands":[],"_links":{"self":[{"href":"https:\/\/www.delicias-uk.com\/pt-pt\/wp-json\/wp\/v2\/product\/232279","targetHints":{"allow":["GET"]}}],"collection":[{"href":"https:\/\/www.delicias-uk.com\/pt-pt\/wp-json\/wp\/v2\/product"}],"about":[{"href":"https:\/\/www.delicias-uk.com\/pt-pt\/wp-json\/wp\/v2\/types\/product"}],"author":[{"embeddable":true,"href":"https:\/\/www.delicias-uk.com\/pt-pt\/wp-json\/wp\/v2\/users\/43538"}],"replies":[{"embeddable":true,"href":"https:\/\/www.delicias-uk.com\/pt-pt\/wp-json\/wp\/v2\/comments?post=232279"}],"wp:featuredmedia":[{"embeddable":true,"href":"https:\/\/www.delicias-uk.com\/pt-pt\/wp-json\/wp\/v2\/media\/232281"}],"wp:attachment":[{"href":"https:\/\/www.delicias-uk.com\/pt-pt\/wp-json\/wp\/v2\/media?parent=232279"}],"wp:term":[{"taxonomy":"pwb-brand","embeddable":true,"href":"https:\/\/www.delicias-uk.com\/pt-pt\/wp-json\/wp\/v2\/pwb-brand?post=232279"},{"taxonomy":"product_brand","embeddable":true,"href":"https:\/\/www.delicias-uk.com\/pt-pt\/wp-json\/wp\/v2\/product_brand?post=232279"},{"taxonomy":"product_cat","embeddable":true,"href":"https:\/\/www.delicias-uk.com\/pt-pt\/wp-json\/wp\/v2\/product_cat?post=232279"},{"taxonomy":"product_tag","embeddable":true,"href":"https:\/\/www.delicias-uk.com\/pt-pt\/wp-json\/wp\/v2\/product_tag?post=232279"}],"curies":[{"name":"wp","href":"https:\/\/api.w.org\/{rel}","templated":true}]}}