{"id":231917,"date":"2025-07-23T11:04:29","date_gmt":"2025-07-23T10:04:29","guid":{"rendered":"https:\/\/www.delicias-uk.com\/?post_type=product&#038;p=231917"},"modified":"2025-07-23T11:13:40","modified_gmt":"2025-07-23T10:13:40","slug":"pacheca-vintage-2018-75cl","status":"publish","type":"product","link":"https:\/\/www.delicias-uk.com\/pt-pt\/produto\/pacheca-vintage-2018-75cl\/","title":{"rendered":"Pacheca Vintage 2018 75cl"},"content":{"rendered":"<p data-start=\"50\" data-end=\"527\">Cor violeta profunda. No nariz revela-se excecionalmente complexo, com aromas intensos de frutos vermelhos maduros, belamente entrela\u00e7ados com notas frescas de resina de esteva e subtis nuances de frutos secos. No paladar \u00e9 elegante e bem equilibrado, apresentando \u00f3timo corpo e estrutura robusta sustentada por taninos firmes mas sedosos. Sabores de frutos silvestres maduros misturam-se com delicadas notas de especiarias, culminando num final fresco, refinado e persistente.<\/p>\n<p data-start=\"529\" data-end=\"673\" data-is-last-node=\"\" data-is-only-node=\"\"><strong data-start=\"529\" data-end=\"568\">\u00a0Conserva\u00e7\u00e3o e Servi\u00e7o:<\/strong><br data-start=\"568\" data-end=\"571\" \/>Armazenar horizontalmente a temperatura constante de 15\u00baC. Servir preferencialmente entre 15\u00baC e 18\u00baC.<\/p>\n","protected":false},"excerpt":{"rendered":"<ul>\n<li>Regi\u00e3o: Vinho Do Porto<\/li>\n<li>Tipo: Porto Vintage<\/li>\n<li>Vintagem: 2018<\/li>\n<li>\u00c1lcool: 20%<\/li>\n<\/ul>\n","protected":false},"author":43538,"featured_media":231919,"comment_status":"open","ping_status":"closed","template":"","meta":[],"pwb-brand":[],"product_brand":[],"product_cat":[8289,8291,8431,8589],"product_tag":[],"class_list":{"0":"post-231917","1":"product","2":"type-product","3":"status-publish","4":"has-post-thumbnail","6":"product_cat-inicio","7":"product_cat-produtos-portugueses","8":"product_cat-vinhos-pt-pt","9":"product_cat-porto","11":"first","12":"instock","13":"taxable","14":"shipping-taxable","15":"purchasable","16":"product-type-simple"},"aioseo_notices":[],"brands":[],"_links":{"self":[{"href":"https:\/\/www.delicias-uk.com\/pt-pt\/wp-json\/wp\/v2\/product\/231917","targetHints":{"allow":["GET"]}}],"collection":[{"href":"https:\/\/www.delicias-uk.com\/pt-pt\/wp-json\/wp\/v2\/product"}],"about":[{"href":"https:\/\/www.delicias-uk.com\/pt-pt\/wp-json\/wp\/v2\/types\/product"}],"author":[{"embeddable":true,"href":"https:\/\/www.delicias-uk.com\/pt-pt\/wp-json\/wp\/v2\/users\/43538"}],"replies":[{"embeddable":true,"href":"https:\/\/www.delicias-uk.com\/pt-pt\/wp-json\/wp\/v2\/comments?post=231917"}],"wp:featuredmedia":[{"embeddable":true,"href":"https:\/\/www.delicias-uk.com\/pt-pt\/wp-json\/wp\/v2\/media\/231919"}],"wp:attachment":[{"href":"https:\/\/www.delicias-uk.com\/pt-pt\/wp-json\/wp\/v2\/media?parent=231917"}],"wp:term":[{"taxonomy":"pwb-brand","embeddable":true,"href":"https:\/\/www.delicias-uk.com\/pt-pt\/wp-json\/wp\/v2\/pwb-brand?post=231917"},{"taxonomy":"product_brand","embeddable":true,"href":"https:\/\/www.delicias-uk.com\/pt-pt\/wp-json\/wp\/v2\/product_brand?post=231917"},{"taxonomy":"product_cat","embeddable":true,"href":"https:\/\/www.delicias-uk.com\/pt-pt\/wp-json\/wp\/v2\/product_cat?post=231917"},{"taxonomy":"product_tag","embeddable":true,"href":"https:\/\/www.delicias-uk.com\/pt-pt\/wp-json\/wp\/v2\/product_tag?post=231917"}],"curies":[{"name":"wp","href":"https:\/\/api.w.org\/{rel}","templated":true}]}}