{"id":231905,"date":"2025-07-23T10:44:55","date_gmt":"2025-07-23T09:44:55","guid":{"rendered":"https:\/\/www.delicias-uk.com\/?post_type=product&#038;p=231905"},"modified":"2025-07-23T11:49:39","modified_gmt":"2025-07-23T10:49:39","slug":"mel-de-cana-cha-bom-topdown-200g","status":"publish","type":"product","link":"https:\/\/www.delicias-uk.com\/pt-pt\/produto\/mel-de-cana-cha-bom-topdown-200g\/","title":{"rendered":"Mel de Cana Cha Bom Topdown 200g"},"content":{"rendered":"<p data-start=\"103\" data-end=\"214\">Mel de Cana Cha Bom Topdown 200g<br data-start=\"143\" data-end=\"146\" \/>O sabor aut\u00eantico da cana\u2011de\u2011a\u00e7\u00facar num formato pr\u00e1tico e delicioso.<\/p>\n<p data-start=\"216\" data-end=\"603\">Um melado denso e cheio de sabor, perfeito para ado\u00e7ar de forma natural e rica. Feito exclusivamente com cana\u2011de\u2011a\u00e7\u00facar, sem aditivos, o Melado Cha\u202fBom oferece uma do\u00e7ura caramelizada, com notas tostadas que lembram rapadura. Ideal para usar em panquecas, iogurtes, sobremesas, p\u00e3es ou drinks. Seu formato \u201ctopdown\u201d permite servir at\u00e9 o \u00faltimo fio de melado com facilidade e praticidade.<\/p>\n<p data-start=\"605\" data-end=\"640\"><strong data-start=\"605\" data-end=\"638\">\u2705 Caracter\u00edsticas principais:<\/strong><\/p>\n<ul data-start=\"641\" data-end=\"788\">\n<li data-start=\"641\" data-end=\"691\">\n<p data-start=\"643\" data-end=\"691\">100% cana\u2011de\u2011a\u00e7\u00facar, sem ado\u00e7antes artificiais<\/p>\n<\/li>\n<li data-start=\"692\" data-end=\"737\">\n<p data-start=\"694\" data-end=\"737\">Sabor intenso com leve fundo caramelizado<\/p>\n<\/li>\n<li data-start=\"738\" data-end=\"788\">\n<p data-start=\"740\" data-end=\"788\">Embalagem invertida para uso f\u00e1cil e confort\u00e1vel<\/p>\n<\/li>\n<\/ul>\n<p data-start=\"790\" data-end=\"813\"><strong data-start=\"790\" data-end=\"811\">Sugest\u00f5es de uso:<\/strong><\/p>\n<ul data-start=\"814\" data-end=\"965\">\n<li data-start=\"814\" data-end=\"862\">\n<p data-start=\"816\" data-end=\"862\">Misture com iogurte natural ou queijo fresco<\/p>\n<\/li>\n<li data-start=\"863\" data-end=\"904\">\n<p data-start=\"865\" data-end=\"904\">Finalize waffles, panquecas ou crepes<\/p>\n<\/li>\n<li data-start=\"905\" data-end=\"930\">\n<p data-start=\"907\" data-end=\"930\">Adoce bebidas quentes<\/p>\n<\/li>\n<li data-start=\"931\" data-end=\"965\">\n<p data-start=\"933\" data-end=\"965\">Use como cobertura de sobremesas<\/p>\n<\/li>\n<\/ul>\n<p data-start=\"967\" data-end=\"1071\"><strong data-start=\"967\" data-end=\"979\">Formato:<\/strong> 200\u202fg \u2013 ideal para uso dom\u00e9stico, em caf\u00e9s, ou como toque gourmet em receitas do dia a dia.<\/p>\n","protected":false},"excerpt":{"rendered":"<ul>\n<li data-start=\"643\" data-end=\"691\">100% cana\u2011de\u2011a\u00e7\u00facar, sem ado\u00e7antes artificiais<\/li>\n<li data-start=\"694\" data-end=\"737\">Sabor intenso com leve fundo caramelizado<\/li>\n<li data-start=\"694\" data-end=\"737\">Embalagem invertida para uso f\u00e1cil e confort\u00e1vel<\/li>\n<\/ul>\n","protected":false},"author":43538,"featured_media":231910,"comment_status":"open","ping_status":"closed","template":"","meta":[],"pwb-brand":[],"product_brand":[],"product_cat":[8291,8351,8561,8293,8367,8541,8499],"product_tag":[],"class_list":{"0":"post-231905","1":"product","2":"type-product","3":"status-publish","4":"has-post-thumbnail","6":"product_cat-produtos-portugueses","7":"product_cat-cafe-cha-acucar","8":"product_cat-acucar-adocante","9":"product_cat-produtos-brasileiros","10":"product_cat-cafe-cha-acucar-pt-pt","11":"product_cat-acucar-adocantes","12":"product_cat-sem-glutem","14":"first","15":"instock","16":"taxable","17":"shipping-taxable","18":"purchasable","19":"product-type-simple"},"aioseo_notices":[],"brands":[],"_links":{"self":[{"href":"https:\/\/www.delicias-uk.com\/pt-pt\/wp-json\/wp\/v2\/product\/231905","targetHints":{"allow":["GET"]}}],"collection":[{"href":"https:\/\/www.delicias-uk.com\/pt-pt\/wp-json\/wp\/v2\/product"}],"about":[{"href":"https:\/\/www.delicias-uk.com\/pt-pt\/wp-json\/wp\/v2\/types\/product"}],"author":[{"embeddable":true,"href":"https:\/\/www.delicias-uk.com\/pt-pt\/wp-json\/wp\/v2\/users\/43538"}],"replies":[{"embeddable":true,"href":"https:\/\/www.delicias-uk.com\/pt-pt\/wp-json\/wp\/v2\/comments?post=231905"}],"wp:featuredmedia":[{"embeddable":true,"href":"https:\/\/www.delicias-uk.com\/pt-pt\/wp-json\/wp\/v2\/media\/231910"}],"wp:attachment":[{"href":"https:\/\/www.delicias-uk.com\/pt-pt\/wp-json\/wp\/v2\/media?parent=231905"}],"wp:term":[{"taxonomy":"pwb-brand","embeddable":true,"href":"https:\/\/www.delicias-uk.com\/pt-pt\/wp-json\/wp\/v2\/pwb-brand?post=231905"},{"taxonomy":"product_brand","embeddable":true,"href":"https:\/\/www.delicias-uk.com\/pt-pt\/wp-json\/wp\/v2\/product_brand?post=231905"},{"taxonomy":"product_cat","embeddable":true,"href":"https:\/\/www.delicias-uk.com\/pt-pt\/wp-json\/wp\/v2\/product_cat?post=231905"},{"taxonomy":"product_tag","embeddable":true,"href":"https:\/\/www.delicias-uk.com\/pt-pt\/wp-json\/wp\/v2\/product_tag?post=231905"}],"curies":[{"name":"wp","href":"https:\/\/api.w.org\/{rel}","templated":true}]}}