{"id":231885,"date":"2025-07-23T09:29:56","date_gmt":"2025-07-23T08:29:56","guid":{"rendered":"https:\/\/www.delicias-uk.com\/?post_type=product&#038;p=231885"},"modified":"2025-07-23T09:43:03","modified_gmt":"2025-07-23T08:43:03","slug":"from-portugal-with-flavour-picnic-bag","status":"publish","type":"product","link":"https:\/\/www.delicias-uk.com\/pt-pt\/produto\/from-portugal-with-flavour-picnic-bag\/","title":{"rendered":"From Portugal, with Flavour PicNic Bag"},"content":{"rendered":"<p>From Portugal, with Flavour PicNic Bag<\/p>\n<p>Um piquenique com o verdadeiro car\u00e1ter portugu\u00eas, banhado pelo sol.<\/p>\n<p>Leve a ess\u00eancia de Portugal para o seu pr\u00f3ximo piquenique com esta sele\u00e7\u00e3o cuidadosamente escolhida de sabores cl\u00e1ssicos. Desde a cremosidade do tradicional queijo de ovelha at\u00e9 ao sabor marcante dos enchidos defumados e \u00e0 do\u00e7ura refrescante do sumo de laranja do Algarve, esta bolsa de piquenique oferece uma deliciosa viagem pela heran\u00e7a gastron\u00f3mica portuguesa \u2014 sem necessidade de vinho.<\/p>\n<p>Perfeita para piqueniques em fam\u00edlia, momentos tranquilos ou dias ensolarados no parque, \u00e9 saborosa, partilh\u00e1vel e 100% portuguesa.<\/p>\n<p><strong>O que inclui:<\/strong><\/p>\n<ul>\n<li><strong>Queijo de Ovelha Amanteigado \u2013 Queijaria S\u00e3o Rom\u00e3o (~550g):<\/strong> macio, f\u00e1cil de barrar e com sabor aut\u00eantico.<\/li>\n<li><strong>Presunto Reserva \u2013 Porminho (100g):<\/strong> presunto curado e maturado, fatiado e pronto a saborear.<\/li>\n<li><strong>Mini Chouri\u00e7o Snacks \u2013 Porminho (100g):<\/strong> petiscos defumados e saborosos, ideais para saborear em qualquer lugar.<\/li>\n<li><strong>Mini Torradas Grill \u2013 Pacote Familiar (240g):<\/strong> crocantes e douradas \u2013 os companheiros perfeitos para queijo e presunto.<\/li>\n<li><strong>Sumo de Laranja do Algarve Compal (1L):<\/strong> doce e c\u00edtrico, feito com laranjas amadurecidas ao sol \u2013 puro sol em garrafa.<\/li>\n<\/ul>\n<p><strong>Ideal para:<\/strong><\/p>\n<ul>\n<li>Piqueniques sem \u00e1lcool<\/li>\n<li>Passeios em fam\u00edlia ou mimos de fim de semana<\/li>\n<li>Partilhar sabores portugueses em qualquer lugar<\/li>\n<li>Oferecer um presente com sabor aut\u00eantico<\/li>\n<\/ul>\n<p><strong>Conte\u00fado da Cesta:<\/strong><\/p>\n<ul>\n<li>1 unidade Queijo de Ovelha Amanteigado S\u00e3o Rom\u00e3o +\/-550g (ref: DAIC-SHE1714)<\/li>\n<li>1 unidade Presunto Reserva Porminho Fatiado 100g (ref: CHA-PRE0470)<\/li>\n<li>1 unidade Mini Chouri\u00e7o Snacks Porminho 100g (ref: CHA-CHR0322)<\/li>\n<li>1 unidade Mini Torradas Diatosta Grill Pacote Familiar 240g (ref: GRO-TST5228)<\/li>\n<li>1 unidade Sumo de Laranja do Algarve Compal 1L (ref: DRI-JUI2057)<\/li>\n<li>1 bolsa<\/li>\n<\/ul>\n<p><em>Nota: os produtos individuais podem ser substitu\u00eddos conforme a disponibilidade.<\/em><\/p>\n<p>&nbsp;<\/p>\n<p>&nbsp;<\/p>\n<p>&nbsp;<\/p>\n<p>&nbsp;<\/p>\n","protected":false},"excerpt":{"rendered":"<ul>\n<li data-start=\"83\" data-end=\"194\"><strong data-start=\"83\" data-end=\"146\">Queijo de Ovelha Amanteigado \u2013 Queijaria S\u00e3o Rom\u00e3o (~550g):<\/strong> macio, f\u00e1cil de barrar e com sabor aut\u00eantico.<\/li>\n<li data-start=\"197\" data-end=\"295\"><strong data-start=\"197\" data-end=\"236\">Presunto Reserva \u2013 Porminho (100g):<\/strong> presunto curado e maturado, fatiado e pronto a saborear.<\/li>\n<li data-start=\"298\" data-end=\"409\"><strong data-start=\"298\" data-end=\"341\">Mini Chouri\u00e7o Snacks \u2013 Porminho (100g):<\/strong> petiscos defumados e saborosos \u2013 perfeitos para qualquer momento.<\/li>\n<li data-start=\"412\" data-end=\"522\"><strong data-start=\"412\" data-end=\"461\">Mini Torradas Grill \u2013 Pacote Familiar (240g):<\/strong> crocantes e douradas \u2013 o par ideal para queijo e presunto.<\/li>\n<li data-start=\"525\" data-end=\"646\"><strong data-start=\"525\" data-end=\"568\">Sumo de Laranja do Algarve Compal (1L):<\/strong> doce e c\u00edtrico, feito com laranjas amadurecidas ao sol \u2013 puro sol em garrafa.<\/li>\n<\/ul>\n","protected":false},"author":43538,"featured_media":231888,"comment_status":"open","ping_status":"closed","template":"","meta":[],"pwb-brand":[],"product_brand":[],"product_cat":[8289,8291,8447,8293,8439,8435],"product_tag":[],"class_list":{"0":"post-231885","1":"product","2":"type-product","3":"status-publish","4":"has-post-thumbnail","6":"product_cat-inicio","7":"product_cat-produtos-portugueses","8":"product_cat-cabazes-pt-pt-produtos-portugueses","9":"product_cat-produtos-brasileiros","10":"product_cat-cabazes-pt-pt-produtos-brasileiros","11":"product_cat-cabazes-pt-pt","13":"first","14":"instock","15":"taxable","16":"shipping-taxable","17":"purchasable","18":"product-type-simple"},"aioseo_notices":[],"brands":[],"_links":{"self":[{"href":"https:\/\/www.delicias-uk.com\/pt-pt\/wp-json\/wp\/v2\/product\/231885","targetHints":{"allow":["GET"]}}],"collection":[{"href":"https:\/\/www.delicias-uk.com\/pt-pt\/wp-json\/wp\/v2\/product"}],"about":[{"href":"https:\/\/www.delicias-uk.com\/pt-pt\/wp-json\/wp\/v2\/types\/product"}],"author":[{"embeddable":true,"href":"https:\/\/www.delicias-uk.com\/pt-pt\/wp-json\/wp\/v2\/users\/43538"}],"replies":[{"embeddable":true,"href":"https:\/\/www.delicias-uk.com\/pt-pt\/wp-json\/wp\/v2\/comments?post=231885"}],"wp:featuredmedia":[{"embeddable":true,"href":"https:\/\/www.delicias-uk.com\/pt-pt\/wp-json\/wp\/v2\/media\/231888"}],"wp:attachment":[{"href":"https:\/\/www.delicias-uk.com\/pt-pt\/wp-json\/wp\/v2\/media?parent=231885"}],"wp:term":[{"taxonomy":"pwb-brand","embeddable":true,"href":"https:\/\/www.delicias-uk.com\/pt-pt\/wp-json\/wp\/v2\/pwb-brand?post=231885"},{"taxonomy":"product_brand","embeddable":true,"href":"https:\/\/www.delicias-uk.com\/pt-pt\/wp-json\/wp\/v2\/product_brand?post=231885"},{"taxonomy":"product_cat","embeddable":true,"href":"https:\/\/www.delicias-uk.com\/pt-pt\/wp-json\/wp\/v2\/product_cat?post=231885"},{"taxonomy":"product_tag","embeddable":true,"href":"https:\/\/www.delicias-uk.com\/pt-pt\/wp-json\/wp\/v2\/product_tag?post=231885"}],"curies":[{"name":"wp","href":"https:\/\/api.w.org\/{rel}","templated":true}]}}