{"id":231793,"date":"2025-07-21T11:57:52","date_gmt":"2025-07-21T10:57:52","guid":{"rendered":"https:\/\/www.delicias-uk.com\/?post_type=product&#038;p=231793"},"modified":"2026-03-28T15:20:58","modified_gmt":"2026-03-28T15:20:58","slug":"kit-de-salgadinhos-artesanais-uma-selecao-de-sabores-tradicionais","status":"publish","type":"product","link":"https:\/\/www.delicias-uk.com\/pt-pt\/produto\/kit-de-salgadinhos-artesanais-uma-selecao-de-sabores-tradicionais\/","title":{"rendered":"Kit de Salgadinhos Artesanais \u2013 Uma sele\u00e7\u00e3o de sabores tradicionais"},"content":{"rendered":"<p><strong>Kit de Salgadinhos Artesanais \u2013 Uma sele\u00e7\u00e3o de sabores tradicionais<\/strong><\/p>\n<p>Descubra uma experi\u00eancia gastron\u00f4mica aut\u00eantica com o nosso <strong>Kit de Salgadinhos Artesanais<\/strong>, cuidadosamente elaborado para surpreender os paladares mais exigentes. Cada unidade \u00e9 preparada com ingredientes de alta qualidade e t\u00e9cnicas artesanais, valorizando o sabor, a textura e a tradi\u00e7\u00e3o.<\/p>\n<p>Perfeito para festas, encontros ou aquele lanche especial, o nosso <strong>Kit de Salgadinhos Artesanais <\/strong>re\u00fane os sabores mais amados da culin\u00e1ria brasileira e portuguesa. Uma combina\u00e7\u00e3o irresist\u00edvel para agradar todos os paladares!<\/p>\n<p>Este kit exclusivo inclui:<\/p>\n<ul>\n<li><strong>Coxinha de Galinha<\/strong>: Cl\u00e1ssica e sempre deliciosa, com massa leve e recheio suculento de frango temperado. (<em><strong>Coxinha de Galinha Congelada Prosilar 40g x 12<\/strong><\/em> \u2013 ref. code: FRZ-SAV3396)<\/li>\n<li><strong>Rissol de Queijo<\/strong>: Cremoso por dentro, crocante por fora \u2013 uma explos\u00e3o de sabor para os amantes de queijo. (<em><strong>Riss\u00f3is de Queijo Congelado Prosilar 37g x 10<\/strong><\/em> \u2013 ref. code: FRZ-SAV3441)<\/li>\n<li><strong>Rissol de Carne<\/strong>: Massa macia recheada com carne bem temperada e suculenta. (<em><strong>Riss\u00f3is de Carne Congelado Prosilar 40g x 12<\/strong><\/em> \u2013 ref. code: FRZ-SAV3436)<\/li>\n<li><strong>Rissol de Camar\u00e3o<\/strong>: Um toque do mar com camar\u00e3o refogado e envolvido em um creme saboroso. (<em><strong>Riss\u00f3is de Camar\u00e3o Congelado Prosilar 40g x 12<\/strong><\/em> \u2013 ref. code: FRZ-SAV3434)<\/li>\n<li><strong>Croquete de Carne<\/strong>: Textura perfeita e sabor marcante, com carne desfiada temperada e empanada com croc\u00e2ncia. (<em><strong>Croquetes de Carne Congelado Prosilar 38g x 12<\/strong><\/em> \u2013 ref. code: FRZ-SAV3400)<\/li>\n<li><strong>Pastel de Bacalhau<\/strong>: Uma receita tradicional com bacalhau de verdade, batatas e temperos na medida certa. (<em><strong>Past\u00e9is de Bacalhau Congelado Sr. Bacalhau 30g x 12<\/strong><\/em> \u2013 ref. code: FRZ-SAV3419)<\/li>\n<\/ul>\n<p>&nbsp;<\/p>\n<p>Todos os salgadinhos s\u00e3o <strong>congelados<\/strong>, prontos para serem <strong>fritos ou assados<\/strong> conforme sua prefer\u00eancia.<\/p>\n<p><strong>\u00a0<\/strong><\/p>\n<p><strong>Praticidade e sabor na medida certa!<\/strong><\/p>\n","protected":false},"excerpt":{"rendered":"<ul>\n<li>Elaborado para surpreender os paladares mais exigentes<\/li>\n<li>Ingredientes de alta qualidade<\/li>\n<li>Inclui 6 variedades de salgadinhos artesanais: Coxinha de Galinha| Rissol de Queijo | Rissol de Carne | Rissol de Camar\u00e3o | Croquete de Carne | Pastel de Bacalhau<\/li>\n<\/ul>\n","protected":false},"author":43538,"featured_media":231777,"comment_status":"closed","ping_status":"closed","template":"","meta":[],"pwb-brand":[],"product_brand":[],"product_cat":[8305,8413],"product_tag":[],"class_list":{"0":"post-231793","1":"product","2":"type-product","3":"status-publish","4":"has-post-thumbnail","6":"product_cat-produtos-congelados","7":"product_cat-salgado-congelado","9":"first","10":"instock","11":"taxable","12":"shipping-taxable","13":"purchasable","14":"product-type-simple"},"aioseo_notices":[],"brands":[],"_links":{"self":[{"href":"https:\/\/www.delicias-uk.com\/pt-pt\/wp-json\/wp\/v2\/product\/231793","targetHints":{"allow":["GET"]}}],"collection":[{"href":"https:\/\/www.delicias-uk.com\/pt-pt\/wp-json\/wp\/v2\/product"}],"about":[{"href":"https:\/\/www.delicias-uk.com\/pt-pt\/wp-json\/wp\/v2\/types\/product"}],"author":[{"embeddable":true,"href":"https:\/\/www.delicias-uk.com\/pt-pt\/wp-json\/wp\/v2\/users\/43538"}],"replies":[{"embeddable":true,"href":"https:\/\/www.delicias-uk.com\/pt-pt\/wp-json\/wp\/v2\/comments?post=231793"}],"wp:featuredmedia":[{"embeddable":true,"href":"https:\/\/www.delicias-uk.com\/pt-pt\/wp-json\/wp\/v2\/media\/231777"}],"wp:attachment":[{"href":"https:\/\/www.delicias-uk.com\/pt-pt\/wp-json\/wp\/v2\/media?parent=231793"}],"wp:term":[{"taxonomy":"pwb-brand","embeddable":true,"href":"https:\/\/www.delicias-uk.com\/pt-pt\/wp-json\/wp\/v2\/pwb-brand?post=231793"},{"taxonomy":"product_brand","embeddable":true,"href":"https:\/\/www.delicias-uk.com\/pt-pt\/wp-json\/wp\/v2\/product_brand?post=231793"},{"taxonomy":"product_cat","embeddable":true,"href":"https:\/\/www.delicias-uk.com\/pt-pt\/wp-json\/wp\/v2\/product_cat?post=231793"},{"taxonomy":"product_tag","embeddable":true,"href":"https:\/\/www.delicias-uk.com\/pt-pt\/wp-json\/wp\/v2\/product_tag?post=231793"}],"curies":[{"name":"wp","href":"https:\/\/api.w.org\/{rel}","templated":true}]}}