{"id":231569,"date":"2025-07-16T12:40:30","date_gmt":"2025-07-16T11:40:30","guid":{"rendered":"https:\/\/www.delicias-uk.com\/?post_type=product&#038;p=231569"},"modified":"2026-02-24T11:55:02","modified_gmt":"2026-02-24T11:55:02","slug":"acai-em-tubo-natuzon-85g","status":"publish","type":"product","link":"https:\/\/www.delicias-uk.com\/pt-pt\/produto\/acai-em-tubo-natuzon-85g\/","title":{"rendered":"A\u00e7a\u00ed em Tubo Natuzon 85g"},"content":{"rendered":"<p><strong data-start=\"96\" data-end=\"168\">Descubra o poder da Amaz\u00f4nia com o A\u00e7a\u00ed Org\u00e2nico em Tube da Natuzon!<\/strong><br data-start=\"168\" data-end=\"171\" \/>Cada por\u00e7\u00e3o de 85g \u00e9 feita com a\u00e7a\u00ed org\u00e2nico premium, rico em antioxidantes e vitaminas essenciais. Naturalmente cremoso e refrescante, \u00e9 o snack ideal para levar onde quiser \u2014 uma explos\u00e3o de energia saud\u00e1vel e saborosa a qualquer hora do dia.<\/p>\n","protected":false},"excerpt":{"rendered":"<ul>\n<li>Por\u00e7\u00e3o de 85g<\/li>\n<li>A\u00e7a\u00ed org\u00e2nico premium<\/li>\n<li>Rico em antioxidantes e vitaminas essenciais<\/li>\n<li>Naturalmente cremoso e refrescante<\/li>\n<li>Snack ideal para levar onde quiser<\/li>\n<\/ul>\n","protected":false},"author":43538,"featured_media":231571,"comment_status":"closed","ping_status":"closed","template":"","meta":[],"pwb-brand":[9226],"product_brand":[],"product_cat":[9223,8293,8305,8383],"product_tag":[],"class_list":{"0":"post-231569","1":"product","2":"type-product","3":"status-publish","4":"has-post-thumbnail","6":"pwb-brand-natuzon","7":"product_cat-acai-pt-pt","8":"product_cat-produtos-brasileiros","9":"product_cat-produtos-congelados","10":"product_cat-sorvete-e-sorbet-congelado","12":"first","13":"instock","14":"taxable","15":"shipping-taxable","16":"purchasable","17":"product-type-simple"},"aioseo_notices":[],"brands":[{"id":9226,"name":"Natuzon","slug":"natuzon"}],"_links":{"self":[{"href":"https:\/\/www.delicias-uk.com\/pt-pt\/wp-json\/wp\/v2\/product\/231569","targetHints":{"allow":["GET"]}}],"collection":[{"href":"https:\/\/www.delicias-uk.com\/pt-pt\/wp-json\/wp\/v2\/product"}],"about":[{"href":"https:\/\/www.delicias-uk.com\/pt-pt\/wp-json\/wp\/v2\/types\/product"}],"author":[{"embeddable":true,"href":"https:\/\/www.delicias-uk.com\/pt-pt\/wp-json\/wp\/v2\/users\/43538"}],"replies":[{"embeddable":true,"href":"https:\/\/www.delicias-uk.com\/pt-pt\/wp-json\/wp\/v2\/comments?post=231569"}],"wp:featuredmedia":[{"embeddable":true,"href":"https:\/\/www.delicias-uk.com\/pt-pt\/wp-json\/wp\/v2\/media\/231571"}],"wp:attachment":[{"href":"https:\/\/www.delicias-uk.com\/pt-pt\/wp-json\/wp\/v2\/media?parent=231569"}],"wp:term":[{"taxonomy":"pwb-brand","embeddable":true,"href":"https:\/\/www.delicias-uk.com\/pt-pt\/wp-json\/wp\/v2\/pwb-brand?post=231569"},{"taxonomy":"product_brand","embeddable":true,"href":"https:\/\/www.delicias-uk.com\/pt-pt\/wp-json\/wp\/v2\/product_brand?post=231569"},{"taxonomy":"product_cat","embeddable":true,"href":"https:\/\/www.delicias-uk.com\/pt-pt\/wp-json\/wp\/v2\/product_cat?post=231569"},{"taxonomy":"product_tag","embeddable":true,"href":"https:\/\/www.delicias-uk.com\/pt-pt\/wp-json\/wp\/v2\/product_tag?post=231569"}],"curies":[{"name":"wp","href":"https:\/\/api.w.org\/{rel}","templated":true}]}}