{"id":231552,"date":"2025-07-16T15:12:43","date_gmt":"2025-07-16T14:12:43","guid":{"rendered":"https:\/\/www.delicias-uk.com\/?post_type=product&#038;p=231552"},"modified":"2026-04-18T08:47:35","modified_gmt":"2026-04-18T07:47:35","slug":"pao-de-queijo-coquetel-rico-1kg","status":"publish","type":"product","link":"https:\/\/www.delicias-uk.com\/pt-pt\/produto\/pao-de-queijo-coquetel-rico-1kg\/","title":{"rendered":"P\u00e3o de Queijo Coquetel Rico 1Kg"},"content":{"rendered":"<p><strong>P\u00e3o de Queijo Cocktail Congelado \u2013 Embalagem 1kg <\/strong><\/p>\n<p>O aut\u00eantico sabor brasileiro em tamanho ideal para qualquer ocasi\u00e3o! P\u00e3o de Queijo Cocktail \u00e9 feito com ingredientes selecionados, como queijo de verdade e polvilho de alta qualidade, garantindo a textura perfeita: casquinha crocante por fora e interior macio e cremoso.<\/p>\n<p><strong>Tamanho ideal<\/strong>: Cada p\u00e3o de queijo pesa aproximadamente 15g, ideal para festas, coffee breaks, caf\u00e9s da manh\u00e3 ou lanches r\u00e1pidos.<\/p>\n<p><strong>Modo de preparo<\/strong>:<\/p>\n<ul>\n<li><strong>N\u00e3o precisa descongelar<\/strong>.<\/li>\n<li>Preaque\u00e7a o forno a 180\u2013200\u00b0C.<\/li>\n<li>Asse por 20\u201325 minutos ou at\u00e9 dourar.<\/li>\n<li>Sirva quentinho!<\/li>\n<li><\/li>\n<\/ul>\n<p><strong>Benef\u00edcios<\/strong>:<br \/>\n\u2714 Sem gl\u00faten<br \/>\n\u2714 Sem corantes artificiais<br \/>\n\u2714 Produto congelado de f\u00e1cil preparo<br \/>\n\u2714 Embalagem pr\u00e1tica com 1kg<\/p>\n","protected":false},"excerpt":{"rendered":"<ul>\n<li>Peso l\u00edquido 1kg<\/li>\n<li>15g cada<\/li>\n<li>Produto congelado<\/li>\n<li>Sem gl\u00faten<\/li>\n<li>Ideal para caf\u00e9 da manh\u00e3 ou lanche<\/li>\n<\/ul>\n","protected":false},"author":43538,"featured_media":231581,"comment_status":"closed","ping_status":"closed","template":"","meta":[],"pwb-brand":[],"product_brand":[],"product_cat":[9204,8293,8305,8313],"product_tag":[],"class_list":{"0":"post-231552","1":"product","2":"type-product","3":"status-publish","4":"has-post-thumbnail","6":"product_cat-pao-de-queijo","7":"product_cat-produtos-brasileiros","8":"product_cat-produtos-congelados","9":"product_cat-pao-congelado","11":"first","12":"instock","13":"taxable","14":"shipping-taxable","15":"purchasable","16":"product-type-simple"},"aioseo_notices":[],"brands":[],"_links":{"self":[{"href":"https:\/\/www.delicias-uk.com\/pt-pt\/wp-json\/wp\/v2\/product\/231552","targetHints":{"allow":["GET"]}}],"collection":[{"href":"https:\/\/www.delicias-uk.com\/pt-pt\/wp-json\/wp\/v2\/product"}],"about":[{"href":"https:\/\/www.delicias-uk.com\/pt-pt\/wp-json\/wp\/v2\/types\/product"}],"author":[{"embeddable":true,"href":"https:\/\/www.delicias-uk.com\/pt-pt\/wp-json\/wp\/v2\/users\/43538"}],"replies":[{"embeddable":true,"href":"https:\/\/www.delicias-uk.com\/pt-pt\/wp-json\/wp\/v2\/comments?post=231552"}],"wp:featuredmedia":[{"embeddable":true,"href":"https:\/\/www.delicias-uk.com\/pt-pt\/wp-json\/wp\/v2\/media\/231581"}],"wp:attachment":[{"href":"https:\/\/www.delicias-uk.com\/pt-pt\/wp-json\/wp\/v2\/media?parent=231552"}],"wp:term":[{"taxonomy":"pwb-brand","embeddable":true,"href":"https:\/\/www.delicias-uk.com\/pt-pt\/wp-json\/wp\/v2\/pwb-brand?post=231552"},{"taxonomy":"product_brand","embeddable":true,"href":"https:\/\/www.delicias-uk.com\/pt-pt\/wp-json\/wp\/v2\/product_brand?post=231552"},{"taxonomy":"product_cat","embeddable":true,"href":"https:\/\/www.delicias-uk.com\/pt-pt\/wp-json\/wp\/v2\/product_cat?post=231552"},{"taxonomy":"product_tag","embeddable":true,"href":"https:\/\/www.delicias-uk.com\/pt-pt\/wp-json\/wp\/v2\/product_tag?post=231552"}],"curies":[{"name":"wp","href":"https:\/\/api.w.org\/{rel}","templated":true}]}}