{"id":231438,"date":"2025-07-15T11:09:35","date_gmt":"2025-07-15T10:09:35","guid":{"rendered":"https:\/\/www.delicias-uk.com\/?post_type=product&#038;p=231438"},"modified":"2026-02-24T11:54:28","modified_gmt":"2026-02-24T11:54:28","slug":"sorbet-acai-original-polpanorte-500g","status":"publish","type":"product","link":"https:\/\/www.delicias-uk.com\/pt-pt\/produto\/sorbet-acai-original-polpanorte-500g\/","title":{"rendered":"Sorbet A\u00e7a\u00ed Original Polpanorte 500g"},"content":{"rendered":"<p>Pote da deliciosa mistura de A\u00e7a\u00ed Polpanorte com Guaran\u00e1. Tamanho ideal para quem gosta de compartilhar com quem ama.<\/p>\n","protected":false},"excerpt":{"rendered":"<ul>\n<li>A\u00e7a\u00ed com Guaran\u00e1<\/li>\n<li>Peso: 500g<\/li>\n<li>Marca: Polpanorte<\/li>\n<\/ul>\n","protected":false},"author":43538,"featured_media":231437,"comment_status":"closed","ping_status":"closed","template":"","meta":[],"pwb-brand":[],"product_brand":[],"product_cat":[9223,8293,8305,8383],"product_tag":[],"class_list":{"0":"post-231438","1":"product","2":"type-product","3":"status-publish","4":"has-post-thumbnail","6":"product_cat-acai-pt-pt","7":"product_cat-produtos-brasileiros","8":"product_cat-produtos-congelados","9":"product_cat-sorvete-e-sorbet-congelado","11":"first","12":"instock","13":"taxable","14":"shipping-taxable","15":"purchasable","16":"product-type-simple"},"aioseo_notices":[],"brands":[],"_links":{"self":[{"href":"https:\/\/www.delicias-uk.com\/pt-pt\/wp-json\/wp\/v2\/product\/231438","targetHints":{"allow":["GET"]}}],"collection":[{"href":"https:\/\/www.delicias-uk.com\/pt-pt\/wp-json\/wp\/v2\/product"}],"about":[{"href":"https:\/\/www.delicias-uk.com\/pt-pt\/wp-json\/wp\/v2\/types\/product"}],"author":[{"embeddable":true,"href":"https:\/\/www.delicias-uk.com\/pt-pt\/wp-json\/wp\/v2\/users\/43538"}],"replies":[{"embeddable":true,"href":"https:\/\/www.delicias-uk.com\/pt-pt\/wp-json\/wp\/v2\/comments?post=231438"}],"wp:featuredmedia":[{"embeddable":true,"href":"https:\/\/www.delicias-uk.com\/pt-pt\/wp-json\/wp\/v2\/media\/231437"}],"wp:attachment":[{"href":"https:\/\/www.delicias-uk.com\/pt-pt\/wp-json\/wp\/v2\/media?parent=231438"}],"wp:term":[{"taxonomy":"pwb-brand","embeddable":true,"href":"https:\/\/www.delicias-uk.com\/pt-pt\/wp-json\/wp\/v2\/pwb-brand?post=231438"},{"taxonomy":"product_brand","embeddable":true,"href":"https:\/\/www.delicias-uk.com\/pt-pt\/wp-json\/wp\/v2\/product_brand?post=231438"},{"taxonomy":"product_cat","embeddable":true,"href":"https:\/\/www.delicias-uk.com\/pt-pt\/wp-json\/wp\/v2\/product_cat?post=231438"},{"taxonomy":"product_tag","embeddable":true,"href":"https:\/\/www.delicias-uk.com\/pt-pt\/wp-json\/wp\/v2\/product_tag?post=231438"}],"curies":[{"name":"wp","href":"https:\/\/api.w.org\/{rel}","templated":true}]}}