{"id":231420,"date":"2025-07-15T10:50:55","date_gmt":"2025-07-15T09:50:55","guid":{"rendered":"https:\/\/www.delicias-uk.com\/?post_type=product&#038;p=231420"},"modified":"2025-07-15T10:53:56","modified_gmt":"2025-07-15T09:53:56","slug":"polpa-congelada-de-graviola-polpanorte-saqueta-100g","status":"publish","type":"product","link":"https:\/\/www.delicias-uk.com\/pt-pt\/produto\/polpa-congelada-de-graviola-polpanorte-saqueta-100g\/","title":{"rendered":"Polpa Congelada de Graviola Polpanorte Saqueta 100g"},"content":{"rendered":"<p>A Polpa de Graviola da Polpanorte destaca-se como uma fruta fonte de c\u00e1lcio, magn\u00e9sio, mangan\u00eas, pot\u00e1ssio, al\u00e9m de possuir vitaminas B1, B2, B6. Por sua composi\u00e7\u00e3o, essa fruta tamb\u00e9m \u00e9 relatada como coadjuvante para a perda de peso, principalmente pela baixa quantidade cal\u00f3rica e pela presen\u00e7a de fibras.<\/p>\n","protected":false},"excerpt":{"rendered":"<ul>\n<li>Graviola Polpa de Fruta<\/li>\n<li>100% Polpa de Fruta<\/li>\n<li>Peso: 100g<\/li>\n<li>Polpanorte<\/li>\n<\/ul>\n","protected":false},"author":43538,"featured_media":231422,"comment_status":"closed","ping_status":"closed","template":"","meta":[],"pwb-brand":[],"product_brand":[],"product_cat":[8305,8373],"product_tag":[],"class_list":{"0":"post-231420","1":"product","2":"type-product","3":"status-publish","4":"has-post-thumbnail","6":"product_cat-produtos-congelados","7":"product_cat-fruta-e-polpa-congelada","9":"first","10":"instock","11":"taxable","12":"shipping-taxable","13":"purchasable","14":"product-type-simple"},"aioseo_notices":[],"brands":[],"_links":{"self":[{"href":"https:\/\/www.delicias-uk.com\/pt-pt\/wp-json\/wp\/v2\/product\/231420","targetHints":{"allow":["GET"]}}],"collection":[{"href":"https:\/\/www.delicias-uk.com\/pt-pt\/wp-json\/wp\/v2\/product"}],"about":[{"href":"https:\/\/www.delicias-uk.com\/pt-pt\/wp-json\/wp\/v2\/types\/product"}],"author":[{"embeddable":true,"href":"https:\/\/www.delicias-uk.com\/pt-pt\/wp-json\/wp\/v2\/users\/43538"}],"replies":[{"embeddable":true,"href":"https:\/\/www.delicias-uk.com\/pt-pt\/wp-json\/wp\/v2\/comments?post=231420"}],"wp:featuredmedia":[{"embeddable":true,"href":"https:\/\/www.delicias-uk.com\/pt-pt\/wp-json\/wp\/v2\/media\/231422"}],"wp:attachment":[{"href":"https:\/\/www.delicias-uk.com\/pt-pt\/wp-json\/wp\/v2\/media?parent=231420"}],"wp:term":[{"taxonomy":"pwb-brand","embeddable":true,"href":"https:\/\/www.delicias-uk.com\/pt-pt\/wp-json\/wp\/v2\/pwb-brand?post=231420"},{"taxonomy":"product_brand","embeddable":true,"href":"https:\/\/www.delicias-uk.com\/pt-pt\/wp-json\/wp\/v2\/product_brand?post=231420"},{"taxonomy":"product_cat","embeddable":true,"href":"https:\/\/www.delicias-uk.com\/pt-pt\/wp-json\/wp\/v2\/product_cat?post=231420"},{"taxonomy":"product_tag","embeddable":true,"href":"https:\/\/www.delicias-uk.com\/pt-pt\/wp-json\/wp\/v2\/product_tag?post=231420"}],"curies":[{"name":"wp","href":"https:\/\/api.w.org\/{rel}","templated":true}]}}