{"id":231348,"date":"2025-07-14T10:44:33","date_gmt":"2025-07-14T09:44:33","guid":{"rendered":"https:\/\/www.delicias-uk.com\/?post_type=product&#038;p=231348"},"modified":"2025-07-14T10:49:16","modified_gmt":"2025-07-14T09:49:16","slug":"cafe-delta-mythiq-em-capsulas-5-5g-x-10","status":"publish","type":"product","link":"https:\/\/www.delicias-uk.com\/pt-pt\/produto\/cafe-delta-mythiq-em-capsulas-5-5g-x-10\/","title":{"rendered":"Caf\u00e9 Delta Mythiq em C\u00e1psulas 5.5g x 10"},"content":{"rendered":"<p>Este caf\u00e9 com intensidade 15 proporciona um espresso muito intenso e encorpado na x\u00edcara, com torra escura. Revela notas marcantes de cacau, chocolate, nozes torradas e toques de framboesa no paladar.<\/p>\n<p><strong>Ingredientes<\/strong>: caf\u00e9 torrado mo\u00eddo sem cafe\u00edna.<\/p>\n<p><strong>Alerg\u00e9nios<\/strong>: nenhum<\/p>\n<p><strong>Pa\u00eds de origem<\/strong>: n\u00e3o pertencente \u00e0 UE.<\/p>\n","protected":false},"excerpt":{"rendered":"<ul style=\"list-style-type: disc;\">\n<li>Peso l\u00edquido 55g<\/li>\n<li>Cont\u00e9m 10 c\u00e1psulas de 5.5g cada<\/li>\n<li>Intensidade: 15 de 15<\/li>\n<\/ul>\n","protected":false},"author":43538,"featured_media":231350,"comment_status":"open","ping_status":"closed","template":"","meta":[],"pwb-brand":[],"product_brand":[],"product_cat":[8289,8291,8351,8453],"product_tag":[],"class_list":{"0":"post-231348","1":"product","2":"type-product","3":"status-publish","4":"has-post-thumbnail","6":"product_cat-inicio","7":"product_cat-produtos-portugueses","8":"product_cat-cafe-cha-acucar","9":"product_cat-cafe","11":"first","12":"instock","13":"taxable","14":"shipping-taxable","15":"purchasable","16":"product-type-simple"},"aioseo_notices":[],"brands":[],"_links":{"self":[{"href":"https:\/\/www.delicias-uk.com\/pt-pt\/wp-json\/wp\/v2\/product\/231348","targetHints":{"allow":["GET"]}}],"collection":[{"href":"https:\/\/www.delicias-uk.com\/pt-pt\/wp-json\/wp\/v2\/product"}],"about":[{"href":"https:\/\/www.delicias-uk.com\/pt-pt\/wp-json\/wp\/v2\/types\/product"}],"author":[{"embeddable":true,"href":"https:\/\/www.delicias-uk.com\/pt-pt\/wp-json\/wp\/v2\/users\/43538"}],"replies":[{"embeddable":true,"href":"https:\/\/www.delicias-uk.com\/pt-pt\/wp-json\/wp\/v2\/comments?post=231348"}],"wp:featuredmedia":[{"embeddable":true,"href":"https:\/\/www.delicias-uk.com\/pt-pt\/wp-json\/wp\/v2\/media\/231350"}],"wp:attachment":[{"href":"https:\/\/www.delicias-uk.com\/pt-pt\/wp-json\/wp\/v2\/media?parent=231348"}],"wp:term":[{"taxonomy":"pwb-brand","embeddable":true,"href":"https:\/\/www.delicias-uk.com\/pt-pt\/wp-json\/wp\/v2\/pwb-brand?post=231348"},{"taxonomy":"product_brand","embeddable":true,"href":"https:\/\/www.delicias-uk.com\/pt-pt\/wp-json\/wp\/v2\/product_brand?post=231348"},{"taxonomy":"product_cat","embeddable":true,"href":"https:\/\/www.delicias-uk.com\/pt-pt\/wp-json\/wp\/v2\/product_cat?post=231348"},{"taxonomy":"product_tag","embeddable":true,"href":"https:\/\/www.delicias-uk.com\/pt-pt\/wp-json\/wp\/v2\/product_tag?post=231348"}],"curies":[{"name":"wp","href":"https:\/\/api.w.org\/{rel}","templated":true}]}}