{"id":231014,"date":"2025-07-09T12:56:11","date_gmt":"2025-07-09T11:56:11","guid":{"rendered":"https:\/\/www.delicias-uk.com\/?post_type=product&#038;p=231014"},"modified":"2025-11-26T11:06:55","modified_gmt":"2025-11-26T11:06:55","slug":"cerveja-super-bock-stout-0-alcool-330ml-x-24","status":"publish","type":"product","link":"https:\/\/www.delicias-uk.com\/pt-pt\/produto\/cerveja-super-bock-stout-0-alcool-330ml-x-24\/","title":{"rendered":"Cerveja Super Bock Stout 0% \u00c1lcool 330ml x 24"},"content":{"rendered":"<p>Uma cerveja encorpada e saborosa, a Super Bock preta sem \u00e1lcool garante o prazer das melhores stouts, sem restri\u00e7\u00f5es. Ela mant\u00e9m uma espuma generosa e duradoura, mantendo as caracter\u00edsticas de uma stout aut\u00eantica.<\/p>\n<p><strong>Ingredientes<\/strong>: \u00c1gua, malte de cevada, cereais n\u00e3o maltados (milho e cevada), di\u00f3xido de carbono, corante: E150c, l\u00fapulo.<\/p>\n<p><strong>Al\u00e9rgenos<\/strong>: Cont\u00e9m\u00a0<strong>CEVADA<\/strong>.<\/p>\n<p><strong>Informa\u00e7\u00f5es nutricionais Por 100ml:<\/strong><\/p>\n<ul>\n<li>Lip\u00eddios 0g<\/li>\n<li>Carboidratos 5,6 g<\/li>\n<li>A\u00e7\u00facares 2,7 g<\/li>\n<li>Prote\u00ednas 0,3 g<\/li>\n<li>Sal 0g<\/li>\n<li>Energia 109kJ\/ 26 kcal<\/li>\n<\/ul>\n<p><strong>Pa\u00eds de origem<\/strong>: Portugal<\/p>\n","protected":false},"excerpt":{"rendered":"<ul style=\"list-style-type: disc\">\n<li>Peso l\u00edquido: 330ml x 24<\/li>\n<li>Sem alcool<\/li>\n<li>Pronta para beber<\/li>\n<\/ul>\n","protected":false},"author":43538,"featured_media":82041,"comment_status":"open","ping_status":"closed","template":"","meta":[],"pwb-brand":[],"product_brand":[],"product_cat":[8289,8291,8333,8469],"product_tag":[],"class_list":{"0":"post-231014","1":"product","2":"type-product","3":"status-publish","4":"has-post-thumbnail","6":"product_cat-inicio","7":"product_cat-produtos-portugueses","8":"product_cat-cerveja","9":"product_cat-sem-alcool","11":"first","12":"instock","13":"taxable","14":"shipping-taxable","15":"purchasable","16":"product-type-simple"},"aioseo_notices":[],"brands":[],"_links":{"self":[{"href":"https:\/\/www.delicias-uk.com\/pt-pt\/wp-json\/wp\/v2\/product\/231014","targetHints":{"allow":["GET"]}}],"collection":[{"href":"https:\/\/www.delicias-uk.com\/pt-pt\/wp-json\/wp\/v2\/product"}],"about":[{"href":"https:\/\/www.delicias-uk.com\/pt-pt\/wp-json\/wp\/v2\/types\/product"}],"author":[{"embeddable":true,"href":"https:\/\/www.delicias-uk.com\/pt-pt\/wp-json\/wp\/v2\/users\/43538"}],"replies":[{"embeddable":true,"href":"https:\/\/www.delicias-uk.com\/pt-pt\/wp-json\/wp\/v2\/comments?post=231014"}],"wp:featuredmedia":[{"embeddable":true,"href":"https:\/\/www.delicias-uk.com\/pt-pt\/wp-json\/wp\/v2\/media\/82041"}],"wp:attachment":[{"href":"https:\/\/www.delicias-uk.com\/pt-pt\/wp-json\/wp\/v2\/media?parent=231014"}],"wp:term":[{"taxonomy":"pwb-brand","embeddable":true,"href":"https:\/\/www.delicias-uk.com\/pt-pt\/wp-json\/wp\/v2\/pwb-brand?post=231014"},{"taxonomy":"product_brand","embeddable":true,"href":"https:\/\/www.delicias-uk.com\/pt-pt\/wp-json\/wp\/v2\/product_brand?post=231014"},{"taxonomy":"product_cat","embeddable":true,"href":"https:\/\/www.delicias-uk.com\/pt-pt\/wp-json\/wp\/v2\/product_cat?post=231014"},{"taxonomy":"product_tag","embeddable":true,"href":"https:\/\/www.delicias-uk.com\/pt-pt\/wp-json\/wp\/v2\/product_tag?post=231014"}],"curies":[{"name":"wp","href":"https:\/\/api.w.org\/{rel}","templated":true}]}}