{"id":231008,"date":"2025-07-09T12:47:46","date_gmt":"2025-07-09T11:47:46","guid":{"rendered":"https:\/\/www.delicias-uk.com\/?post_type=product&#038;p=231008"},"modified":"2026-03-28T15:20:58","modified_gmt":"2026-03-28T15:20:58","slug":"canela-em-pau-ferbar-bag-500g","status":"publish","type":"product","link":"https:\/\/www.delicias-uk.com\/pt-pt\/produto\/canela-em-pau-ferbar-bag-500g\/","title":{"rendered":"Canela em Pau Ferbar Bag 500g"},"content":{"rendered":"<p>Canela em Pau Ferbar Bag 500g<br data-start=\"191\" data-end=\"194\" \/>Especiaria arom\u00e1tica e vers\u00e1til, a canela em pau Ferbar \u00e9 ideal para aromatizar bolos, sobremesas, bebidas, frutas e at\u00e9 pratos salgados. Com sabor doce e ligeiramente picante, esta canela real\u00e7a os sabores e oferece um toque acolhedor e reconfortante \u00e0s receitas. Embalada em saco de 500g, pr\u00e1tica para uso frequente em pastelarias, padarias e cozinhas profissionais.<\/p>\n","protected":false},"excerpt":{"rendered":"<ul>\n<li>Peso: 500g<\/li>\n<li>Marca: Ferbar<\/li>\n<li><span class=\"relative -mx-px my-[-0.2rem] rounded px-px py-[0.2rem] transition-colors duration-100 ease-in-out\">Especiaria de alta qualidade<\/span><\/li>\n<\/ul>\n","protected":false},"author":43538,"featured_media":231012,"comment_status":"closed","ping_status":"closed","template":"","meta":[],"pwb-brand":[],"product_brand":[],"product_cat":[8289,8291,8395,8583,8741],"product_tag":[],"class_list":{"0":"post-231008","1":"product","2":"type-product","3":"status-publish","4":"has-post-thumbnail","6":"product_cat-inicio","7":"product_cat-produtos-portugueses","8":"product_cat-mercearia","9":"product_cat-temperos-molhos-e-marinada","10":"product_cat-pimentas-e-molhos","12":"first","13":"instock","14":"taxable","15":"shipping-taxable","16":"purchasable","17":"product-type-simple"},"aioseo_notices":[],"brands":[],"_links":{"self":[{"href":"https:\/\/www.delicias-uk.com\/pt-pt\/wp-json\/wp\/v2\/product\/231008","targetHints":{"allow":["GET"]}}],"collection":[{"href":"https:\/\/www.delicias-uk.com\/pt-pt\/wp-json\/wp\/v2\/product"}],"about":[{"href":"https:\/\/www.delicias-uk.com\/pt-pt\/wp-json\/wp\/v2\/types\/product"}],"author":[{"embeddable":true,"href":"https:\/\/www.delicias-uk.com\/pt-pt\/wp-json\/wp\/v2\/users\/43538"}],"replies":[{"embeddable":true,"href":"https:\/\/www.delicias-uk.com\/pt-pt\/wp-json\/wp\/v2\/comments?post=231008"}],"wp:featuredmedia":[{"embeddable":true,"href":"https:\/\/www.delicias-uk.com\/pt-pt\/wp-json\/wp\/v2\/media\/231012"}],"wp:attachment":[{"href":"https:\/\/www.delicias-uk.com\/pt-pt\/wp-json\/wp\/v2\/media?parent=231008"}],"wp:term":[{"taxonomy":"pwb-brand","embeddable":true,"href":"https:\/\/www.delicias-uk.com\/pt-pt\/wp-json\/wp\/v2\/pwb-brand?post=231008"},{"taxonomy":"product_brand","embeddable":true,"href":"https:\/\/www.delicias-uk.com\/pt-pt\/wp-json\/wp\/v2\/product_brand?post=231008"},{"taxonomy":"product_cat","embeddable":true,"href":"https:\/\/www.delicias-uk.com\/pt-pt\/wp-json\/wp\/v2\/product_cat?post=231008"},{"taxonomy":"product_tag","embeddable":true,"href":"https:\/\/www.delicias-uk.com\/pt-pt\/wp-json\/wp\/v2\/product_tag?post=231008"}],"curies":[{"name":"wp","href":"https:\/\/api.w.org\/{rel}","templated":true}]}}