{"id":231002,"date":"2025-07-09T12:43:48","date_gmt":"2025-07-09T11:43:48","guid":{"rendered":"https:\/\/www.delicias-uk.com\/?post_type=product&#038;p=231002"},"modified":"2025-10-30T11:50:50","modified_gmt":"2025-10-30T11:50:50","slug":"canela-moida-ferbar-pet-400g","status":"publish","type":"product","link":"https:\/\/www.delicias-uk.com\/pt-pt\/produto\/canela-moida-ferbar-pet-400g\/","title":{"rendered":"Canela Mo\u00edda Ferbar PET 400g"},"content":{"rendered":"<p><strong data-start=\"159\" data-end=\"191\">Canela Mo\u00edda Ferbar PET 400g<\/strong><br data-start=\"191\" data-end=\"194\" \/>Especiaria arom\u00e1tica e vers\u00e1til, a canela mo\u00edda Ferbar \u00e9 ideal para aromatizar bolos, sobremesas, bebidas, frutas e at\u00e9 pratos salgados. Com sabor doce e ligeiramente picante, esta canela real\u00e7a os sabores e oferece um toque acolhedor e reconfortante \u00e0s receitas. Embalada em frasco PET de 400g, pr\u00e1tica para uso frequente em pastelarias, padarias e cozinhas profissionais.<\/p>\n","protected":false},"excerpt":{"rendered":"<ul>\n<li>Peso: 400g<\/li>\n<li>Marca: Ferbar<\/li>\n<li><span class=\"relative -mx-px my-[-0.2rem] rounded px-px py-[0.2rem] transition-colors duration-100 ease-in-out\">Especiaria de alta qualidade<\/span><\/li>\n<\/ul>\n","protected":false},"author":43538,"featured_media":231006,"comment_status":"closed","ping_status":"closed","template":"","meta":[],"pwb-brand":[],"product_brand":[],"product_cat":[8289,8291,8395,8583,8741],"product_tag":[],"class_list":{"0":"post-231002","1":"product","2":"type-product","3":"status-publish","4":"has-post-thumbnail","6":"product_cat-inicio","7":"product_cat-produtos-portugueses","8":"product_cat-mercearia","9":"product_cat-temperos-molhos-e-marinada","10":"product_cat-pimentas-e-molhos","12":"first","13":"instock","14":"taxable","15":"shipping-taxable","16":"purchasable","17":"product-type-simple"},"aioseo_notices":[],"brands":[],"_links":{"self":[{"href":"https:\/\/www.delicias-uk.com\/pt-pt\/wp-json\/wp\/v2\/product\/231002","targetHints":{"allow":["GET"]}}],"collection":[{"href":"https:\/\/www.delicias-uk.com\/pt-pt\/wp-json\/wp\/v2\/product"}],"about":[{"href":"https:\/\/www.delicias-uk.com\/pt-pt\/wp-json\/wp\/v2\/types\/product"}],"author":[{"embeddable":true,"href":"https:\/\/www.delicias-uk.com\/pt-pt\/wp-json\/wp\/v2\/users\/43538"}],"replies":[{"embeddable":true,"href":"https:\/\/www.delicias-uk.com\/pt-pt\/wp-json\/wp\/v2\/comments?post=231002"}],"wp:featuredmedia":[{"embeddable":true,"href":"https:\/\/www.delicias-uk.com\/pt-pt\/wp-json\/wp\/v2\/media\/231006"}],"wp:attachment":[{"href":"https:\/\/www.delicias-uk.com\/pt-pt\/wp-json\/wp\/v2\/media?parent=231002"}],"wp:term":[{"taxonomy":"pwb-brand","embeddable":true,"href":"https:\/\/www.delicias-uk.com\/pt-pt\/wp-json\/wp\/v2\/pwb-brand?post=231002"},{"taxonomy":"product_brand","embeddable":true,"href":"https:\/\/www.delicias-uk.com\/pt-pt\/wp-json\/wp\/v2\/product_brand?post=231002"},{"taxonomy":"product_cat","embeddable":true,"href":"https:\/\/www.delicias-uk.com\/pt-pt\/wp-json\/wp\/v2\/product_cat?post=231002"},{"taxonomy":"product_tag","embeddable":true,"href":"https:\/\/www.delicias-uk.com\/pt-pt\/wp-json\/wp\/v2\/product_tag?post=231002"}],"curies":[{"name":"wp","href":"https:\/\/api.w.org\/{rel}","templated":true}]}}