{"id":230993,"date":"2025-07-09T12:34:42","date_gmt":"2025-07-09T11:34:42","guid":{"rendered":"https:\/\/www.delicias-uk.com\/?post_type=product&#038;p=230993"},"modified":"2025-07-09T12:37:48","modified_gmt":"2025-07-09T11:37:48","slug":"carvao-marabu-saco-15kg","status":"publish","type":"product","link":"https:\/\/www.delicias-uk.com\/pt-pt\/produto\/carvao-marabu-saco-15kg\/","title":{"rendered":"Carv\u00e3o Marabu Saco +\/- 15kg"},"content":{"rendered":"<p>Carv\u00e3o vegetal de alta qualidade, ideal para churrascos, grelhados e fornos a lenha. Proporciona uma queima eficiente, com pouca fuma\u00e7a e temperatura constante. Embalado em saco de aproximadamente 15kg, \u00e9 uma op\u00e7\u00e3o pr\u00e1tica para uso dom\u00e9stico ou profissional.<\/p>\n","protected":false},"excerpt":{"rendered":"<ul>\n<li>Carv\u00e3o vegetal de alta qualidade<\/li>\n<li>Ideal para churrascos, grelhados e fornos a lenha.<\/li>\n<li>Proporciona uma queima eficiente, com pouca fuma\u00e7a e temperatura constante.<\/li>\n<li>Embalado em saco de aproximadamente 15Kg<\/li>\n<\/ul>\n","protected":false},"author":43538,"featured_media":230995,"comment_status":"closed","ping_status":"closed","template":"","meta":[],"pwb-brand":[],"product_brand":[],"product_cat":[8291,8441,8293,8425],"product_tag":[],"class_list":{"0":"post-230993","1":"product","2":"type-product","3":"status-publish","4":"has-post-thumbnail","6":"product_cat-produtos-portugueses","7":"product_cat-utensilios-de-cozinha-pt-pt","8":"product_cat-produtos-brasileiros","9":"product_cat-utensilios-de-cozinha","11":"first","12":"instock","13":"taxable","14":"shipping-taxable","15":"purchasable","16":"product-type-simple"},"aioseo_notices":[],"brands":[],"_links":{"self":[{"href":"https:\/\/www.delicias-uk.com\/pt-pt\/wp-json\/wp\/v2\/product\/230993","targetHints":{"allow":["GET"]}}],"collection":[{"href":"https:\/\/www.delicias-uk.com\/pt-pt\/wp-json\/wp\/v2\/product"}],"about":[{"href":"https:\/\/www.delicias-uk.com\/pt-pt\/wp-json\/wp\/v2\/types\/product"}],"author":[{"embeddable":true,"href":"https:\/\/www.delicias-uk.com\/pt-pt\/wp-json\/wp\/v2\/users\/43538"}],"replies":[{"embeddable":true,"href":"https:\/\/www.delicias-uk.com\/pt-pt\/wp-json\/wp\/v2\/comments?post=230993"}],"wp:featuredmedia":[{"embeddable":true,"href":"https:\/\/www.delicias-uk.com\/pt-pt\/wp-json\/wp\/v2\/media\/230995"}],"wp:attachment":[{"href":"https:\/\/www.delicias-uk.com\/pt-pt\/wp-json\/wp\/v2\/media?parent=230993"}],"wp:term":[{"taxonomy":"pwb-brand","embeddable":true,"href":"https:\/\/www.delicias-uk.com\/pt-pt\/wp-json\/wp\/v2\/pwb-brand?post=230993"},{"taxonomy":"product_brand","embeddable":true,"href":"https:\/\/www.delicias-uk.com\/pt-pt\/wp-json\/wp\/v2\/product_brand?post=230993"},{"taxonomy":"product_cat","embeddable":true,"href":"https:\/\/www.delicias-uk.com\/pt-pt\/wp-json\/wp\/v2\/product_cat?post=230993"},{"taxonomy":"product_tag","embeddable":true,"href":"https:\/\/www.delicias-uk.com\/pt-pt\/wp-json\/wp\/v2\/product_tag?post=230993"}],"curies":[{"name":"wp","href":"https:\/\/api.w.org\/{rel}","templated":true}]}}