{"id":230991,"date":"2025-07-09T12:34:27","date_gmt":"2025-07-09T11:34:27","guid":{"rendered":"https:\/\/www.delicias-uk.com\/?post_type=product&#038;p=230991"},"modified":"2026-02-24T11:53:49","modified_gmt":"2026-02-24T11:53:49","slug":"carvao-vegetal-saco-17dm%c2%b3-4kg","status":"publish","type":"product","link":"https:\/\/www.delicias-uk.com\/pt-pt\/produto\/carvao-vegetal-saco-17dm%c2%b3-4kg\/","title":{"rendered":"Carv\u00e3o Vegetal \u2013 Saco 17dm\u00b3 (+\/- 4kg)"},"content":{"rendered":"<p><strong data-start=\"158\" data-end=\"199\">Carv\u00e3o Vegetal \u2013 Saco 17dm\u00b3 (+\/- 4kg)<\/strong><br data-start=\"199\" data-end=\"202\" \/>Carv\u00e3o vegetal de alta qualidade, ideal para churrascos, grelhados e fornos a lenha. Proporciona uma queima eficiente, com pouca fuma\u00e7a e temperatura constante. Embalado em saco de 17dm\u00b3 (aproximadamente 4kg), \u00e9 uma op\u00e7\u00e3o pr\u00e1tica para uso dom\u00e9stico ou profissional.<\/p>\n","protected":false},"excerpt":{"rendered":"<ul>\n<li>Carv\u00e3o vegetal de alta qualidade<\/li>\n<li>Ideal para churrascos, grelhados e fornos a lenha.<\/li>\n<li>Proporciona uma queima eficiente, com pouca fuma\u00e7a e temperatura constante.<\/li>\n<li>Embalado em saco de 17dm\u00b3 (aproximadamente 4kg)<\/li>\n<\/ul>\n","protected":false},"author":43538,"featured_media":230990,"comment_status":"closed","ping_status":"closed","template":"","meta":[],"pwb-brand":[],"product_brand":[],"product_cat":[8291,8441,8293,8425],"product_tag":[],"class_list":{"0":"post-230991","1":"product","2":"type-product","3":"status-publish","4":"has-post-thumbnail","6":"product_cat-produtos-portugueses","7":"product_cat-utensilios-de-cozinha-pt-pt","8":"product_cat-produtos-brasileiros","9":"product_cat-utensilios-de-cozinha","11":"first","12":"instock","13":"taxable","14":"shipping-taxable","15":"purchasable","16":"product-type-simple"},"aioseo_notices":[],"brands":[],"_links":{"self":[{"href":"https:\/\/www.delicias-uk.com\/pt-pt\/wp-json\/wp\/v2\/product\/230991","targetHints":{"allow":["GET"]}}],"collection":[{"href":"https:\/\/www.delicias-uk.com\/pt-pt\/wp-json\/wp\/v2\/product"}],"about":[{"href":"https:\/\/www.delicias-uk.com\/pt-pt\/wp-json\/wp\/v2\/types\/product"}],"author":[{"embeddable":true,"href":"https:\/\/www.delicias-uk.com\/pt-pt\/wp-json\/wp\/v2\/users\/43538"}],"replies":[{"embeddable":true,"href":"https:\/\/www.delicias-uk.com\/pt-pt\/wp-json\/wp\/v2\/comments?post=230991"}],"wp:featuredmedia":[{"embeddable":true,"href":"https:\/\/www.delicias-uk.com\/pt-pt\/wp-json\/wp\/v2\/media\/230990"}],"wp:attachment":[{"href":"https:\/\/www.delicias-uk.com\/pt-pt\/wp-json\/wp\/v2\/media?parent=230991"}],"wp:term":[{"taxonomy":"pwb-brand","embeddable":true,"href":"https:\/\/www.delicias-uk.com\/pt-pt\/wp-json\/wp\/v2\/pwb-brand?post=230991"},{"taxonomy":"product_brand","embeddable":true,"href":"https:\/\/www.delicias-uk.com\/pt-pt\/wp-json\/wp\/v2\/product_brand?post=230991"},{"taxonomy":"product_cat","embeddable":true,"href":"https:\/\/www.delicias-uk.com\/pt-pt\/wp-json\/wp\/v2\/product_cat?post=230991"},{"taxonomy":"product_tag","embeddable":true,"href":"https:\/\/www.delicias-uk.com\/pt-pt\/wp-json\/wp\/v2\/product_tag?post=230991"}],"curies":[{"name":"wp","href":"https:\/\/api.w.org\/{rel}","templated":true}]}}