{"id":230962,"date":"2025-07-09T11:31:00","date_gmt":"2025-07-09T10:31:00","guid":{"rendered":"https:\/\/www.delicias-uk.com\/?post_type=product&#038;p=230962"},"modified":"2026-03-28T15:20:57","modified_gmt":"2026-03-28T15:20:57","slug":"colorau-extra-ferbar-saco-1kg","status":"publish","type":"product","link":"https:\/\/www.delicias-uk.com\/pt-pt\/produto\/colorau-extra-ferbar-saco-1kg\/","title":{"rendered":"Colorau Extra Ferbar Saco 1Kg"},"content":{"rendered":"<p><strong data-start=\"140\" data-end=\"168\">Colorau Extra Ferbar 1kg<\/strong><br data-start=\"168\" data-end=\"171\" \/>Colorau extra Ferbar \u00e9 uma especiaria vers\u00e1til feita a partir de piment\u00f5es secos e mo\u00eddos, com sabor suave e levemente adocicado. Ideal para real\u00e7ar a cor e o sabor de carnes, arroz, sopas, molhos e pratos tradicionais como paella, frango grelhado ou ensopados. Embalagem pr\u00e1tica de 1kg, perfeita para uso profissional ou dom\u00e9stico intensivo.<\/p>\n","protected":false},"excerpt":{"rendered":"<ul>\n<li>Peso: 1Kg<\/li>\n<li>Marca: Ferbar<\/li>\n<li><span class=\"relative -mx-px my-[-0.2rem] rounded px-px py-[0.2rem] transition-colors duration-100 ease-in-out\">Especiaria de alta qualidade<\/span><\/li>\n<\/ul>\n","protected":false},"author":43538,"featured_media":230967,"comment_status":"closed","ping_status":"closed","template":"","meta":[],"pwb-brand":[],"product_brand":[],"product_cat":[8289,8291,8395,8583,8741],"product_tag":[],"class_list":{"0":"post-230962","1":"product","2":"type-product","3":"status-publish","4":"has-post-thumbnail","6":"product_cat-inicio","7":"product_cat-produtos-portugueses","8":"product_cat-mercearia","9":"product_cat-temperos-molhos-e-marinada","10":"product_cat-pimentas-e-molhos","12":"first","13":"instock","14":"taxable","15":"shipping-taxable","16":"purchasable","17":"product-type-simple"},"aioseo_notices":[],"brands":[],"_links":{"self":[{"href":"https:\/\/www.delicias-uk.com\/pt-pt\/wp-json\/wp\/v2\/product\/230962","targetHints":{"allow":["GET"]}}],"collection":[{"href":"https:\/\/www.delicias-uk.com\/pt-pt\/wp-json\/wp\/v2\/product"}],"about":[{"href":"https:\/\/www.delicias-uk.com\/pt-pt\/wp-json\/wp\/v2\/types\/product"}],"author":[{"embeddable":true,"href":"https:\/\/www.delicias-uk.com\/pt-pt\/wp-json\/wp\/v2\/users\/43538"}],"replies":[{"embeddable":true,"href":"https:\/\/www.delicias-uk.com\/pt-pt\/wp-json\/wp\/v2\/comments?post=230962"}],"wp:featuredmedia":[{"embeddable":true,"href":"https:\/\/www.delicias-uk.com\/pt-pt\/wp-json\/wp\/v2\/media\/230967"}],"wp:attachment":[{"href":"https:\/\/www.delicias-uk.com\/pt-pt\/wp-json\/wp\/v2\/media?parent=230962"}],"wp:term":[{"taxonomy":"pwb-brand","embeddable":true,"href":"https:\/\/www.delicias-uk.com\/pt-pt\/wp-json\/wp\/v2\/pwb-brand?post=230962"},{"taxonomy":"product_brand","embeddable":true,"href":"https:\/\/www.delicias-uk.com\/pt-pt\/wp-json\/wp\/v2\/product_brand?post=230962"},{"taxonomy":"product_cat","embeddable":true,"href":"https:\/\/www.delicias-uk.com\/pt-pt\/wp-json\/wp\/v2\/product_cat?post=230962"},{"taxonomy":"product_tag","embeddable":true,"href":"https:\/\/www.delicias-uk.com\/pt-pt\/wp-json\/wp\/v2\/product_tag?post=230962"}],"curies":[{"name":"wp","href":"https:\/\/api.w.org\/{rel}","templated":true}]}}