{"id":230958,"date":"2025-07-09T11:26:37","date_gmt":"2025-07-09T10:26:37","guid":{"rendered":"https:\/\/www.delicias-uk.com\/?post_type=product&#038;p=230958"},"modified":"2025-07-09T11:29:55","modified_gmt":"2025-07-09T10:29:55","slug":"pimenta-branca-moida-ferbar-600g-copy","status":"publish","type":"product","link":"https:\/\/www.delicias-uk.com\/pt-pt\/produto\/pimenta-branca-moida-ferbar-600g-copy\/","title":{"rendered":"Cominho Mo\u00eddo Ferbar 470g"},"content":{"rendered":"<p><strong data-start=\"141\" data-end=\"170\">Cominho Mo\u00eddo Ferbar 470g<\/strong><br data-start=\"170\" data-end=\"173\" \/>O cominho mo\u00eddo \u00e9 uma especiaria arom\u00e1tica e intensa, amplamente utilizada na culin\u00e1ria mediterr\u00e2nica, indiana, latino-americana e do M\u00e9dio Oriente. Ideal para temperar carnes, guisados, leguminosas, arroz e molhos, confere um sabor quente e ligeiramente terroso aos pratos. Embalagem pr\u00e1tica para uso profissional ou dom\u00e9stico em grande escala.<\/p>\n","protected":false},"excerpt":{"rendered":"<ul>\n<li>Peso: 470g<\/li>\n<li>Marca: Ferbar<\/li>\n<li><span class=\"relative -mx-px my-[-0.2rem] rounded px-px py-[0.2rem] transition-colors duration-100 ease-in-out\">Especiaria de alta qualidade<\/span><\/li>\n<\/ul>\n","protected":false},"author":43538,"featured_media":230960,"comment_status":"closed","ping_status":"closed","template":"","meta":[],"pwb-brand":[],"product_brand":[],"product_cat":[8289,8291,8395,8583,8741],"product_tag":[],"class_list":{"0":"post-230958","1":"product","2":"type-product","3":"status-publish","4":"has-post-thumbnail","6":"product_cat-inicio","7":"product_cat-produtos-portugueses","8":"product_cat-mercearia","9":"product_cat-temperos-molhos-e-marinada","10":"product_cat-pimentas-e-molhos","12":"first","13":"outofstock","14":"taxable","15":"shipping-taxable","16":"purchasable","17":"product-type-simple"},"aioseo_notices":[],"brands":[],"_links":{"self":[{"href":"https:\/\/www.delicias-uk.com\/pt-pt\/wp-json\/wp\/v2\/product\/230958","targetHints":{"allow":["GET"]}}],"collection":[{"href":"https:\/\/www.delicias-uk.com\/pt-pt\/wp-json\/wp\/v2\/product"}],"about":[{"href":"https:\/\/www.delicias-uk.com\/pt-pt\/wp-json\/wp\/v2\/types\/product"}],"author":[{"embeddable":true,"href":"https:\/\/www.delicias-uk.com\/pt-pt\/wp-json\/wp\/v2\/users\/43538"}],"replies":[{"embeddable":true,"href":"https:\/\/www.delicias-uk.com\/pt-pt\/wp-json\/wp\/v2\/comments?post=230958"}],"wp:featuredmedia":[{"embeddable":true,"href":"https:\/\/www.delicias-uk.com\/pt-pt\/wp-json\/wp\/v2\/media\/230960"}],"wp:attachment":[{"href":"https:\/\/www.delicias-uk.com\/pt-pt\/wp-json\/wp\/v2\/media?parent=230958"}],"wp:term":[{"taxonomy":"pwb-brand","embeddable":true,"href":"https:\/\/www.delicias-uk.com\/pt-pt\/wp-json\/wp\/v2\/pwb-brand?post=230958"},{"taxonomy":"product_brand","embeddable":true,"href":"https:\/\/www.delicias-uk.com\/pt-pt\/wp-json\/wp\/v2\/product_brand?post=230958"},{"taxonomy":"product_cat","embeddable":true,"href":"https:\/\/www.delicias-uk.com\/pt-pt\/wp-json\/wp\/v2\/product_cat?post=230958"},{"taxonomy":"product_tag","embeddable":true,"href":"https:\/\/www.delicias-uk.com\/pt-pt\/wp-json\/wp\/v2\/product_tag?post=230958"}],"curies":[{"name":"wp","href":"https:\/\/api.w.org\/{rel}","templated":true}]}}