{"id":230915,"date":"2025-07-09T10:28:18","date_gmt":"2025-07-09T09:28:18","guid":{"rendered":"https:\/\/www.delicias-uk.com\/?post_type=product&#038;p=230915"},"modified":"2025-07-09T10:32:07","modified_gmt":"2025-07-09T09:32:07","slug":"torta-cenoura14-fatias-1-5kg","status":"publish","type":"product","link":"https:\/\/www.delicias-uk.com\/pt-pt\/produto\/torta-cenoura14-fatias-1-5kg\/","title":{"rendered":"Torta Cenoura14 fatias 1.5Kg"},"content":{"rendered":"<p>Bolo de Cenoura com 14 fatias \u00e9 uma sobremesa cl\u00e1ssica e popular, perfeita para comemora\u00e7\u00f5es como anivers\u00e1rios, datas comemorativas ou reuni\u00f5es.<\/p>\n","protected":false},"excerpt":{"rendered":"<ul>\n<li>Bolo de Cenoura<\/li>\n<li>14 fatias<\/li>\n<li>Sobremesa cl\u00e1ssica e popular, perfeita para comemora\u00e7\u00f5es como anivers\u00e1rios, datas comemorativas ou reuni\u00f5es<\/li>\n<\/ul>\n","protected":false},"author":43538,"featured_media":230917,"comment_status":"closed","ping_status":"closed","template":"","meta":[],"pwb-brand":[],"product_brand":[],"product_cat":[8305,8329],"product_tag":[],"class_list":{"0":"post-230915","1":"product","2":"type-product","3":"status-publish","4":"has-post-thumbnail","6":"product_cat-produtos-congelados","7":"product_cat-sobremesa-congelada","9":"first","10":"instock","11":"taxable","12":"shipping-taxable","13":"purchasable","14":"product-type-simple"},"aioseo_notices":[],"brands":[],"_links":{"self":[{"href":"https:\/\/www.delicias-uk.com\/pt-pt\/wp-json\/wp\/v2\/product\/230915","targetHints":{"allow":["GET"]}}],"collection":[{"href":"https:\/\/www.delicias-uk.com\/pt-pt\/wp-json\/wp\/v2\/product"}],"about":[{"href":"https:\/\/www.delicias-uk.com\/pt-pt\/wp-json\/wp\/v2\/types\/product"}],"author":[{"embeddable":true,"href":"https:\/\/www.delicias-uk.com\/pt-pt\/wp-json\/wp\/v2\/users\/43538"}],"replies":[{"embeddable":true,"href":"https:\/\/www.delicias-uk.com\/pt-pt\/wp-json\/wp\/v2\/comments?post=230915"}],"wp:featuredmedia":[{"embeddable":true,"href":"https:\/\/www.delicias-uk.com\/pt-pt\/wp-json\/wp\/v2\/media\/230917"}],"wp:attachment":[{"href":"https:\/\/www.delicias-uk.com\/pt-pt\/wp-json\/wp\/v2\/media?parent=230915"}],"wp:term":[{"taxonomy":"pwb-brand","embeddable":true,"href":"https:\/\/www.delicias-uk.com\/pt-pt\/wp-json\/wp\/v2\/pwb-brand?post=230915"},{"taxonomy":"product_brand","embeddable":true,"href":"https:\/\/www.delicias-uk.com\/pt-pt\/wp-json\/wp\/v2\/product_brand?post=230915"},{"taxonomy":"product_cat","embeddable":true,"href":"https:\/\/www.delicias-uk.com\/pt-pt\/wp-json\/wp\/v2\/product_cat?post=230915"},{"taxonomy":"product_tag","embeddable":true,"href":"https:\/\/www.delicias-uk.com\/pt-pt\/wp-json\/wp\/v2\/product_tag?post=230915"}],"curies":[{"name":"wp","href":"https:\/\/api.w.org\/{rel}","templated":true}]}}