{"id":230907,"date":"2025-07-09T10:17:53","date_gmt":"2025-07-09T09:17:53","guid":{"rendered":"https:\/\/www.delicias-uk.com\/?post_type=product&#038;p=230907"},"modified":"2025-07-10T14:34:01","modified_gmt":"2025-07-10T13:34:01","slug":"cheesecake-de-frutos-silvestres-congelado-nutriva-15kg","status":"publish","type":"product","link":"https:\/\/www.delicias-uk.com\/pt-pt\/produto\/cheesecake-de-frutos-silvestres-congelado-nutriva-15kg\/","title":{"rendered":"Cheesecake de Frutos Silvestres Congelado Nutriva 1,5kg"},"content":{"rendered":"<p class=\"MsoNormal\"><strong data-start=\"173\" data-end=\"234\">Cheesecake de Frutos Silvestres Congelado \u2013 Nutriva 1,5kg<\/strong><br data-start=\"234\" data-end=\"237\" \/>Sobremesa cremosa e equilibrada com base crocante de bolacha, recheio suave de queijo e cobertura generosa de frutos silvestres (amora, framboesa, mirtilo). Ideal para servir em ocasi\u00f5es especiais, restaurantes ou eventos. Pronto a consumir ap\u00f3s descongela\u00e7\u00e3o. Pr\u00e1tico, elegante e cheio de sabor.<\/p>\n","protected":false},"excerpt":{"rendered":"<ul>\n<li class=\"MsoNormal\">Cheesecake de Frutos Silvestres 1,5kg<\/li>\n<li class=\"MsoNormal\">Ideal para festas e sobremesas especiais<\/li>\n<li class=\"MsoNormal\">Pronto a servir<\/li>\n<li class=\"MsoNormal\">Produto congelado<\/li>\n<li class=\"MsoNormal\">Da Nutriva, uma empresa Portuguesa<\/li>\n<\/ul>\n","protected":false},"author":43538,"featured_media":230909,"comment_status":"open","ping_status":"closed","template":"","meta":[],"pwb-brand":[],"product_brand":[],"product_cat":[8329],"product_tag":[],"class_list":{"0":"post-230907","1":"product","2":"type-product","3":"status-publish","4":"has-post-thumbnail","6":"product_cat-sobremesa-congelada","8":"first","9":"instock","10":"taxable","11":"shipping-taxable","12":"purchasable","13":"product-type-simple"},"aioseo_notices":[],"brands":[],"_links":{"self":[{"href":"https:\/\/www.delicias-uk.com\/pt-pt\/wp-json\/wp\/v2\/product\/230907","targetHints":{"allow":["GET"]}}],"collection":[{"href":"https:\/\/www.delicias-uk.com\/pt-pt\/wp-json\/wp\/v2\/product"}],"about":[{"href":"https:\/\/www.delicias-uk.com\/pt-pt\/wp-json\/wp\/v2\/types\/product"}],"author":[{"embeddable":true,"href":"https:\/\/www.delicias-uk.com\/pt-pt\/wp-json\/wp\/v2\/users\/43538"}],"replies":[{"embeddable":true,"href":"https:\/\/www.delicias-uk.com\/pt-pt\/wp-json\/wp\/v2\/comments?post=230907"}],"wp:featuredmedia":[{"embeddable":true,"href":"https:\/\/www.delicias-uk.com\/pt-pt\/wp-json\/wp\/v2\/media\/230909"}],"wp:attachment":[{"href":"https:\/\/www.delicias-uk.com\/pt-pt\/wp-json\/wp\/v2\/media?parent=230907"}],"wp:term":[{"taxonomy":"pwb-brand","embeddable":true,"href":"https:\/\/www.delicias-uk.com\/pt-pt\/wp-json\/wp\/v2\/pwb-brand?post=230907"},{"taxonomy":"product_brand","embeddable":true,"href":"https:\/\/www.delicias-uk.com\/pt-pt\/wp-json\/wp\/v2\/product_brand?post=230907"},{"taxonomy":"product_cat","embeddable":true,"href":"https:\/\/www.delicias-uk.com\/pt-pt\/wp-json\/wp\/v2\/product_cat?post=230907"},{"taxonomy":"product_tag","embeddable":true,"href":"https:\/\/www.delicias-uk.com\/pt-pt\/wp-json\/wp\/v2\/product_tag?post=230907"}],"curies":[{"name":"wp","href":"https:\/\/api.w.org\/{rel}","templated":true}]}}