{"id":230891,"date":"2025-07-09T09:49:32","date_gmt":"2025-07-09T08:49:32","guid":{"rendered":"https:\/\/www.delicias-uk.com\/?post_type=product&#038;p=230891"},"modified":"2025-07-09T09:56:43","modified_gmt":"2025-07-09T08:56:43","slug":"galo-velho-sem-miudos-portugal-3-2kg","status":"publish","type":"product","link":"https:\/\/www.delicias-uk.com\/pt-pt\/produto\/galo-velho-sem-miudos-portugal-3-2kg\/","title":{"rendered":"Galo Velho sem Mi\u00fados Portugal +\/-3.2Kg"},"content":{"rendered":"<p><strong data-start=\"157\" data-end=\"201\">Galo Velho Sem Mi\u00fados \u2013 Origem: Portugal<\/strong><br data-start=\"201\" data-end=\"204\" \/>Tradicional na culin\u00e1ria portuguesa, o galo velho \u00e9 ideal para pratos ricos e saborosos como arroz de cabidela, canja ou ensopados. Com carne mais firme e sabor intenso, \u00e9 perfeito para cozimento lento, onde os sabores se desenvolvem profundamente. Produto sem mi\u00fados.<\/p>\n","protected":false},"excerpt":{"rendered":"<ul>\n<li>Ideal para pratos ricos e saborosos como arroz de cabidela, canja ou ensopados<\/li>\n<li>Carne mais firme e sabor intenso, \u00e9 perfeito para cozimento lento<\/li>\n<li>Produto sem mi\u00fados<\/li>\n<li>Peso: +\/- 3.2Kg<\/li>\n<\/ul>\n<p>&nbsp;<\/p>\n<p>&nbsp;<\/p>\n","protected":false},"author":43538,"featured_media":230893,"comment_status":"closed","ping_status":"closed","template":"","meta":[],"pwb-brand":[],"product_brand":[],"product_cat":[8305,8391],"product_tag":[],"class_list":{"0":"post-230891","1":"product","2":"type-product","3":"status-publish","4":"has-post-thumbnail","6":"product_cat-produtos-congelados","7":"product_cat-carne-congelada","9":"first","10":"instock","11":"taxable","12":"shipping-taxable","13":"purchasable","14":"product-type-simple"},"aioseo_notices":[],"brands":[],"_links":{"self":[{"href":"https:\/\/www.delicias-uk.com\/pt-pt\/wp-json\/wp\/v2\/product\/230891","targetHints":{"allow":["GET"]}}],"collection":[{"href":"https:\/\/www.delicias-uk.com\/pt-pt\/wp-json\/wp\/v2\/product"}],"about":[{"href":"https:\/\/www.delicias-uk.com\/pt-pt\/wp-json\/wp\/v2\/types\/product"}],"author":[{"embeddable":true,"href":"https:\/\/www.delicias-uk.com\/pt-pt\/wp-json\/wp\/v2\/users\/43538"}],"replies":[{"embeddable":true,"href":"https:\/\/www.delicias-uk.com\/pt-pt\/wp-json\/wp\/v2\/comments?post=230891"}],"wp:featuredmedia":[{"embeddable":true,"href":"https:\/\/www.delicias-uk.com\/pt-pt\/wp-json\/wp\/v2\/media\/230893"}],"wp:attachment":[{"href":"https:\/\/www.delicias-uk.com\/pt-pt\/wp-json\/wp\/v2\/media?parent=230891"}],"wp:term":[{"taxonomy":"pwb-brand","embeddable":true,"href":"https:\/\/www.delicias-uk.com\/pt-pt\/wp-json\/wp\/v2\/pwb-brand?post=230891"},{"taxonomy":"product_brand","embeddable":true,"href":"https:\/\/www.delicias-uk.com\/pt-pt\/wp-json\/wp\/v2\/product_brand?post=230891"},{"taxonomy":"product_cat","embeddable":true,"href":"https:\/\/www.delicias-uk.com\/pt-pt\/wp-json\/wp\/v2\/product_cat?post=230891"},{"taxonomy":"product_tag","embeddable":true,"href":"https:\/\/www.delicias-uk.com\/pt-pt\/wp-json\/wp\/v2\/product_tag?post=230891"}],"curies":[{"name":"wp","href":"https:\/\/api.w.org\/{rel}","templated":true}]}}