{"id":230878,"date":"2025-07-09T09:23:27","date_gmt":"2025-07-09T08:23:27","guid":{"rendered":"https:\/\/www.delicias-uk.com\/?post_type=product&#038;p=230878"},"modified":"2025-12-14T01:25:36","modified_gmt":"2025-12-14T01:25:36","slug":"lagosta-selvagem-marrocos-200-300-1kg","status":"publish","type":"product","link":"https:\/\/www.delicias-uk.com\/pt-pt\/produto\/lagosta-selvagem-marrocos-200-300-1kg\/","title":{"rendered":"Lagosta Selvagem Marrocos (200-300) 1Kg"},"content":{"rendered":"<p>Num pa\u00eds com h\u00e1bitos de consumo muito marcados pelo mar e pela pesca, peixe e marisco s\u00e3o duas iguarias que os portugueses apreciam e sabem desfrutar como ningu\u00e9m. Falemos de marisco, muito rico em minerais essenciais, sendo uma das principais fontes de \u00e1cidos gordos \u00d3mega 3, pouco cal\u00f3rico, nutritivo e de f\u00e1cil digest\u00e3o.<\/p>\n<p><strong data-start=\"148\" data-end=\"191\">Lagosta Selvagem de Marrocos (200\u2013300g)<\/strong><br data-start=\"191\" data-end=\"194\" \/>Capturada nas \u00e1guas frias e limpas da costa atl\u00e2ntica de Marrocos, esta lagosta selvagem destaca-se pela sua carne firme, suculenta e de sabor delicado. Ideal para pratos requintados como lagosta grelhada, risotos, massas e frutos do mar. Produto premium, perfeito para ocasi\u00f5es especiais ou gastronomia profissional.<\/p>\n","protected":false},"excerpt":{"rendered":"<ul>\n<li>Lagosta Selvagem de Marrocos<\/li>\n<li>Calibre 200\u2013300g<\/li>\n<li>Suculenta e de sabor delicado.<\/li>\n<li>Ideal para pratos requintados como lagosta grelhada, risotos, massas e frutos do mar<\/li>\n<li>Produto premium, perfeito para ocasi\u00f5es especiais ou gastronomia profissional<\/li>\n<\/ul>\n","protected":false},"author":43538,"featured_media":230880,"comment_status":"closed","ping_status":"closed","template":"","meta":[],"pwb-brand":[],"product_brand":[],"product_cat":[9339,8305,8419],"product_tag":[],"class_list":{"0":"post-230878","1":"product","2":"type-product","3":"status-publish","4":"has-post-thumbnail","6":"product_cat-lagosta","7":"product_cat-produtos-congelados","8":"product_cat-frutos-do-mar-congelado","10":"first","11":"instock","12":"taxable","13":"shipping-taxable","14":"purchasable","15":"product-type-simple"},"aioseo_notices":[],"brands":[],"_links":{"self":[{"href":"https:\/\/www.delicias-uk.com\/pt-pt\/wp-json\/wp\/v2\/product\/230878","targetHints":{"allow":["GET"]}}],"collection":[{"href":"https:\/\/www.delicias-uk.com\/pt-pt\/wp-json\/wp\/v2\/product"}],"about":[{"href":"https:\/\/www.delicias-uk.com\/pt-pt\/wp-json\/wp\/v2\/types\/product"}],"author":[{"embeddable":true,"href":"https:\/\/www.delicias-uk.com\/pt-pt\/wp-json\/wp\/v2\/users\/43538"}],"replies":[{"embeddable":true,"href":"https:\/\/www.delicias-uk.com\/pt-pt\/wp-json\/wp\/v2\/comments?post=230878"}],"wp:featuredmedia":[{"embeddable":true,"href":"https:\/\/www.delicias-uk.com\/pt-pt\/wp-json\/wp\/v2\/media\/230880"}],"wp:attachment":[{"href":"https:\/\/www.delicias-uk.com\/pt-pt\/wp-json\/wp\/v2\/media?parent=230878"}],"wp:term":[{"taxonomy":"pwb-brand","embeddable":true,"href":"https:\/\/www.delicias-uk.com\/pt-pt\/wp-json\/wp\/v2\/pwb-brand?post=230878"},{"taxonomy":"product_brand","embeddable":true,"href":"https:\/\/www.delicias-uk.com\/pt-pt\/wp-json\/wp\/v2\/product_brand?post=230878"},{"taxonomy":"product_cat","embeddable":true,"href":"https:\/\/www.delicias-uk.com\/pt-pt\/wp-json\/wp\/v2\/product_cat?post=230878"},{"taxonomy":"product_tag","embeddable":true,"href":"https:\/\/www.delicias-uk.com\/pt-pt\/wp-json\/wp\/v2\/product_tag?post=230878"}],"curies":[{"name":"wp","href":"https:\/\/api.w.org\/{rel}","templated":true}]}}