{"id":230823,"date":"2025-07-08T15:32:28","date_gmt":"2025-07-08T14:32:28","guid":{"rendered":"https:\/\/www.delicias-uk.com\/?post_type=product&#038;p=230823"},"modified":"2026-05-04T18:20:58","modified_gmt":"2026-05-04T17:20:58","slug":"pao-saloio-fatiado-panike-850g-copy","status":"publish","type":"product","link":"https:\/\/www.delicias-uk.com\/pt-pt\/produto\/pao-saloio-fatiado-panike-850g-copy\/","title":{"rendered":"Pao Mafra Original 500g"},"content":{"rendered":"<p class=\"\" data-start=\"968\" data-end=\"1062\">\u200bO tradicional P\u00e3o de Mafra \u00e9 conhecido pela sua crosta r\u00fastica e interior macio e alveolado. Produzido com farinhas selecionadas e fermenta\u00e7\u00e3o lenta, oferece sabor aut\u00eantico e textura artesanal. Ideal para acompanhar refei\u00e7\u00f5es, preparar tostas ou simplesmente saborear com azeite ou manteiga.<\/p>\n","protected":false},"excerpt":{"rendered":"<p>\u200bO tradicional P\u00e3o de Mafra \u00e9 conhecido pela sua crosta r\u00fastica e interior macio e alveolado. Produzido com farinhas selecionadas e fermenta\u00e7\u00e3o lenta, oferece sabor aut\u00eantico e textura artesanal. Ideal para acompanhar refei\u00e7\u00f5es, preparar tostas ou simplesmente saborear com azeite ou manteiga.<\/p>\n","protected":false},"author":43538,"featured_media":230825,"comment_status":"closed","ping_status":"closed","template":"","meta":[],"pwb-brand":[],"product_brand":[],"product_cat":[8291,8305,8313],"product_tag":[],"class_list":{"0":"post-230823","1":"product","2":"type-product","3":"status-publish","4":"has-post-thumbnail","6":"product_cat-produtos-portugueses","7":"product_cat-produtos-congelados","8":"product_cat-pao-congelado","10":"first","11":"instock","12":"taxable","13":"shipping-taxable","14":"purchasable","15":"product-type-simple"},"aioseo_notices":[],"brands":[],"_links":{"self":[{"href":"https:\/\/www.delicias-uk.com\/pt-pt\/wp-json\/wp\/v2\/product\/230823","targetHints":{"allow":["GET"]}}],"collection":[{"href":"https:\/\/www.delicias-uk.com\/pt-pt\/wp-json\/wp\/v2\/product"}],"about":[{"href":"https:\/\/www.delicias-uk.com\/pt-pt\/wp-json\/wp\/v2\/types\/product"}],"author":[{"embeddable":true,"href":"https:\/\/www.delicias-uk.com\/pt-pt\/wp-json\/wp\/v2\/users\/43538"}],"replies":[{"embeddable":true,"href":"https:\/\/www.delicias-uk.com\/pt-pt\/wp-json\/wp\/v2\/comments?post=230823"}],"wp:featuredmedia":[{"embeddable":true,"href":"https:\/\/www.delicias-uk.com\/pt-pt\/wp-json\/wp\/v2\/media\/230825"}],"wp:attachment":[{"href":"https:\/\/www.delicias-uk.com\/pt-pt\/wp-json\/wp\/v2\/media?parent=230823"}],"wp:term":[{"taxonomy":"pwb-brand","embeddable":true,"href":"https:\/\/www.delicias-uk.com\/pt-pt\/wp-json\/wp\/v2\/pwb-brand?post=230823"},{"taxonomy":"product_brand","embeddable":true,"href":"https:\/\/www.delicias-uk.com\/pt-pt\/wp-json\/wp\/v2\/product_brand?post=230823"},{"taxonomy":"product_cat","embeddable":true,"href":"https:\/\/www.delicias-uk.com\/pt-pt\/wp-json\/wp\/v2\/product_cat?post=230823"},{"taxonomy":"product_tag","embeddable":true,"href":"https:\/\/www.delicias-uk.com\/pt-pt\/wp-json\/wp\/v2\/product_tag?post=230823"}],"curies":[{"name":"wp","href":"https:\/\/api.w.org\/{rel}","templated":true}]}}