{"id":230813,"date":"2025-07-08T15:08:08","date_gmt":"2025-07-08T14:08:08","guid":{"rendered":"https:\/\/www.delicias-uk.com\/?post_type=product&#038;p=230813"},"modified":"2025-12-14T15:06:53","modified_gmt":"2025-12-14T15:06:53","slug":"folhado-de-espinafre-ricotta-congelado-panike-120g-x-6","status":"publish","type":"product","link":"https:\/\/www.delicias-uk.com\/pt-pt\/produto\/folhado-de-espinafre-ricotta-congelado-panike-120g-x-6\/","title":{"rendered":"Folhado de Espinafre &#038; Ricotta Congelado Panike 120g x 6"},"content":{"rendered":"<p>Folhado salgado recheado com uma mistura cremosa de espinafre e queijo ricotta. A massa leve e crocante contrasta com o interior macio e saboroso, tornando este produto ideal para refei\u00e7\u00f5es r\u00e1pidas, entradas ou lanches. Pronto a consumir, pode ser servido quente ou \u00e0 temperatura ambiente.<\/p>\n<p><strong>Modo de prepara\u00e7\u00e3o:<\/strong> Descongelar 20 min, Pr\u00e9 Aquecer Forno 200\u00baC, Cozedura Forno 200\u00baC \/20 min, Servir.<\/p>\n","protected":false},"excerpt":{"rendered":"<ul style=\"list-style-type: disc;\">\n<li>Cont\u00e9m 6 unidades de 120g cada<\/li>\n<li>Folhado de espinafre e ricotta<\/li>\n<li>Panike \u00e9 uma marca Portuguesa<\/li>\n<\/ul>\n","protected":false},"author":43538,"featured_media":230815,"comment_status":"open","ping_status":"closed","template":"","meta":[],"pwb-brand":[],"product_brand":[],"product_cat":[9324,8413],"product_tag":[],"class_list":{"0":"post-230813","1":"product","2":"type-product","3":"status-publish","4":"has-post-thumbnail","6":"product_cat-para-petiscar","7":"product_cat-salgado-congelado","9":"first","10":"instock","11":"taxable","12":"shipping-taxable","13":"purchasable","14":"product-type-simple"},"aioseo_notices":[],"brands":[],"_links":{"self":[{"href":"https:\/\/www.delicias-uk.com\/pt-pt\/wp-json\/wp\/v2\/product\/230813","targetHints":{"allow":["GET"]}}],"collection":[{"href":"https:\/\/www.delicias-uk.com\/pt-pt\/wp-json\/wp\/v2\/product"}],"about":[{"href":"https:\/\/www.delicias-uk.com\/pt-pt\/wp-json\/wp\/v2\/types\/product"}],"author":[{"embeddable":true,"href":"https:\/\/www.delicias-uk.com\/pt-pt\/wp-json\/wp\/v2\/users\/43538"}],"replies":[{"embeddable":true,"href":"https:\/\/www.delicias-uk.com\/pt-pt\/wp-json\/wp\/v2\/comments?post=230813"}],"wp:featuredmedia":[{"embeddable":true,"href":"https:\/\/www.delicias-uk.com\/pt-pt\/wp-json\/wp\/v2\/media\/230815"}],"wp:attachment":[{"href":"https:\/\/www.delicias-uk.com\/pt-pt\/wp-json\/wp\/v2\/media?parent=230813"}],"wp:term":[{"taxonomy":"pwb-brand","embeddable":true,"href":"https:\/\/www.delicias-uk.com\/pt-pt\/wp-json\/wp\/v2\/pwb-brand?post=230813"},{"taxonomy":"product_brand","embeddable":true,"href":"https:\/\/www.delicias-uk.com\/pt-pt\/wp-json\/wp\/v2\/product_brand?post=230813"},{"taxonomy":"product_cat","embeddable":true,"href":"https:\/\/www.delicias-uk.com\/pt-pt\/wp-json\/wp\/v2\/product_cat?post=230813"},{"taxonomy":"product_tag","embeddable":true,"href":"https:\/\/www.delicias-uk.com\/pt-pt\/wp-json\/wp\/v2\/product_tag?post=230813"}],"curies":[{"name":"wp","href":"https:\/\/api.w.org\/{rel}","templated":true}]}}