{"id":230759,"date":"2025-07-08T12:45:03","date_gmt":"2025-07-08T11:45:03","guid":{"rendered":"https:\/\/www.delicias-uk.com\/?post_type=product&#038;p=230759"},"modified":"2026-05-03T15:02:31","modified_gmt":"2026-05-03T14:02:31","slug":"pastel-de-tentugal-80g-x-8","status":"publish","type":"product","link":"https:\/\/www.delicias-uk.com\/pt-pt\/produto\/pastel-de-tentugal-80g-x-8\/","title":{"rendered":"Pastel de Tent\u00fagal 80g x 8"},"content":{"rendered":"<p>O Pastel de Tent\u00fagal \u00e9 um doce conventual tradicional origin\u00e1rio da vila de Tent\u00fagal, no concelho de Montemor\u2011o\u2011Velho, regi\u00e3o de Coimbra. Sua hist\u00f3ria remonta ao s\u00e9culo XVI, quando as freiras carmelitas do Convento de Nossa Senhora do Carmo desenvolveram esta iguaria requintada. Em 2013, o produto ganhou o selo IGP (Indica\u00e7\u00e3o Geogr\u00e1fica Protegida), garantindo que somente os past\u00e9is feitos em Tent\u00fagal podem ostentar o nome<\/p>\n<p><strong>Caracter\u00edsticas<\/strong><\/p>\n<ul>\n<li><strong>Massa ultra-fina<\/strong><br \/>\nFeita apenas com farinha e \u00e1gua, com espessura entre 0,06 e 0,15\u202fmm. Trabalhada e esticada manualmente at\u00e9 ficar quase transparente<\/li>\n<li><strong>Recheio de ovos moles<\/strong><br \/>\nCremoso, preparado com gema de ovo e calda de a\u00e7\u00facar em ponto \u201cp\u00e9rola\u201d<\/li>\n<\/ul>\n<p><strong>Sabor e textura<\/strong><\/p>\n<p>O contraste entre a massa crocante e o recheio macio cria uma experi\u00eancia sensorial \u00fanica. Externamente delicado e estaladi\u00e7o, internamente suave e doce, com leve toque de a\u00e7\u00facar em p\u00f3 por cima<\/p>\n<p><strong>Como apreciar<\/strong><\/p>\n<ul>\n<li><strong>Quando servir:<\/strong> levemente aquecido ou \u00e0 temperatura ambiente, como sobremesa ou lanche.<\/li>\n<li><strong>Acompanhamentos ideais:<\/strong> ch\u00e1, caf\u00e9 ou vinho do Porto.<\/li>\n<\/ul>\n","protected":false},"excerpt":{"rendered":"<p>O Pastel de Tent\u00fagal \u00e9 um doce conventual tradicional origin\u00e1rio da vila de Tent\u00fagal, no concelho de Montemor\u2011o\u2011Velho, regi\u00e3o de Coimbra. Sua hist\u00f3ria remonta ao s\u00e9culo XVI, quando as freiras carmelitas do Convento de Nossa Senhora do Carmo desenvolveram esta iguaria requintada. Em 2013, o produto ganhou o selo IGP (Indica\u00e7\u00e3o Geogr\u00e1fica Protegida), garantindo que [&hellip;]<\/p>\n","protected":false},"author":43538,"featured_media":230761,"comment_status":"closed","ping_status":"closed","template":"","meta":[],"pwb-brand":[],"product_brand":[],"product_cat":[8305,8399],"product_tag":[],"class_list":{"0":"post-230759","1":"product","2":"type-product","3":"status-publish","4":"has-post-thumbnail","6":"product_cat-produtos-congelados","7":"product_cat-pastelaria-congelada","9":"first","10":"instock","11":"taxable","12":"shipping-taxable","13":"purchasable","14":"product-type-simple"},"aioseo_notices":[],"brands":[],"_links":{"self":[{"href":"https:\/\/www.delicias-uk.com\/pt-pt\/wp-json\/wp\/v2\/product\/230759","targetHints":{"allow":["GET"]}}],"collection":[{"href":"https:\/\/www.delicias-uk.com\/pt-pt\/wp-json\/wp\/v2\/product"}],"about":[{"href":"https:\/\/www.delicias-uk.com\/pt-pt\/wp-json\/wp\/v2\/types\/product"}],"author":[{"embeddable":true,"href":"https:\/\/www.delicias-uk.com\/pt-pt\/wp-json\/wp\/v2\/users\/43538"}],"replies":[{"embeddable":true,"href":"https:\/\/www.delicias-uk.com\/pt-pt\/wp-json\/wp\/v2\/comments?post=230759"}],"wp:featuredmedia":[{"embeddable":true,"href":"https:\/\/www.delicias-uk.com\/pt-pt\/wp-json\/wp\/v2\/media\/230761"}],"wp:attachment":[{"href":"https:\/\/www.delicias-uk.com\/pt-pt\/wp-json\/wp\/v2\/media?parent=230759"}],"wp:term":[{"taxonomy":"pwb-brand","embeddable":true,"href":"https:\/\/www.delicias-uk.com\/pt-pt\/wp-json\/wp\/v2\/pwb-brand?post=230759"},{"taxonomy":"product_brand","embeddable":true,"href":"https:\/\/www.delicias-uk.com\/pt-pt\/wp-json\/wp\/v2\/product_brand?post=230759"},{"taxonomy":"product_cat","embeddable":true,"href":"https:\/\/www.delicias-uk.com\/pt-pt\/wp-json\/wp\/v2\/product_cat?post=230759"},{"taxonomy":"product_tag","embeddable":true,"href":"https:\/\/www.delicias-uk.com\/pt-pt\/wp-json\/wp\/v2\/product_tag?post=230759"}],"curies":[{"name":"wp","href":"https:\/\/api.w.org\/{rel}","templated":true}]}}