{"id":230749,"date":"2025-07-08T11:59:39","date_gmt":"2025-07-08T10:59:39","guid":{"rendered":"https:\/\/www.delicias-uk.com\/?post_type=product&#038;p=230749"},"modified":"2025-07-08T12:33:16","modified_gmt":"2025-07-08T11:33:16","slug":"pastel-de-chaves-original-80g","status":"publish","type":"product","link":"https:\/\/www.delicias-uk.com\/pt-pt\/produto\/pastel-de-chaves-original-80g\/","title":{"rendered":"Pastel de Chaves Original 80g"},"content":{"rendered":"<p>O Pastel de Chaves \u00e9 um tradicional folhado salgado portugu\u00eas da regi\u00e3o de Tr\u00e1s\u2011os\u2011Montes, mais precisamente da cidade de Chaves. Tem formato de meia\u2011lua, massa folhada extremamente fina e crocante, e recheio de carne picada temperada<\/p>\n<p><strong>Origem &amp; Hist\u00f3ria:<\/strong><br \/>\nSua hist\u00f3ria remonta a 1862, quando uma vendedora ambulante popularizou a receita localmente. Em 2015, o Pastel de Chaves recebeu o selo IGP (Indica\u00e7\u00e3o Geogr\u00e1fica Protegida), garantindo sua autenticidade e liga\u00e7\u00e3o \u00e0 cidade de Chaves<\/p>\n<p><strong>Caracter\u00edsticas:<\/strong><\/p>\n<ul>\n<li><strong>Massa:<\/strong> Folhada, com camadas fin\u00edssimas, croc\u00e2ncia marcante<\/li>\n<li><strong>Recheio:<\/strong> Tradicionalmente com carne de vitela (ou novilho), cebola, alho, azeite, louro, p\u00e3o, salsa e temperos<\/li>\n<\/ul>\n<p>&nbsp;<\/p>\n<p><strong>Sabor &amp; Consist\u00eancia:<\/strong><br \/>\nCombina a textura delicada e amanteigada da massa folhada com um recheio suculento, arom\u00e1tico e saboroso; equilibrado entre croc\u00e2ncia e maciez<\/p>\n<p><strong>Como consumir:<\/strong><br \/>\nPode ser servido quente, direto do forno, como snack, entrada ou acompanhamento de bebidas, especialmente vinhos brancos ou regionais .<\/p>\n<p class=\"MsoNormal\">\n","protected":false},"excerpt":{"rendered":"<ul>\n<li>Peso: 80g<\/li>\n<li><strong>Massa:<\/strong> Folhada, com camadas fin\u00edssimas, croc\u00e2ncia marcante<\/li>\n<li><strong>Recheio:<\/strong> Tradicionalmente com carne de vitela (ou novilho), cebola, alho, azeite, louro, p\u00e3o, salsa e temperos<\/li>\n<\/ul>\n","protected":false},"author":43538,"featured_media":230754,"comment_status":"open","ping_status":"closed","template":"","meta":[],"pwb-brand":[],"product_brand":[],"product_cat":[9324,8413],"product_tag":[],"class_list":{"0":"post-230749","1":"product","2":"type-product","3":"status-publish","4":"has-post-thumbnail","6":"product_cat-para-petiscar","7":"product_cat-salgado-congelado","9":"first","10":"instock","11":"taxable","12":"shipping-taxable","13":"purchasable","14":"product-type-simple"},"aioseo_notices":[],"brands":[],"_links":{"self":[{"href":"https:\/\/www.delicias-uk.com\/pt-pt\/wp-json\/wp\/v2\/product\/230749","targetHints":{"allow":["GET"]}}],"collection":[{"href":"https:\/\/www.delicias-uk.com\/pt-pt\/wp-json\/wp\/v2\/product"}],"about":[{"href":"https:\/\/www.delicias-uk.com\/pt-pt\/wp-json\/wp\/v2\/types\/product"}],"author":[{"embeddable":true,"href":"https:\/\/www.delicias-uk.com\/pt-pt\/wp-json\/wp\/v2\/users\/43538"}],"replies":[{"embeddable":true,"href":"https:\/\/www.delicias-uk.com\/pt-pt\/wp-json\/wp\/v2\/comments?post=230749"}],"wp:featuredmedia":[{"embeddable":true,"href":"https:\/\/www.delicias-uk.com\/pt-pt\/wp-json\/wp\/v2\/media\/230754"}],"wp:attachment":[{"href":"https:\/\/www.delicias-uk.com\/pt-pt\/wp-json\/wp\/v2\/media?parent=230749"}],"wp:term":[{"taxonomy":"pwb-brand","embeddable":true,"href":"https:\/\/www.delicias-uk.com\/pt-pt\/wp-json\/wp\/v2\/pwb-brand?post=230749"},{"taxonomy":"product_brand","embeddable":true,"href":"https:\/\/www.delicias-uk.com\/pt-pt\/wp-json\/wp\/v2\/product_brand?post=230749"},{"taxonomy":"product_cat","embeddable":true,"href":"https:\/\/www.delicias-uk.com\/pt-pt\/wp-json\/wp\/v2\/product_cat?post=230749"},{"taxonomy":"product_tag","embeddable":true,"href":"https:\/\/www.delicias-uk.com\/pt-pt\/wp-json\/wp\/v2\/product_tag?post=230749"}],"curies":[{"name":"wp","href":"https:\/\/api.w.org\/{rel}","templated":true}]}}