{"id":230722,"date":"2025-07-08T11:11:28","date_gmt":"2025-07-08T10:11:28","guid":{"rendered":"https:\/\/www.delicias-uk.com\/?post_type=product&#038;p=230722"},"modified":"2025-07-08T11:11:28","modified_gmt":"2025-07-08T10:11:28","slug":"piri-piri-macarico-1-13kg","status":"publish","type":"product","link":"https:\/\/www.delicias-uk.com\/pt-pt\/produto\/piri-piri-macarico-1-13kg\/","title":{"rendered":"Piri Piri Macarico 1.13Kg"},"content":{"rendered":"<p>O Molho Picante Ma\u00e7arico Piri-Piri 1,13 kg \u00e9 um condimento tradicional portugu\u00eas feito com\u00a0 piri-piri de alta qualidade. S\u00e3o mo\u00eddos at\u00e9 formar uma pasta imediatamente ap\u00f3s a colheita para preservar sua cor e sabor naturais, resultando em um molho vibrante e picante. \u00c9 ideal para real\u00e7ar carnes grelhadas, frutos do mar e diversos pratos portugueses.<\/p>\n","protected":false},"excerpt":{"rendered":"<ul>\n<li>Condimento tradicional portugu\u00eas feito com piri-piri de alta qualidade.<\/li>\n<li>Mo\u00eddos at\u00e9 formar uma pasta imediatamente ap\u00f3s a colheita para preservar sua cor e sabor naturais, resultando em um molho vibrante e picante.<\/li>\n<li>Ideal para real\u00e7ar carnes grelhadas, frutos do mar e diversos pratos portugueses.<\/li>\n<\/ul>\n","protected":false},"author":43538,"featured_media":230721,"comment_status":"closed","ping_status":"closed","template":"","meta":[],"pwb-brand":[],"product_brand":[],"product_cat":[8291,8395,8583,8703,8811],"product_tag":[],"class_list":{"0":"post-230722","1":"product","2":"type-product","3":"status-publish","4":"has-post-thumbnail","6":"product_cat-produtos-portugueses","7":"product_cat-mercearia","8":"product_cat-temperos-molhos-e-marinada","9":"product_cat-marinada","10":"product_cat-piri-piri-pt-pt","12":"first","13":"instock","14":"taxable","15":"shipping-taxable","16":"purchasable","17":"product-type-simple"},"aioseo_notices":[],"brands":[],"_links":{"self":[{"href":"https:\/\/www.delicias-uk.com\/pt-pt\/wp-json\/wp\/v2\/product\/230722","targetHints":{"allow":["GET"]}}],"collection":[{"href":"https:\/\/www.delicias-uk.com\/pt-pt\/wp-json\/wp\/v2\/product"}],"about":[{"href":"https:\/\/www.delicias-uk.com\/pt-pt\/wp-json\/wp\/v2\/types\/product"}],"author":[{"embeddable":true,"href":"https:\/\/www.delicias-uk.com\/pt-pt\/wp-json\/wp\/v2\/users\/43538"}],"replies":[{"embeddable":true,"href":"https:\/\/www.delicias-uk.com\/pt-pt\/wp-json\/wp\/v2\/comments?post=230722"}],"wp:featuredmedia":[{"embeddable":true,"href":"https:\/\/www.delicias-uk.com\/pt-pt\/wp-json\/wp\/v2\/media\/230721"}],"wp:attachment":[{"href":"https:\/\/www.delicias-uk.com\/pt-pt\/wp-json\/wp\/v2\/media?parent=230722"}],"wp:term":[{"taxonomy":"pwb-brand","embeddable":true,"href":"https:\/\/www.delicias-uk.com\/pt-pt\/wp-json\/wp\/v2\/pwb-brand?post=230722"},{"taxonomy":"product_brand","embeddable":true,"href":"https:\/\/www.delicias-uk.com\/pt-pt\/wp-json\/wp\/v2\/product_brand?post=230722"},{"taxonomy":"product_cat","embeddable":true,"href":"https:\/\/www.delicias-uk.com\/pt-pt\/wp-json\/wp\/v2\/product_cat?post=230722"},{"taxonomy":"product_tag","embeddable":true,"href":"https:\/\/www.delicias-uk.com\/pt-pt\/wp-json\/wp\/v2\/product_tag?post=230722"}],"curies":[{"name":"wp","href":"https:\/\/api.w.org\/{rel}","templated":true}]}}