{"id":230718,"date":"2025-07-08T11:04:25","date_gmt":"2025-07-08T10:04:25","guid":{"rendered":"https:\/\/www.delicias-uk.com\/?post_type=product&#038;p=230718"},"modified":"2025-07-08T11:04:25","modified_gmt":"2025-07-08T10:04:25","slug":"piri-piri-vagem-ferbar-saco-500g","status":"publish","type":"product","link":"https:\/\/www.delicias-uk.com\/pt-pt\/produto\/piri-piri-vagem-ferbar-saco-500g\/","title":{"rendered":"Piri Piri Vagem Ferbar Saco 500g"},"content":{"rendered":"<p data-start=\"40\" data-end=\"152\"><span class=\"relative -mx-px my-[-0.2rem] rounded px-px py-[0.2rem] transition-colors duration-100 ease-in-out\">O <strong data-start=\"2\" data-end=\"36\">Piri Piri em Vagem Ferbar 500g<\/strong> \u00e9 um tempero picante tradicional portugu\u00eas, ideal para real\u00e7ar o sabor de carnes grelhadas, peixes e pratos t\u00edpicos da culin\u00e1ria lusa.<\/span> <span class=\"relative -mx-px my-[-0.2rem] rounded px-px py-[0.2rem] transition-colors duration-100 ease-in-out\">Apresenta-se em vagens secas, prontas para serem trituradas ou utilizadas inteiras, conforme a necessidade da receita.<\/span><\/p>\n<h3 data-start=\"154\" data-end=\"185\">Caracter\u00edsticas principais:<\/h3>\n<ul data-start=\"187\" data-end=\"448\">\n<li data-start=\"187\" data-end=\"237\">\n<p data-start=\"189\" data-end=\"237\"><strong data-start=\"189\" data-end=\"198\">Marca<\/strong>: <span class=\"relative -mx-px my-[-0.2rem] rounded px-px py-[0.2rem] transition-colors duration-100 ease-in-out\">Ferbar, reconhecida pela qualidade e tradi\u00e7\u00e3o em especiarias.<\/span><\/p>\n<\/li>\n<li data-start=\"238\" data-end=\"294\">\n<p data-start=\"240\" data-end=\"294\"><strong data-start=\"240\" data-end=\"253\">Embalagem<\/strong>: <span class=\"relative -mx-px my-[-0.2rem] rounded px-px py-[0.2rem] transition-colors duration-100 ease-in-out\">Saco de 500g, ideal para uso dom\u00e9stico ou profissional.<\/span><\/p>\n<\/li>\n<li data-start=\"295\" data-end=\"348\">\n<p data-start=\"297\" data-end=\"348\"><strong data-start=\"297\" data-end=\"307\">Origem<\/strong>: <span class=\"relative -mx-px my-[-0.2rem] rounded px-px py-[0.2rem] transition-colors duration-100 ease-in-out\">Portugal.<\/span><\/p>\n<\/li>\n<li data-start=\"349\" data-end=\"448\">\n<p data-start=\"351\" data-end=\"448\"><strong data-start=\"351\" data-end=\"368\">Uso culin\u00e1rio<\/strong>: <span class=\"relative -mx-px my-[-0.2rem] rounded px-px py-[0.2rem] transition-colors duration-100 ease-in-out\">Perfeito para temperar carnes grelhadas, peixes, mariscos e pratos t\u00edpicos como o arroz de marisco ou caldeiradas<\/span><\/p>\n<\/li>\n<\/ul>\n","protected":false},"excerpt":{"rendered":"<ul>\n<li>Peso: 500g<\/li>\n<li><span class=\"relative -mx-px my-[-0.2rem] rounded px-px py-[0.2rem] transition-colors duration-100 ease-in-out\">Tempero picante tradicional portugu\u00eas, ideal para real\u00e7ar o sabor de carnes grelhadas, peixes e pratos t\u00edpicos da culin\u00e1ria lusa.<\/span><\/li>\n<li><span class=\"relative -mx-px my-[-0.2rem] rounded px-px py-[0.2rem] transition-colors duration-100 ease-in-out\">Apresenta-se em vagens secas, prontas para serem trituradas ou utilizadas inteiras, conforme a necessidade da receita.<\/span><\/li>\n<\/ul>\n","protected":false},"author":43538,"featured_media":230715,"comment_status":"closed","ping_status":"closed","template":"","meta":[],"pwb-brand":[],"product_brand":[],"product_cat":[8291,8395,8583,8811],"product_tag":[],"class_list":{"0":"post-230718","1":"product","2":"type-product","3":"status-publish","4":"has-post-thumbnail","6":"product_cat-produtos-portugueses","7":"product_cat-mercearia","8":"product_cat-temperos-molhos-e-marinada","9":"product_cat-piri-piri-pt-pt","11":"first","12":"instock","13":"taxable","14":"shipping-taxable","15":"purchasable","16":"product-type-simple"},"aioseo_notices":[],"brands":[],"_links":{"self":[{"href":"https:\/\/www.delicias-uk.com\/pt-pt\/wp-json\/wp\/v2\/product\/230718","targetHints":{"allow":["GET"]}}],"collection":[{"href":"https:\/\/www.delicias-uk.com\/pt-pt\/wp-json\/wp\/v2\/product"}],"about":[{"href":"https:\/\/www.delicias-uk.com\/pt-pt\/wp-json\/wp\/v2\/types\/product"}],"author":[{"embeddable":true,"href":"https:\/\/www.delicias-uk.com\/pt-pt\/wp-json\/wp\/v2\/users\/43538"}],"replies":[{"embeddable":true,"href":"https:\/\/www.delicias-uk.com\/pt-pt\/wp-json\/wp\/v2\/comments?post=230718"}],"wp:featuredmedia":[{"embeddable":true,"href":"https:\/\/www.delicias-uk.com\/pt-pt\/wp-json\/wp\/v2\/media\/230715"}],"wp:attachment":[{"href":"https:\/\/www.delicias-uk.com\/pt-pt\/wp-json\/wp\/v2\/media?parent=230718"}],"wp:term":[{"taxonomy":"pwb-brand","embeddable":true,"href":"https:\/\/www.delicias-uk.com\/pt-pt\/wp-json\/wp\/v2\/pwb-brand?post=230718"},{"taxonomy":"product_brand","embeddable":true,"href":"https:\/\/www.delicias-uk.com\/pt-pt\/wp-json\/wp\/v2\/product_brand?post=230718"},{"taxonomy":"product_cat","embeddable":true,"href":"https:\/\/www.delicias-uk.com\/pt-pt\/wp-json\/wp\/v2\/product_cat?post=230718"},{"taxonomy":"product_tag","embeddable":true,"href":"https:\/\/www.delicias-uk.com\/pt-pt\/wp-json\/wp\/v2\/product_tag?post=230718"}],"curies":[{"name":"wp","href":"https:\/\/api.w.org\/{rel}","templated":true}]}}