{"id":230706,"date":"2025-07-08T10:47:50","date_gmt":"2025-07-08T09:47:50","guid":{"rendered":"https:\/\/www.delicias-uk.com\/?post_type=product&#038;p=230706"},"modified":"2025-07-08T10:52:42","modified_gmt":"2025-07-08T09:52:42","slug":"polpa-de-caja-congelada-brasfrut-100g","status":"publish","type":"product","link":"https:\/\/www.delicias-uk.com\/pt-pt\/produto\/polpa-de-caja-congelada-brasfrut-100g\/","title":{"rendered":"Polpa de Caj\u00e1 Congelada Brasfrut 100g"},"content":{"rendered":"<p>\u00c9 formada por uma polpa branca na cor que varia do branco ao marfim, tem sabor \u00e1cido e agridoce al\u00e9m de um aroma caracter\u00edstico. A polpa cont\u00e9m fibra, carboidratos, vitamina B2 e vitamina C.<\/p>\n<p><span style=\"text-decoration: underline;\"><strong>M\u00e9todo de preparo:<\/strong><\/span><\/p>\n<p>1. Com uma faca corte a embalagem de polpa congelada em 4 partes.<\/p>\n<p>2. Adicione 200ml de \u00e1gua para cada 100g de polpa de fruta.<\/p>\n<p>3. Bata no liquidificador ou mixer.<\/p>\n<p>4. As frutas j\u00e1 possuem a\u00e7\u00facares naturais, mas se preferir adoce a gosto!<\/p>\n<p><em><strong>Produto congelado. Ser\u00e1 descongelado durante o processo de transporte. Condicionado com materiais termicos (caixa ou bolsa) e gelo.<\/strong><\/em><\/p>\n","protected":false},"excerpt":{"rendered":"<ul style=\"list-style-type: disc;\">\n<li>Peso l\u00edquido 100g<\/li>\n<li>Produto congelado<\/li>\n<li>Produto Brasileiro<\/li>\n<\/ul>\n","protected":false},"author":43538,"featured_media":230712,"comment_status":"open","ping_status":"closed","template":"","meta":[],"pwb-brand":[],"product_brand":[],"product_cat":[8289,8305,8373],"product_tag":[],"class_list":{"0":"post-230706","1":"product","2":"type-product","3":"status-publish","4":"has-post-thumbnail","6":"product_cat-inicio","7":"product_cat-produtos-congelados","8":"product_cat-fruta-e-polpa-congelada","10":"first","11":"outofstock","12":"taxable","13":"shipping-taxable","14":"purchasable","15":"product-type-simple"},"aioseo_notices":[],"brands":[],"_links":{"self":[{"href":"https:\/\/www.delicias-uk.com\/pt-pt\/wp-json\/wp\/v2\/product\/230706","targetHints":{"allow":["GET"]}}],"collection":[{"href":"https:\/\/www.delicias-uk.com\/pt-pt\/wp-json\/wp\/v2\/product"}],"about":[{"href":"https:\/\/www.delicias-uk.com\/pt-pt\/wp-json\/wp\/v2\/types\/product"}],"author":[{"embeddable":true,"href":"https:\/\/www.delicias-uk.com\/pt-pt\/wp-json\/wp\/v2\/users\/43538"}],"replies":[{"embeddable":true,"href":"https:\/\/www.delicias-uk.com\/pt-pt\/wp-json\/wp\/v2\/comments?post=230706"}],"wp:featuredmedia":[{"embeddable":true,"href":"https:\/\/www.delicias-uk.com\/pt-pt\/wp-json\/wp\/v2\/media\/230712"}],"wp:attachment":[{"href":"https:\/\/www.delicias-uk.com\/pt-pt\/wp-json\/wp\/v2\/media?parent=230706"}],"wp:term":[{"taxonomy":"pwb-brand","embeddable":true,"href":"https:\/\/www.delicias-uk.com\/pt-pt\/wp-json\/wp\/v2\/pwb-brand?post=230706"},{"taxonomy":"product_brand","embeddable":true,"href":"https:\/\/www.delicias-uk.com\/pt-pt\/wp-json\/wp\/v2\/product_brand?post=230706"},{"taxonomy":"product_cat","embeddable":true,"href":"https:\/\/www.delicias-uk.com\/pt-pt\/wp-json\/wp\/v2\/product_cat?post=230706"},{"taxonomy":"product_tag","embeddable":true,"href":"https:\/\/www.delicias-uk.com\/pt-pt\/wp-json\/wp\/v2\/product_tag?post=230706"}],"curies":[{"name":"wp","href":"https:\/\/api.w.org\/{rel}","templated":true}]}}