{"id":230704,"date":"2025-07-08T10:46:16","date_gmt":"2025-07-08T09:46:16","guid":{"rendered":"https:\/\/www.delicias-uk.com\/?post_type=product&#038;p=230704"},"modified":"2025-07-08T10:46:16","modified_gmt":"2025-07-08T09:46:16","slug":"polvilho-azedo-amafil-25kg","status":"publish","type":"product","link":"https:\/\/www.delicias-uk.com\/pt-pt\/produto\/polvilho-azedo-amafil-25kg\/","title":{"rendered":"Polvilho Azedo Amafil 25Kg"},"content":{"rendered":"<p data-start=\"82\" data-end=\"176\"><strong data-start=\"82\" data-end=\"176\">Polvilho Azedo Amafil 25kg \u2013 Ingrediente Essencial para a Aut\u00eantica Panifica\u00e7\u00e3o Brasileira<\/strong><\/p>\n<p data-start=\"178\" data-end=\"485\">O Polvilho Azedo Amafil \u00e9 um ingrediente fundamental nas tradicionais receitas brasileiras, como p\u00e3o de queijo e biscoitos crocantes de polvilho. Produzido a partir de f\u00e9cula de mandioca de alta qualidade, passa por um processo natural de fermenta\u00e7\u00e3o que confere leveza e textura crocante aos seus preparos.<\/p>\n<p data-start=\"487\" data-end=\"668\">Ideal para panificadoras, confeitarias e produ\u00e7\u00e3o em grande escala, essa embalagem de 25kg garante a quantidade certa para voc\u00ea criar sempre del\u00edcias t\u00edpicas e aut\u00eanticas do Brasil.<\/p>\n","protected":false},"excerpt":{"rendered":"<p>Polvilho Azedo Amafil 25kg \u2013 Ingrediente Essencial para a Aut\u00eantica Panifica\u00e7\u00e3o Brasileira O Polvilho Azedo Amafil \u00e9 um ingrediente fundamental nas tradicionais receitas brasileiras, como p\u00e3o de queijo e biscoitos crocantes de polvilho. Produzido a partir de f\u00e9cula de mandioca de alta qualidade, passa por um processo natural de fermenta\u00e7\u00e3o que confere leveza e textura [&hellip;]<\/p>\n","protected":false},"author":43538,"featured_media":230703,"comment_status":"closed","ping_status":"closed","template":"","meta":[],"pwb-brand":[],"product_brand":[],"product_cat":[8293,8401,8517,8711],"product_tag":[],"class_list":{"0":"post-230704","1":"product","2":"type-product","3":"status-publish","4":"has-post-thumbnail","6":"product_cat-produtos-brasileiros","7":"product_cat-mercearia-pt-pt","8":"product_cat-farinhas-e-graos","9":"product_cat-farinha-de-mandioca","11":"first","12":"instock","13":"taxable","14":"shipping-taxable","15":"purchasable","16":"product-type-simple"},"aioseo_notices":[],"brands":[],"_links":{"self":[{"href":"https:\/\/www.delicias-uk.com\/pt-pt\/wp-json\/wp\/v2\/product\/230704","targetHints":{"allow":["GET"]}}],"collection":[{"href":"https:\/\/www.delicias-uk.com\/pt-pt\/wp-json\/wp\/v2\/product"}],"about":[{"href":"https:\/\/www.delicias-uk.com\/pt-pt\/wp-json\/wp\/v2\/types\/product"}],"author":[{"embeddable":true,"href":"https:\/\/www.delicias-uk.com\/pt-pt\/wp-json\/wp\/v2\/users\/43538"}],"replies":[{"embeddable":true,"href":"https:\/\/www.delicias-uk.com\/pt-pt\/wp-json\/wp\/v2\/comments?post=230704"}],"wp:featuredmedia":[{"embeddable":true,"href":"https:\/\/www.delicias-uk.com\/pt-pt\/wp-json\/wp\/v2\/media\/230703"}],"wp:attachment":[{"href":"https:\/\/www.delicias-uk.com\/pt-pt\/wp-json\/wp\/v2\/media?parent=230704"}],"wp:term":[{"taxonomy":"pwb-brand","embeddable":true,"href":"https:\/\/www.delicias-uk.com\/pt-pt\/wp-json\/wp\/v2\/pwb-brand?post=230704"},{"taxonomy":"product_brand","embeddable":true,"href":"https:\/\/www.delicias-uk.com\/pt-pt\/wp-json\/wp\/v2\/product_brand?post=230704"},{"taxonomy":"product_cat","embeddable":true,"href":"https:\/\/www.delicias-uk.com\/pt-pt\/wp-json\/wp\/v2\/product_cat?post=230704"},{"taxonomy":"product_tag","embeddable":true,"href":"https:\/\/www.delicias-uk.com\/pt-pt\/wp-json\/wp\/v2\/product_tag?post=230704"}],"curies":[{"name":"wp","href":"https:\/\/api.w.org\/{rel}","templated":true}]}}