{"id":230624,"date":"2025-07-07T15:03:36","date_gmt":"2025-07-07T14:03:36","guid":{"rendered":"https:\/\/www.delicias-uk.com\/?post_type=product&#038;p=230624"},"modified":"2025-08-15T17:28:20","modified_gmt":"2025-08-15T16:28:20","slug":"queijo-nova-acores-em-barra-fatiado-1kg","status":"publish","type":"product","link":"https:\/\/www.delicias-uk.com\/pt-pt\/produto\/queijo-nova-acores-em-barra-fatiado-1kg\/","title":{"rendered":"Queijo Nova A\u00e7ores Fatiado 1Kg"},"content":{"rendered":"<p><span style=\"font-size: 12pt; font-family: Calibri;\">O Queijo Barra Nova A\u00e7ores \u00e9 um queijo altamente nutritivo, rico em c\u00e1lcio e prote\u00ednas.\u00a0<\/span><span style=\"font-size: 12pt; font-family: Calibri;\">Cheio de sabor e genuinamente a\u00e7oriano, este queijo \u00e9 ideal para quem gosta do seu queijo cortado, podendo comer quantas fatias quiser!\u00a0<\/span><\/p>\n","protected":false},"excerpt":{"rendered":"<ul>\n<li>Queijo Flamengo.<\/li>\n<li>Barra 1 kg.<\/li>\n<li>Fatiado<\/li>\n<\/ul>\n","protected":false},"author":43538,"featured_media":230632,"comment_status":"open","ping_status":"closed","template":"","meta":[],"pwb-brand":[],"product_brand":[],"product_cat":[8289,8487,8675],"product_tag":[],"class_list":{"0":"post-230624","1":"product","2":"type-product","3":"status-publish","4":"has-post-thumbnail","6":"product_cat-inicio","7":"product_cat-queijos","8":"product_cat-vaca-pt-pt","10":"first","11":"instock","12":"taxable","13":"shipping-taxable","14":"purchasable","15":"product-type-simple"},"aioseo_notices":[],"brands":[],"_links":{"self":[{"href":"https:\/\/www.delicias-uk.com\/pt-pt\/wp-json\/wp\/v2\/product\/230624","targetHints":{"allow":["GET"]}}],"collection":[{"href":"https:\/\/www.delicias-uk.com\/pt-pt\/wp-json\/wp\/v2\/product"}],"about":[{"href":"https:\/\/www.delicias-uk.com\/pt-pt\/wp-json\/wp\/v2\/types\/product"}],"author":[{"embeddable":true,"href":"https:\/\/www.delicias-uk.com\/pt-pt\/wp-json\/wp\/v2\/users\/43538"}],"replies":[{"embeddable":true,"href":"https:\/\/www.delicias-uk.com\/pt-pt\/wp-json\/wp\/v2\/comments?post=230624"}],"wp:featuredmedia":[{"embeddable":true,"href":"https:\/\/www.delicias-uk.com\/pt-pt\/wp-json\/wp\/v2\/media\/230632"}],"wp:attachment":[{"href":"https:\/\/www.delicias-uk.com\/pt-pt\/wp-json\/wp\/v2\/media?parent=230624"}],"wp:term":[{"taxonomy":"pwb-brand","embeddable":true,"href":"https:\/\/www.delicias-uk.com\/pt-pt\/wp-json\/wp\/v2\/pwb-brand?post=230624"},{"taxonomy":"product_brand","embeddable":true,"href":"https:\/\/www.delicias-uk.com\/pt-pt\/wp-json\/wp\/v2\/product_brand?post=230624"},{"taxonomy":"product_cat","embeddable":true,"href":"https:\/\/www.delicias-uk.com\/pt-pt\/wp-json\/wp\/v2\/product_cat?post=230624"},{"taxonomy":"product_tag","embeddable":true,"href":"https:\/\/www.delicias-uk.com\/pt-pt\/wp-json\/wp\/v2\/product_tag?post=230624"}],"curies":[{"name":"wp","href":"https:\/\/api.w.org\/{rel}","templated":true}]}}