{"id":230618,"date":"2025-07-07T14:59:38","date_gmt":"2025-07-07T13:59:38","guid":{"rendered":"https:\/\/www.delicias-uk.com\/?post_type=product&#038;p=230618"},"modified":"2026-02-24T11:50:32","modified_gmt":"2026-02-24T11:50:32","slug":"queijo-sao-jorge-cura-12-meses-dop-10kg","status":"publish","type":"product","link":"https:\/\/www.delicias-uk.com\/pt-pt\/produto\/queijo-sao-jorge-cura-12-meses-dop-10kg\/","title":{"rendered":"Queijo S\u00e3o Jorge Cura 12 Meses DOP +\/-10Kg"},"content":{"rendered":"<p>Na excel\u00eancia da Natureza que nos envolve, s\u00e3o criados os queijos S\u00e3o Jorge (DOP) Denomina\u00e7\u00e3o de Origem Protegida. Queijo curado de pasta semi-dura a dura, de cor amarelada, com olhos pequenos e irregulares disseminados na massa de consist\u00eancia firme. \u00c9 um produto com aroma e sabor a bouquet forte, limpo e ligeiramente picante, obtido a partir de leite cru de vaca, sal e coalho, com um tempo de cura m\u00ednimo de 12 meses.<\/p>\n","protected":false},"excerpt":{"rendered":"<p>Na excel\u00eancia da Natureza que nos envolve, s\u00e3o criados os queijos S\u00e3o Jorge (DOP) Denomina\u00e7\u00e3o de Origem Protegida. Queijo curado de pasta semi-dura a dura, de cor amarelada, com olhos pequenos e irregulares disseminados na massa de consist\u00eancia firme. \u00c9 um produto com aroma e sabor a bouquet forte, limpo e ligeiramente picante, obtido a [&hellip;]<\/p>\n","protected":false},"author":43538,"featured_media":230620,"comment_status":"open","ping_status":"closed","template":"","meta":[],"pwb-brand":[],"product_brand":[],"product_cat":[9322,9323,8289,8291,8377,8487,8675],"product_tag":[],"class_list":{"0":"post-230618","1":"product","2":"type-product","3":"status-publish","4":"has-post-thumbnail","6":"product_cat-salgados-de-natal","7":"product_cat-selecao-de-queijos","8":"product_cat-inicio","9":"product_cat-produtos-portugueses","10":"product_cat-lacticinios","11":"product_cat-queijos","12":"product_cat-vaca-pt-pt","14":"first","15":"instock","16":"taxable","17":"shipping-taxable","18":"purchasable","19":"product-type-simple"},"aioseo_notices":[],"brands":[],"_links":{"self":[{"href":"https:\/\/www.delicias-uk.com\/pt-pt\/wp-json\/wp\/v2\/product\/230618","targetHints":{"allow":["GET"]}}],"collection":[{"href":"https:\/\/www.delicias-uk.com\/pt-pt\/wp-json\/wp\/v2\/product"}],"about":[{"href":"https:\/\/www.delicias-uk.com\/pt-pt\/wp-json\/wp\/v2\/types\/product"}],"author":[{"embeddable":true,"href":"https:\/\/www.delicias-uk.com\/pt-pt\/wp-json\/wp\/v2\/users\/43538"}],"replies":[{"embeddable":true,"href":"https:\/\/www.delicias-uk.com\/pt-pt\/wp-json\/wp\/v2\/comments?post=230618"}],"wp:featuredmedia":[{"embeddable":true,"href":"https:\/\/www.delicias-uk.com\/pt-pt\/wp-json\/wp\/v2\/media\/230620"}],"wp:attachment":[{"href":"https:\/\/www.delicias-uk.com\/pt-pt\/wp-json\/wp\/v2\/media?parent=230618"}],"wp:term":[{"taxonomy":"pwb-brand","embeddable":true,"href":"https:\/\/www.delicias-uk.com\/pt-pt\/wp-json\/wp\/v2\/pwb-brand?post=230618"},{"taxonomy":"product_brand","embeddable":true,"href":"https:\/\/www.delicias-uk.com\/pt-pt\/wp-json\/wp\/v2\/product_brand?post=230618"},{"taxonomy":"product_cat","embeddable":true,"href":"https:\/\/www.delicias-uk.com\/pt-pt\/wp-json\/wp\/v2\/product_cat?post=230618"},{"taxonomy":"product_tag","embeddable":true,"href":"https:\/\/www.delicias-uk.com\/pt-pt\/wp-json\/wp\/v2\/product_tag?post=230618"}],"curies":[{"name":"wp","href":"https:\/\/api.w.org\/{rel}","templated":true}]}}