{"id":230612,"date":"2025-07-07T14:55:29","date_gmt":"2025-07-07T13:55:29","guid":{"rendered":"https:\/\/www.delicias-uk.com\/?post_type=product&#038;p=230612"},"modified":"2026-02-24T11:49:42","modified_gmt":"2026-02-24T11:49:42","slug":"queijo-sao-jorge-cura-24-meses-dop-10-5kg","status":"publish","type":"product","link":"https:\/\/www.delicias-uk.com\/pt-pt\/produto\/queijo-sao-jorge-cura-24-meses-dop-10-5kg\/","title":{"rendered":"Queijo S\u00e3o Jorge Cura 24 Meses DOP +\/-10.5Kg"},"content":{"rendered":"<p style=\"margin-top: 0pt; margin-bottom: 0pt; margin-left: 0in; text-align: left;\"><span style=\"font-size: 12pt; font-family: 'Calibri Light'; color: #000000; font-weight: normal; font-style: normal;\">Na excel\u00eancia da Natureza que nos envolve, s\u00e3o criados os queijos S\u00e3o Jorge (DOP) Denomina\u00e7\u00e3o de Origem Protegida.<\/span> <span style=\"font-size: 12pt; font-family: 'Calibri Light'; color: #000000; font-weight: normal; font-style: normal;\">Queijo curado de pasta semi-dura a dura, de cor amarelada, com olhos pequenos e irregulares disseminados na massa de consist\u00eancia firme.<\/span> <span style=\"font-size: 12pt; font-family: 'Calibri Light'; color: #000000; font-weight: normal; font-style: normal;\">\u00c9 um produto com aroma e sabor a bouquet forte, limpo e ligeiramente picante, obtido a partir de leite cru de vaca, sal e coalho, com um tempo de cura m\u00ednima de 24 meses.<\/span><\/p>\n","protected":false},"excerpt":{"rendered":"<p>. Q<span style=\"font-family: 'Calibri Light'; font-size: 16px;\">ueijos S\u00e3o Jorge (DOP) Denomina\u00e7\u00e3o de Origem Protegida<\/span><\/p>\n<p><span style=\"font-family: 'Calibri Light'; font-size: 16px;\">. A<\/span><span style=\"font-family: 'Calibri Light'; font-size: 16px;\">roma e sabor a bouquet forte, limpo e ligeiramente picante<\/span><\/p>\n<p><span style=\"font-family: 'Calibri Light'; font-size: 16px;\">. C<\/span><span style=\"font-family: 'Calibri Light'; font-size: 16px;\">ura m\u00ednima de 24 meses<\/span><\/p>\n","protected":false},"author":43538,"featured_media":230616,"comment_status":"open","ping_status":"closed","template":"","meta":[],"pwb-brand":[],"product_brand":[],"product_cat":[9322,9323,8289,8291,8317,8377,8487,8675],"product_tag":[],"class_list":{"0":"post-230612","1":"product","2":"type-product","3":"status-publish","4":"has-post-thumbnail","6":"product_cat-salgados-de-natal","7":"product_cat-selecao-de-queijos","8":"product_cat-inicio","9":"product_cat-produtos-portugueses","10":"product_cat-especiais-do-mes","11":"product_cat-lacticinios","12":"product_cat-queijos","13":"product_cat-vaca-pt-pt","15":"first","16":"instock","17":"taxable","18":"shipping-taxable","19":"purchasable","20":"product-type-simple"},"aioseo_notices":[],"brands":[],"_links":{"self":[{"href":"https:\/\/www.delicias-uk.com\/pt-pt\/wp-json\/wp\/v2\/product\/230612","targetHints":{"allow":["GET"]}}],"collection":[{"href":"https:\/\/www.delicias-uk.com\/pt-pt\/wp-json\/wp\/v2\/product"}],"about":[{"href":"https:\/\/www.delicias-uk.com\/pt-pt\/wp-json\/wp\/v2\/types\/product"}],"author":[{"embeddable":true,"href":"https:\/\/www.delicias-uk.com\/pt-pt\/wp-json\/wp\/v2\/users\/43538"}],"replies":[{"embeddable":true,"href":"https:\/\/www.delicias-uk.com\/pt-pt\/wp-json\/wp\/v2\/comments?post=230612"}],"wp:featuredmedia":[{"embeddable":true,"href":"https:\/\/www.delicias-uk.com\/pt-pt\/wp-json\/wp\/v2\/media\/230616"}],"wp:attachment":[{"href":"https:\/\/www.delicias-uk.com\/pt-pt\/wp-json\/wp\/v2\/media?parent=230612"}],"wp:term":[{"taxonomy":"pwb-brand","embeddable":true,"href":"https:\/\/www.delicias-uk.com\/pt-pt\/wp-json\/wp\/v2\/pwb-brand?post=230612"},{"taxonomy":"product_brand","embeddable":true,"href":"https:\/\/www.delicias-uk.com\/pt-pt\/wp-json\/wp\/v2\/product_brand?post=230612"},{"taxonomy":"product_cat","embeddable":true,"href":"https:\/\/www.delicias-uk.com\/pt-pt\/wp-json\/wp\/v2\/product_cat?post=230612"},{"taxonomy":"product_tag","embeddable":true,"href":"https:\/\/www.delicias-uk.com\/pt-pt\/wp-json\/wp\/v2\/product_tag?post=230612"}],"curies":[{"name":"wp","href":"https:\/\/api.w.org\/{rel}","templated":true}]}}