{"id":230570,"date":"2025-07-07T14:09:37","date_gmt":"2025-07-07T13:09:37","guid":{"rendered":"https:\/\/www.delicias-uk.com\/?post_type=product&#038;p=230570"},"modified":"2025-07-07T14:11:04","modified_gmt":"2025-07-07T13:11:04","slug":"pacheca-vale-de-abraao-colheita-selecionada-2019-75cl-x-3","status":"publish","type":"product","link":"https:\/\/www.delicias-uk.com\/pt-pt\/produto\/pacheca-vale-de-abraao-colheita-selecionada-2019-75cl-x-3\/","title":{"rendered":"Pacheca Vale de Abra\u00e3o Colheita Selecionada 2019 75cl x 3"},"content":{"rendered":"<p style=\"margin-top: 0pt; margin-bottom: 0pt; margin-left: 0in; vertical-align: baseline;\"><span style=\"font-size: 12pt; font-family: Calibri;\">O <\/span><span style=\"font-size: 12pt; font-family: Calibri;\">Pacheca Vale de Abra\u00e3o Colheita Seleccionada <\/span><span style=\"font-size: 12pt; font-family: Calibri;\">2017 <\/span><span style=\"font-size: 12pt; font-family: Calibri;\">\u00e9 um vinho obtido a partir de uvas das castas Touriga Franca e Touriga Nacional oriundas da Quinta de Vale de Abra\u00e3o, de vinhas do Vale do Rio Pinh\u00e3o e de vinhas do Vale da Vilari\u00e7a<\/span><span style=\"font-size: 12pt; font-family: Calibri;\">. As <\/span><span style=\"font-size: 12pt; font-family: Calibri;\">uvas foram colhidas para caixas de 25 Kg, ap\u00f3s cuidadosa sele\u00e7\u00e3o pelo seu me- lhor estado de sanidade, e encaminhadas para o centro de vini ca\u00e7\u00e3o onde foram integralmente desenga\u00e7adas. A Fermenta\u00e7\u00e3o ocorreu por 9 dias em Lagar de granito de 14 toneladas, com pisa a p\u00e9 e remontagens suaves para lixivia\u00e7\u00e3o da manta e extra\u00e7\u00e3o de compostos fen\u00f3licos e arom\u00e1ticos<\/span><span style=\"font-size: 12pt; font-family: Calibri;\">. No <\/span><span style=\"font-size: 12pt; font-family: Calibri;\">Final da Fermenta\u00e7\u00e3o alco\u00f3lica o vinho foi transferido para cubas de a\u00e7o inoxid\u00e1- vel onde ocorreu a Fermenta\u00e7\u00e3o malol\u00e1ctica e posteriormente estagiou em barricas novas de carvalho Franc\u00eas durante 18 meses<\/span><span style=\"font-size: 12pt; font-family: Calibri;\">. \u00c9 <\/span><span style=\"font-size: 12pt; font-family: Calibri;\">um vinho de cor violeta profunda. <\/span><span style=\"font-size: 12pt; font-family: Calibri;\">No aroma apresenta-se muito frutado, com no- tas evidentes de fruta preta madura, como mirtilo e groselha preta, sendo ao mesmo tempo fresco com notas orais. Na boca \u00e9 concentrado, gordo, com taninos presen- tes, notas de chocolate e frescura impl\u00edcita. <\/span><span style=\"font-size: 12pt; font-family: Calibri;\">Final longo e muito persistente<\/span><span style=\"font-size: 12pt; font-family: Calibri;\">.<\/span><\/p>\n<p style=\"margin-top: 0pt; margin-bottom: 0pt; margin-left: 0in; vertical-align: baseline;\"><span style=\"font-size: 12pt; font-family: Calibri;\">Produtor:\u00a0Quinta da Pacheca<\/span><\/p>\n<p style=\"margin-top: 0pt; margin-bottom: 0pt; margin-left: 0in; vertical-align: baseline;\"><span style=\"font-size: 12pt; font-family: Calibri;\">Regiao:\u00a0Douro<\/span><\/p>\n<p style=\"margin-top: 0pt; margin-bottom: 0pt; margin-left: 0in; vertical-align: baseline;\"><span style=\"font-size: 12pt; font-family: Calibri;\">Pa\u00eds: Portugal<\/span><\/p>\n<p style=\"margin-top: 0pt; margin-bottom: 0pt; margin-left: 0in; vertical-align: baseline;\"><span style=\"font-size: 12pt; font-family: Calibri;\">Tipo de\u00a0Vinho: Tinto<\/span><\/p>\n<p style=\"margin-top: 0pt; margin-bottom: 0pt; margin-left: 0in; vertical-align: baseline;\"><span style=\"font-size: 12pt; font-family: Calibri;\">Castas:\u00a0Touriga Franca and Touriga Nacional <\/span><\/p>\n<p style=\"margin-top: 0pt; margin-bottom: 0pt; margin-left: 0in; vertical-align: baseline;\"><span style=\"font-size: 12pt; font-family: Calibri;\">Garrafa:\u00a0750ml<\/span><\/p>\n<p style=\"margin-top: 0pt; margin-bottom: 0pt; margin-left: 0in; vertical-align: baseline;\"><span style=\"font-size: 12pt; font-family: Calibri;\">Teor\u00a0Alcoolico: 14%<\/span><\/p>\n","protected":false},"excerpt":{"rendered":"<ul>\n<li style=\"vertical-align: baseline;\"><span style=\"font-size: 12pt; font-family: Calibri;\">Produtor:\u00a0Quinta da Pacheca<\/span><\/li>\n<li style=\"vertical-align: baseline;\"><span style=\"font-size: 12pt; font-family: Calibri;\">Regiao:\u00a0Douro<\/span><\/li>\n<li style=\"vertical-align: baseline;\"><span style=\"font-size: 12pt; font-family: Calibri;\">Pa\u00eds: Portugal<\/span><\/li>\n<li style=\"vertical-align: baseline;\"><span style=\"font-size: 12pt; font-family: Calibri;\">Tipo de\u00a0Vinho: Tinto<\/span><\/li>\n<li style=\"vertical-align: baseline;\"><span style=\"font-size: 12pt; font-family: Calibri;\">Castas:\u00a0Touriga Franca and Touriga Nacional<\/span><\/li>\n<li style=\"vertical-align: baseline;\"><span style=\"font-size: 12pt; font-family: Calibri;\">Garrafa:\u00a0750ml<\/span><\/li>\n<li style=\"vertical-align: baseline;\"><span style=\"font-size: 12pt; font-family: Calibri;\">Teor Alcoolico: 14%<\/span><\/li>\n<\/ul>\n","protected":false},"author":43538,"featured_media":194213,"comment_status":"open","ping_status":"closed","template":"","meta":[],"pwb-brand":[],"product_brand":[],"product_cat":[8289,8291,8431,8449,8823],"product_tag":[],"class_list":{"0":"post-230570","1":"product","2":"type-product","3":"status-publish","4":"has-post-thumbnail","6":"product_cat-inicio","7":"product_cat-produtos-portugueses","8":"product_cat-vinhos-pt-pt","9":"product_cat-vinho-tinto","10":"product_cat-douro-pt-pt","12":"first","13":"instock","14":"taxable","15":"shipping-taxable","16":"purchasable","17":"product-type-simple"},"aioseo_notices":[],"brands":[],"_links":{"self":[{"href":"https:\/\/www.delicias-uk.com\/pt-pt\/wp-json\/wp\/v2\/product\/230570","targetHints":{"allow":["GET"]}}],"collection":[{"href":"https:\/\/www.delicias-uk.com\/pt-pt\/wp-json\/wp\/v2\/product"}],"about":[{"href":"https:\/\/www.delicias-uk.com\/pt-pt\/wp-json\/wp\/v2\/types\/product"}],"author":[{"embeddable":true,"href":"https:\/\/www.delicias-uk.com\/pt-pt\/wp-json\/wp\/v2\/users\/43538"}],"replies":[{"embeddable":true,"href":"https:\/\/www.delicias-uk.com\/pt-pt\/wp-json\/wp\/v2\/comments?post=230570"}],"wp:featuredmedia":[{"embeddable":true,"href":"https:\/\/www.delicias-uk.com\/pt-pt\/wp-json\/wp\/v2\/media\/194213"}],"wp:attachment":[{"href":"https:\/\/www.delicias-uk.com\/pt-pt\/wp-json\/wp\/v2\/media?parent=230570"}],"wp:term":[{"taxonomy":"pwb-brand","embeddable":true,"href":"https:\/\/www.delicias-uk.com\/pt-pt\/wp-json\/wp\/v2\/pwb-brand?post=230570"},{"taxonomy":"product_brand","embeddable":true,"href":"https:\/\/www.delicias-uk.com\/pt-pt\/wp-json\/wp\/v2\/product_brand?post=230570"},{"taxonomy":"product_cat","embeddable":true,"href":"https:\/\/www.delicias-uk.com\/pt-pt\/wp-json\/wp\/v2\/product_cat?post=230570"},{"taxonomy":"product_tag","embeddable":true,"href":"https:\/\/www.delicias-uk.com\/pt-pt\/wp-json\/wp\/v2\/product_tag?post=230570"}],"curies":[{"name":"wp","href":"https:\/\/api.w.org\/{rel}","templated":true}]}}