{"id":230562,"date":"2025-07-07T14:00:48","date_gmt":"2025-07-07T13:00:48","guid":{"rendered":"https:\/\/www.delicias-uk.com\/?post_type=product&#038;p=230562"},"modified":"2026-04-14T11:27:24","modified_gmt":"2026-04-14T10:27:24","slug":"rissois-de-camarao-prosilar-67g-x-12","status":"publish","type":"product","link":"https:\/\/www.delicias-uk.com\/pt-pt\/produto\/rissois-de-camarao-prosilar-67g-x-12\/","title":{"rendered":"Rissois de Camarao Prosilar 67g x 12"},"content":{"rendered":"<p>Os <strong data-start=\"177\" data-end=\"207\">riss\u00f3is de camar\u00e3o Prosilar<\/strong> \u00e9 um cl\u00e1ssico da culin\u00e1ria portuguesa, feito com recheio cremoso de camar\u00e3o envolto numa massa leve e crocante. Ideal como entrada, lanche ou para servir em festas e eventos.<\/p>\n","protected":false},"excerpt":{"rendered":"<p>Os riss\u00f3is de camar\u00e3o Prosilar \u00e9 um cl\u00e1ssico da culin\u00e1ria portuguesa, feito com recheio cremoso de camar\u00e3o envolto numa massa leve e crocante. Ideal como entrada, lanche ou para servir em festas e eventos.<\/p>\n","protected":false},"author":43538,"featured_media":230561,"comment_status":"closed","ping_status":"closed","template":"","meta":[],"pwb-brand":[],"product_brand":[],"product_cat":[9324,8305,8413],"product_tag":[],"class_list":{"0":"post-230562","1":"product","2":"type-product","3":"status-publish","4":"has-post-thumbnail","6":"product_cat-para-petiscar","7":"product_cat-produtos-congelados","8":"product_cat-salgado-congelado","10":"first","11":"instock","12":"taxable","13":"shipping-taxable","14":"purchasable","15":"product-type-simple"},"aioseo_notices":[],"brands":[],"_links":{"self":[{"href":"https:\/\/www.delicias-uk.com\/pt-pt\/wp-json\/wp\/v2\/product\/230562","targetHints":{"allow":["GET"]}}],"collection":[{"href":"https:\/\/www.delicias-uk.com\/pt-pt\/wp-json\/wp\/v2\/product"}],"about":[{"href":"https:\/\/www.delicias-uk.com\/pt-pt\/wp-json\/wp\/v2\/types\/product"}],"author":[{"embeddable":true,"href":"https:\/\/www.delicias-uk.com\/pt-pt\/wp-json\/wp\/v2\/users\/43538"}],"replies":[{"embeddable":true,"href":"https:\/\/www.delicias-uk.com\/pt-pt\/wp-json\/wp\/v2\/comments?post=230562"}],"wp:featuredmedia":[{"embeddable":true,"href":"https:\/\/www.delicias-uk.com\/pt-pt\/wp-json\/wp\/v2\/media\/230561"}],"wp:attachment":[{"href":"https:\/\/www.delicias-uk.com\/pt-pt\/wp-json\/wp\/v2\/media?parent=230562"}],"wp:term":[{"taxonomy":"pwb-brand","embeddable":true,"href":"https:\/\/www.delicias-uk.com\/pt-pt\/wp-json\/wp\/v2\/pwb-brand?post=230562"},{"taxonomy":"product_brand","embeddable":true,"href":"https:\/\/www.delicias-uk.com\/pt-pt\/wp-json\/wp\/v2\/product_brand?post=230562"},{"taxonomy":"product_cat","embeddable":true,"href":"https:\/\/www.delicias-uk.com\/pt-pt\/wp-json\/wp\/v2\/product_cat?post=230562"},{"taxonomy":"product_tag","embeddable":true,"href":"https:\/\/www.delicias-uk.com\/pt-pt\/wp-json\/wp\/v2\/product_tag?post=230562"}],"curies":[{"name":"wp","href":"https:\/\/api.w.org\/{rel}","templated":true}]}}