{"id":230544,"date":"2025-07-07T12:46:14","date_gmt":"2025-07-07T11:46:14","guid":{"rendered":"https:\/\/www.delicias-uk.com\/?post_type=product&#038;p=230544"},"modified":"2026-01-29T12:09:13","modified_gmt":"2026-01-29T12:09:13","slug":"cecina-metade-alfonso-pena-200g","status":"publish","type":"product","link":"https:\/\/www.delicias-uk.com\/pt-pt\/produto\/cecina-metade-alfonso-pena-200g\/","title":{"rendered":"Cecina Metade Alfonso Pena 200g"},"content":{"rendered":"<p>A cecina \u00e9 uma carne curada tradicional da Espanha, geralmente feita a partir de carne bovina (m\u00fasculo da perna), salgada e secada ao ar ou defumada. A Cecina de Le\u00f3n, com denomina\u00e7\u00e3o IGP, \u00e9 a mais conhecida<\/p>\n<p><strong>Como consumir<\/strong><\/p>\n<ul>\n<li><strong>Temperatura ambiente<\/strong>: retirar da embalagem 15\u201330 minutos antes de consumir para real\u00e7ar sabor e aroma<\/li>\n<li><strong>Fatias finas<\/strong>: cortar ou consumir j\u00e1 fatiado<\/li>\n<li>Excelente em <strong>t\u00e1buas de frios<\/strong>, combinada com queijos, azeitonas e vinho<\/li>\n<li>Ideal para <strong>aperitivos<\/strong>, tostas ou saladas<\/li>\n<\/ul>\n<p><strong>Conserva\u00e7\u00e3o<\/strong><\/p>\n<ul>\n<li>Guarde em local fresco, seco e sem luz; evite embalagens pl\u00e1sticas \u2014 prefira pano de algod\u00e3o se for conservar a pe\u00e7a inteira<\/li>\n<li>Uma vez aberta, consuma preferencialmente em at\u00e9 1 m\u00eas<\/li>\n<\/ul>\n","protected":false},"excerpt":{"rendered":"<ul>\n<li><strong>Temperatura ambiente<\/strong>: retirar da embalagem 15\u201330 minutos antes de consumir para real\u00e7ar sabor e aroma<\/li>\n<li><strong>Fatias finas<\/strong>: cortar ou consumir j\u00e1 fatiado<\/li>\n<li>Excelente em <strong>t\u00e1buas de frios<\/strong>, combinada com queijos, azeitonas e vinho<\/li>\n<li>Ideal para <strong>aperitivos<\/strong>, tostas ou saladas<\/li>\n<\/ul>\n","protected":false},"author":43538,"featured_media":230546,"comment_status":"closed","ping_status":"closed","template":"","meta":[],"pwb-brand":[],"product_brand":[],"product_cat":[8337,8669,8295,8321,8343,8499],"product_tag":[],"class_list":{"0":"post-230544","1":"product","2":"type-product","3":"status-publish","4":"has-post-thumbnail","6":"product_cat-charcutaria","7":"product_cat-paio-outros","8":"product_cat-produtos-espanhois","9":"product_cat-especiais-do-mes-pt-pt-produtos-espanhois","10":"product_cat-charcutaria-pt-pt","11":"product_cat-sem-glutem","13":"first","14":"outofstock","15":"taxable","16":"shipping-taxable","17":"purchasable","18":"product-type-simple"},"aioseo_notices":[],"brands":[],"_links":{"self":[{"href":"https:\/\/www.delicias-uk.com\/pt-pt\/wp-json\/wp\/v2\/product\/230544","targetHints":{"allow":["GET"]}}],"collection":[{"href":"https:\/\/www.delicias-uk.com\/pt-pt\/wp-json\/wp\/v2\/product"}],"about":[{"href":"https:\/\/www.delicias-uk.com\/pt-pt\/wp-json\/wp\/v2\/types\/product"}],"author":[{"embeddable":true,"href":"https:\/\/www.delicias-uk.com\/pt-pt\/wp-json\/wp\/v2\/users\/43538"}],"replies":[{"embeddable":true,"href":"https:\/\/www.delicias-uk.com\/pt-pt\/wp-json\/wp\/v2\/comments?post=230544"}],"wp:featuredmedia":[{"embeddable":true,"href":"https:\/\/www.delicias-uk.com\/pt-pt\/wp-json\/wp\/v2\/media\/230546"}],"wp:attachment":[{"href":"https:\/\/www.delicias-uk.com\/pt-pt\/wp-json\/wp\/v2\/media?parent=230544"}],"wp:term":[{"taxonomy":"pwb-brand","embeddable":true,"href":"https:\/\/www.delicias-uk.com\/pt-pt\/wp-json\/wp\/v2\/pwb-brand?post=230544"},{"taxonomy":"product_brand","embeddable":true,"href":"https:\/\/www.delicias-uk.com\/pt-pt\/wp-json\/wp\/v2\/product_brand?post=230544"},{"taxonomy":"product_cat","embeddable":true,"href":"https:\/\/www.delicias-uk.com\/pt-pt\/wp-json\/wp\/v2\/product_cat?post=230544"},{"taxonomy":"product_tag","embeddable":true,"href":"https:\/\/www.delicias-uk.com\/pt-pt\/wp-json\/wp\/v2\/product_tag?post=230544"}],"curies":[{"name":"wp","href":"https:\/\/api.w.org\/{rel}","templated":true}]}}