{"id":230541,"date":"2025-07-07T12:44:46","date_gmt":"2025-07-07T11:44:46","guid":{"rendered":"https:\/\/www.delicias-uk.com\/?post_type=product&#038;p=230541"},"modified":"2025-07-07T12:44:46","modified_gmt":"2025-07-07T11:44:46","slug":"chorico-para-churrasco-picante-mini-ortiz-1-5kg","status":"publish","type":"product","link":"https:\/\/www.delicias-uk.com\/pt-pt\/produto\/chorico-para-churrasco-picante-mini-ortiz-1-5kg\/","title":{"rendered":"Chorico para Churrasco Picante Mini Ortiz  +\/- 1.5Kg"},"content":{"rendered":"<p><strong>Chorizo Barbacoa Spicy Mini Ortiz<\/strong> \u00e9 um chouri\u00e7o espanhol fresco e tradicional, produzido pela <strong>Embutidos Ortiz<\/strong>, uma empresa familiar reconhecida pela charcutaria artesanal e natural. Esta vers\u00e3o mini \u00e9:<\/p>\n<ul>\n<li>Fresca e <strong>semi-curada<\/strong> (apenas 3 dias de cura)<\/li>\n<li>Feita com <strong>carne de porco, piment\u00e3o, alho, sal e tripa natural<\/strong><\/li>\n<li><strong>Vers\u00e3o picante<\/strong>, ideal para quem gosta de sabores mais intensos<\/li>\n<li>Tamanho perfeito para <strong>grelhar, fritar ou usar em ensopados<\/strong><\/li>\n<\/ul>\n<p>Este tipo de chorizo \u00e9 especialmente popular em <strong>churrascos (barbacoa)<\/strong> gra\u00e7as \u00e0 sua textura suculenta e ao sabor marcante de <strong>p\u00e1prica defumada<\/strong>.<\/p>\n<p><strong>Como usar<\/strong><\/p>\n<p>Este mini chorizo picante \u00e9 extremamente vers\u00e1til. Voc\u00ea pode:<\/p>\n<ul>\n<li><strong>Grelhar ou fritar<\/strong> at\u00e9 ficar dourado e suculento (ideal para churrascos)<\/li>\n<li>Adicionar a <strong>pratos com arroz, massas ou ensopados<\/strong>, conferindo um sabor intenso e defumado<\/li>\n<li>Fatiar e servir em <strong>tapas, sandu\u00edches ou omeletes<\/strong><\/li>\n<li>Acompanhar com <strong>p\u00e3o r\u00fastico, queijo e vinho<\/strong>, compondo uma aut\u00eantica t\u00e1bua espanhola<\/li>\n<\/ul>\n","protected":false},"excerpt":{"rendered":"<ul>\n<li><strong>Grelhar ou fritar<\/strong> at\u00e9 ficar dourado e suculento (ideal para churrascos)<\/li>\n<li>Adicionar a <strong>pratos com arroz, massas ou ensopados<\/strong>, conferindo um sabor intenso e defumado<\/li>\n<li>Fatiar e servir em <strong>tapas, sandu\u00edches ou omeletes<\/strong><\/li>\n<li>Acompanhar com <strong>p\u00e3o r\u00fastico, queijo e vinho<\/strong>, compondo uma aut\u00eantica t\u00e1bua espanhola<\/li>\n<\/ul>\n","protected":false},"author":43538,"featured_media":230540,"comment_status":"closed","ping_status":"closed","template":"","meta":[],"pwb-brand":[],"product_brand":[],"product_cat":[8337,8663,8295,8343,8499],"product_tag":[],"class_list":{"0":"post-230541","1":"product","2":"type-product","3":"status-publish","4":"has-post-thumbnail","6":"product_cat-charcutaria","7":"product_cat-chourico-e-salsicha","8":"product_cat-produtos-espanhois","9":"product_cat-charcutaria-pt-pt","10":"product_cat-sem-glutem","12":"first","13":"outofstock","14":"taxable","15":"shipping-taxable","16":"purchasable","17":"product-type-simple"},"aioseo_notices":[],"brands":[],"_links":{"self":[{"href":"https:\/\/www.delicias-uk.com\/pt-pt\/wp-json\/wp\/v2\/product\/230541","targetHints":{"allow":["GET"]}}],"collection":[{"href":"https:\/\/www.delicias-uk.com\/pt-pt\/wp-json\/wp\/v2\/product"}],"about":[{"href":"https:\/\/www.delicias-uk.com\/pt-pt\/wp-json\/wp\/v2\/types\/product"}],"author":[{"embeddable":true,"href":"https:\/\/www.delicias-uk.com\/pt-pt\/wp-json\/wp\/v2\/users\/43538"}],"replies":[{"embeddable":true,"href":"https:\/\/www.delicias-uk.com\/pt-pt\/wp-json\/wp\/v2\/comments?post=230541"}],"wp:featuredmedia":[{"embeddable":true,"href":"https:\/\/www.delicias-uk.com\/pt-pt\/wp-json\/wp\/v2\/media\/230540"}],"wp:attachment":[{"href":"https:\/\/www.delicias-uk.com\/pt-pt\/wp-json\/wp\/v2\/media?parent=230541"}],"wp:term":[{"taxonomy":"pwb-brand","embeddable":true,"href":"https:\/\/www.delicias-uk.com\/pt-pt\/wp-json\/wp\/v2\/pwb-brand?post=230541"},{"taxonomy":"product_brand","embeddable":true,"href":"https:\/\/www.delicias-uk.com\/pt-pt\/wp-json\/wp\/v2\/product_brand?post=230541"},{"taxonomy":"product_cat","embeddable":true,"href":"https:\/\/www.delicias-uk.com\/pt-pt\/wp-json\/wp\/v2\/product_cat?post=230541"},{"taxonomy":"product_tag","embeddable":true,"href":"https:\/\/www.delicias-uk.com\/pt-pt\/wp-json\/wp\/v2\/product_tag?post=230541"}],"curies":[{"name":"wp","href":"https:\/\/api.w.org\/{rel}","templated":true}]}}