{"id":230535,"date":"2025-07-07T12:34:02","date_gmt":"2025-07-07T11:34:02","guid":{"rendered":"https:\/\/www.delicias-uk.com\/?post_type=product&#038;p=230535"},"modified":"2026-01-31T19:45:43","modified_gmt":"2026-01-31T19:45:43","slug":"lombo-iberico-jamonteno-500g","status":"publish","type":"product","link":"https:\/\/www.delicias-uk.com\/pt-pt\/produto\/lombo-iberico-jamonteno-500g\/","title":{"rendered":"Lombo Iberico Jamonteno 500g"},"content":{"rendered":"<p>O <strong>lombo ib\u00e9rico<\/strong> (em espanhol, <em>lomo ib\u00e9rico<\/em>) \u00e9 um dos cortes mais nobres do porco ib\u00e9rico. Trata-se de uma pe\u00e7a magra, localizada ao longo da coluna vertebral do animal, com gordura infiltrada naturalmente na carne \u2014 o que garante sabor, sucul\u00eancia e maciez \u00fanicos.<\/p>\n<p><strong>Como servir<\/strong><\/p>\n<p>O lombo ib\u00e9rico Jamonteno \u00e9 ideal para servir como aperitivo ou entrada:<\/p>\n<ul>\n<li>Combine com p\u00e3es artesanais, tostas ou azeite de oliva<\/li>\n<li>Excelente com <strong>vinhos tintos jovens<\/strong> (como Tempranillo ou Rioja)<\/li>\n<li>Tamb\u00e9m harmoniza com queijos curados (como Serra)<\/li>\n<\/ul>\n<p><strong>Benef\u00edcios e caracter\u00edsticas<\/strong><\/p>\n<ul>\n<li>Sabor suave, levemente defumado e temperado<\/li>\n<li>Textura macia e consistente<\/li>\n<li>Rico em prote\u00ednas e gorduras saud\u00e1veis (monoinsaturadas)<\/li>\n<li>Produto t\u00edpico da gastronomia espanhola<\/li>\n<\/ul>\n","protected":false},"excerpt":{"rendered":"<ul>\n<li>Sabor suave, levemente defumado e temperado<\/li>\n<li>Textura macia e consistente<\/li>\n<li>Rico em prote\u00ednas e gorduras saud\u00e1veis (monoinsaturadas)<\/li>\n<li>Produto t\u00edpico da gastronomia espanhola<\/li>\n<\/ul>\n","protected":false},"author":43538,"featured_media":230532,"comment_status":"closed","ping_status":"closed","template":"","meta":[],"pwb-brand":[],"product_brand":[],"product_cat":[8337,8669,8295,8321,8343,8499],"product_tag":[],"class_list":{"0":"post-230535","1":"product","2":"type-product","3":"status-publish","4":"has-post-thumbnail","6":"product_cat-charcutaria","7":"product_cat-paio-outros","8":"product_cat-produtos-espanhois","9":"product_cat-especiais-do-mes-pt-pt-produtos-espanhois","10":"product_cat-charcutaria-pt-pt","11":"product_cat-sem-glutem","13":"first","14":"instock","15":"taxable","16":"shipping-taxable","17":"purchasable","18":"product-type-simple"},"aioseo_notices":[],"brands":[],"_links":{"self":[{"href":"https:\/\/www.delicias-uk.com\/pt-pt\/wp-json\/wp\/v2\/product\/230535","targetHints":{"allow":["GET"]}}],"collection":[{"href":"https:\/\/www.delicias-uk.com\/pt-pt\/wp-json\/wp\/v2\/product"}],"about":[{"href":"https:\/\/www.delicias-uk.com\/pt-pt\/wp-json\/wp\/v2\/types\/product"}],"author":[{"embeddable":true,"href":"https:\/\/www.delicias-uk.com\/pt-pt\/wp-json\/wp\/v2\/users\/43538"}],"replies":[{"embeddable":true,"href":"https:\/\/www.delicias-uk.com\/pt-pt\/wp-json\/wp\/v2\/comments?post=230535"}],"wp:featuredmedia":[{"embeddable":true,"href":"https:\/\/www.delicias-uk.com\/pt-pt\/wp-json\/wp\/v2\/media\/230532"}],"wp:attachment":[{"href":"https:\/\/www.delicias-uk.com\/pt-pt\/wp-json\/wp\/v2\/media?parent=230535"}],"wp:term":[{"taxonomy":"pwb-brand","embeddable":true,"href":"https:\/\/www.delicias-uk.com\/pt-pt\/wp-json\/wp\/v2\/pwb-brand?post=230535"},{"taxonomy":"product_brand","embeddable":true,"href":"https:\/\/www.delicias-uk.com\/pt-pt\/wp-json\/wp\/v2\/product_brand?post=230535"},{"taxonomy":"product_cat","embeddable":true,"href":"https:\/\/www.delicias-uk.com\/pt-pt\/wp-json\/wp\/v2\/product_cat?post=230535"},{"taxonomy":"product_tag","embeddable":true,"href":"https:\/\/www.delicias-uk.com\/pt-pt\/wp-json\/wp\/v2\/product_tag?post=230535"}],"curies":[{"name":"wp","href":"https:\/\/api.w.org\/{rel}","templated":true}]}}