{"id":230409,"date":"2025-07-04T15:56:14","date_gmt":"2025-07-04T14:56:14","guid":{"rendered":"https:\/\/www.delicias-uk.com\/?post_type=product&#038;p=230409"},"modified":"2025-09-07T17:49:15","modified_gmt":"2025-09-07T16:49:15","slug":"tilapia-filete-5-7-750g","status":"publish","type":"product","link":"https:\/\/www.delicias-uk.com\/pt-pt\/produto\/tilapia-filete-5-7-750g\/","title":{"rendered":"Tilapia Filete 5\/7 750g"},"content":{"rendered":"<p>A til\u00e1pia \u00e9 um peixe nutritivo e pode fazer parte de uma dieta saud\u00e1vel e balanceada. \u00c9 uma boa fonte de prote\u00edna e \u00e9 relativamente baixa em gordura. A til\u00e1pia tamb\u00e9m tem menos s\u00f3dio, calorias e gordura total do que bacon e outras carnes processadas. De 5 a 7 unidades por kg.<\/p>\n","protected":false},"excerpt":{"rendered":"<ul>\n<li>Fillete de Tilapia<\/li>\n<li>Produto Congelado<\/li>\n<li>750g<\/li>\n<\/ul>\n","protected":false},"author":43538,"featured_media":230411,"comment_status":"open","ping_status":"closed","template":"","meta":[],"pwb-brand":[],"product_brand":[],"product_cat":[8289,8305,8341],"product_tag":[],"class_list":{"0":"post-230409","1":"product","2":"type-product","3":"status-publish","4":"has-post-thumbnail","6":"product_cat-inicio","7":"product_cat-produtos-congelados","8":"product_cat-peixe-congelado","10":"first","11":"outofstock","12":"taxable","13":"shipping-taxable","14":"purchasable","15":"product-type-simple"},"aioseo_notices":[],"brands":[],"_links":{"self":[{"href":"https:\/\/www.delicias-uk.com\/pt-pt\/wp-json\/wp\/v2\/product\/230409","targetHints":{"allow":["GET"]}}],"collection":[{"href":"https:\/\/www.delicias-uk.com\/pt-pt\/wp-json\/wp\/v2\/product"}],"about":[{"href":"https:\/\/www.delicias-uk.com\/pt-pt\/wp-json\/wp\/v2\/types\/product"}],"author":[{"embeddable":true,"href":"https:\/\/www.delicias-uk.com\/pt-pt\/wp-json\/wp\/v2\/users\/43538"}],"replies":[{"embeddable":true,"href":"https:\/\/www.delicias-uk.com\/pt-pt\/wp-json\/wp\/v2\/comments?post=230409"}],"wp:featuredmedia":[{"embeddable":true,"href":"https:\/\/www.delicias-uk.com\/pt-pt\/wp-json\/wp\/v2\/media\/230411"}],"wp:attachment":[{"href":"https:\/\/www.delicias-uk.com\/pt-pt\/wp-json\/wp\/v2\/media?parent=230409"}],"wp:term":[{"taxonomy":"pwb-brand","embeddable":true,"href":"https:\/\/www.delicias-uk.com\/pt-pt\/wp-json\/wp\/v2\/pwb-brand?post=230409"},{"taxonomy":"product_brand","embeddable":true,"href":"https:\/\/www.delicias-uk.com\/pt-pt\/wp-json\/wp\/v2\/product_brand?post=230409"},{"taxonomy":"product_cat","embeddable":true,"href":"https:\/\/www.delicias-uk.com\/pt-pt\/wp-json\/wp\/v2\/product_cat?post=230409"},{"taxonomy":"product_tag","embeddable":true,"href":"https:\/\/www.delicias-uk.com\/pt-pt\/wp-json\/wp\/v2\/product_tag?post=230409"}],"curies":[{"name":"wp","href":"https:\/\/api.w.org\/{rel}","templated":true}]}}