{"id":230303,"date":"2025-07-02T15:57:57","date_gmt":"2025-07-02T14:57:57","guid":{"rendered":"https:\/\/www.delicias-uk.com\/?post_type=product&#038;p=230303"},"modified":"2026-04-12T21:46:40","modified_gmt":"2026-04-12T20:46:40","slug":"acai-jungle-berry-370-ml","status":"publish","type":"product","link":"https:\/\/www.delicias-uk.com\/pt-pt\/produto\/acai-jungle-berry-370-ml\/","title":{"rendered":"A\u00e7a\u00ed Jungle Berry 370 ml"},"content":{"rendered":"<h3 data-start=\"161\" data-end=\"228\"><strong data-start=\"170\" data-end=\"228\">A\u00e7a\u00ed Jungle Berry \u2013 O Sabor em Cada Colherada<\/strong><\/h3>\n<p data-start=\"230\" data-end=\"526\">Sinta a energia vibrante da floresta tropical com o <strong data-start=\"282\" data-end=\"303\">A\u00e7a\u00ed Jungle Berry<\/strong> \u2013 um superalimento selvagem, encorpado e naturalmente refrescante. Direto da Amaz\u00f4nia para o seu dia, nosso a\u00e7a\u00ed \u00e9 feito com <strong data-start=\"429\" data-end=\"449\">fruta verdadeira<\/strong>, sem atalhos, sem mist\u00e9rios \u2014 apenas sabor puro, <strong data-start=\"499\" data-end=\"525\">intenso e irresist\u00edvel<\/strong>.<\/p>\n<p data-start=\"528\" data-end=\"690\">Com uma textura cremosa e um sabor marcante de frutos vermelhos, o Jungle Berry \u00e9 a escolha perfeita para quem busca <strong data-start=\"645\" data-end=\"675\">nutri\u00e7\u00e3o, energia e prazer<\/strong> no mesmo pote.<\/p>\n<p data-start=\"692\" data-end=\"833\">\u2728 <strong data-start=\"694\" data-end=\"729\">Sem gl\u00faten, sem lactose, vegano<\/strong><br data-start=\"729\" data-end=\"732\" \/>\u2728 <strong data-start=\"734\" data-end=\"778\">Fonte de antioxidantes e energia natural<\/strong><br data-start=\"778\" data-end=\"781\" \/>\u2728 <strong data-start=\"783\" data-end=\"833\">Ideal para bowls, smoothies ou a colher mesmo!<\/strong><\/p>\n<p data-start=\"835\" data-end=\"920\"><strong data-start=\"838\" data-end=\"920\">Jungle Berry \u00e9 mais que a\u00e7a\u00ed. \u00c9 atitude. \u00c9 natureza viva. \u00c9 explos\u00e3o de sabor.<\/strong><\/p>\n","protected":false},"excerpt":{"rendered":"<ul>\n<li>Sem gl\u00faten, sem lactose, vegano<\/li>\n<li>Fonte de antioxidantes e energia natural<\/li>\n<li>Ideal para bowls, smoothies ou a colher mesmo!<\/li>\n<\/ul>\n","protected":false},"author":43538,"featured_media":231585,"comment_status":"closed","ping_status":"closed","template":"","meta":[],"pwb-brand":[],"product_brand":[],"product_cat":[9223,8293,8305,8383,8307,8315,8499,8539,8347],"product_tag":[],"class_list":{"0":"post-230303","1":"product","2":"type-product","3":"status-publish","4":"has-post-thumbnail","6":"product_cat-acai-pt-pt","7":"product_cat-produtos-brasileiros","8":"product_cat-produtos-congelados","9":"product_cat-sorvete-e-sorbet-congelado","10":"product_cat-dieta-e-estilo-de-vida-produtos","11":"product_cat-free-from-pt-pt","12":"product_cat-sem-glutem","13":"product_cat-sem-lactose","14":"product_cat-vegetariano","16":"first","17":"instock","18":"taxable","19":"shipping-taxable","20":"purchasable","21":"product-type-simple"},"aioseo_notices":[],"brands":[],"_links":{"self":[{"href":"https:\/\/www.delicias-uk.com\/pt-pt\/wp-json\/wp\/v2\/product\/230303","targetHints":{"allow":["GET"]}}],"collection":[{"href":"https:\/\/www.delicias-uk.com\/pt-pt\/wp-json\/wp\/v2\/product"}],"about":[{"href":"https:\/\/www.delicias-uk.com\/pt-pt\/wp-json\/wp\/v2\/types\/product"}],"author":[{"embeddable":true,"href":"https:\/\/www.delicias-uk.com\/pt-pt\/wp-json\/wp\/v2\/users\/43538"}],"replies":[{"embeddable":true,"href":"https:\/\/www.delicias-uk.com\/pt-pt\/wp-json\/wp\/v2\/comments?post=230303"}],"wp:featuredmedia":[{"embeddable":true,"href":"https:\/\/www.delicias-uk.com\/pt-pt\/wp-json\/wp\/v2\/media\/231585"}],"wp:attachment":[{"href":"https:\/\/www.delicias-uk.com\/pt-pt\/wp-json\/wp\/v2\/media?parent=230303"}],"wp:term":[{"taxonomy":"pwb-brand","embeddable":true,"href":"https:\/\/www.delicias-uk.com\/pt-pt\/wp-json\/wp\/v2\/pwb-brand?post=230303"},{"taxonomy":"product_brand","embeddable":true,"href":"https:\/\/www.delicias-uk.com\/pt-pt\/wp-json\/wp\/v2\/product_brand?post=230303"},{"taxonomy":"product_cat","embeddable":true,"href":"https:\/\/www.delicias-uk.com\/pt-pt\/wp-json\/wp\/v2\/product_cat?post=230303"},{"taxonomy":"product_tag","embeddable":true,"href":"https:\/\/www.delicias-uk.com\/pt-pt\/wp-json\/wp\/v2\/product_tag?post=230303"}],"curies":[{"name":"wp","href":"https:\/\/api.w.org\/{rel}","templated":true}]}}