{"id":229900,"date":"2025-06-25T16:50:09","date_gmt":"2025-06-25T15:50:09","guid":{"rendered":"https:\/\/www.delicias-uk.com\/?post_type=product&#038;p=229900"},"modified":"2026-03-21T23:16:06","modified_gmt":"2026-03-21T23:16:06","slug":"carapau-grande-2-4-chicharro-gelpeixe-1kg","status":"publish","type":"product","link":"https:\/\/www.delicias-uk.com\/pt-pt\/produto\/carapau-grande-2-4-chicharro-gelpeixe-1kg\/","title":{"rendered":"Carapau Grande 2\/4 (Chicharro) Gelpeixe 1Kg"},"content":{"rendered":"<h3 data-start=\"144\" data-end=\"201\">Carapau Grande 2\/4 (Chicharro) Gelpeixe 1Kg<\/h3>\n<p data-start=\"203\" data-end=\"458\">Descubra o sabor aut\u00eantico do mar com o <strong data-start=\"243\" data-end=\"269\">Carapau Gelpeixe<\/strong>, ultracongelado para preservar toda a sua frescura e qualidade. Ideal para grelhar, assar ou fritar, este peixe azul \u00e9 uma excelente escolha para refei\u00e7\u00f5es saud\u00e1veis, pr\u00e1ticas e saborosas.<\/p>\n<p data-start=\"460\" data-end=\"716\">\u2705 <strong data-start=\"462\" data-end=\"481\">Rico em \u00d4mega-3<\/strong> \u2013 Essencial para a sa\u00fade do cora\u00e7\u00e3o<br data-start=\"517\" data-end=\"520\" \/>\u2705 <strong data-start=\"522\" data-end=\"569\">Fonte natural de prote\u00edna, vitamina D e B12<\/strong><br data-start=\"641\" data-end=\"644\" \/>\u2705 <strong data-start=\"646\" data-end=\"674\">Formato econ\u00f3mico de 1kg<\/strong> \u2013 ideal para fam\u00edlias<\/p>\n<p data-start=\"718\" data-end=\"907\">Com o carapau Gelpeixe, tem sempre \u00e0 m\u00e3o um ingrediente vers\u00e1til, nutritivo e delicioso. Perfeito para receitas tradicionais portuguesas ou para dar um toque mediterr\u00e2neo \u00e0s suas refei\u00e7\u00f5es!<\/p>\n","protected":false},"excerpt":{"rendered":"<ul>\n<li><strong>Carapau Grande 2\/4 Chicharro<\/strong><\/li>\n<li><strong data-start=\"462\" data-end=\"481\">Rico em \u00d4mega-3<\/strong> \u2013 Essencial para a sa\u00fade do cora\u00e7\u00e3o<\/li>\n<li><strong data-start=\"522\" data-end=\"569\">Fonte natural de prote\u00edna, vitamina D e B12<\/strong><\/li>\n<li><strong data-start=\"646\" data-end=\"674\">Formato econ\u00f3mico de 1kg<\/strong> \u2013 ideal para fam\u00edlias<\/li>\n<\/ul>\n","protected":false},"author":43538,"featured_media":229902,"comment_status":"closed","ping_status":"closed","template":"","meta":[],"pwb-brand":[],"product_brand":[],"product_cat":[8305,8341],"product_tag":[],"class_list":{"0":"post-229900","1":"product","2":"type-product","3":"status-publish","4":"has-post-thumbnail","6":"product_cat-produtos-congelados","7":"product_cat-peixe-congelado","9":"first","10":"outofstock","11":"taxable","12":"shipping-taxable","13":"purchasable","14":"product-type-simple"},"aioseo_notices":[],"brands":[],"_links":{"self":[{"href":"https:\/\/www.delicias-uk.com\/pt-pt\/wp-json\/wp\/v2\/product\/229900","targetHints":{"allow":["GET"]}}],"collection":[{"href":"https:\/\/www.delicias-uk.com\/pt-pt\/wp-json\/wp\/v2\/product"}],"about":[{"href":"https:\/\/www.delicias-uk.com\/pt-pt\/wp-json\/wp\/v2\/types\/product"}],"author":[{"embeddable":true,"href":"https:\/\/www.delicias-uk.com\/pt-pt\/wp-json\/wp\/v2\/users\/43538"}],"replies":[{"embeddable":true,"href":"https:\/\/www.delicias-uk.com\/pt-pt\/wp-json\/wp\/v2\/comments?post=229900"}],"wp:featuredmedia":[{"embeddable":true,"href":"https:\/\/www.delicias-uk.com\/pt-pt\/wp-json\/wp\/v2\/media\/229902"}],"wp:attachment":[{"href":"https:\/\/www.delicias-uk.com\/pt-pt\/wp-json\/wp\/v2\/media?parent=229900"}],"wp:term":[{"taxonomy":"pwb-brand","embeddable":true,"href":"https:\/\/www.delicias-uk.com\/pt-pt\/wp-json\/wp\/v2\/pwb-brand?post=229900"},{"taxonomy":"product_brand","embeddable":true,"href":"https:\/\/www.delicias-uk.com\/pt-pt\/wp-json\/wp\/v2\/product_brand?post=229900"},{"taxonomy":"product_cat","embeddable":true,"href":"https:\/\/www.delicias-uk.com\/pt-pt\/wp-json\/wp\/v2\/product_cat?post=229900"},{"taxonomy":"product_tag","embeddable":true,"href":"https:\/\/www.delicias-uk.com\/pt-pt\/wp-json\/wp\/v2\/product_tag?post=229900"}],"curies":[{"name":"wp","href":"https:\/\/api.w.org\/{rel}","templated":true}]}}