{"id":229861,"date":"2025-06-25T14:09:12","date_gmt":"2025-06-25T13:09:12","guid":{"rendered":"https:\/\/www.delicias-uk.com\/?post_type=product&#038;p=229861"},"modified":"2026-03-23T13:59:39","modified_gmt":"2026-03-23T13:59:39","slug":"gelado-de-pastel-de-nata-fabridoce-150ml","status":"publish","type":"product","link":"https:\/\/www.delicias-uk.com\/pt-pt\/produto\/gelado-de-pastel-de-nata-fabridoce-150ml\/","title":{"rendered":"Gelado de Pastel de Nata Fabridoce 150ml"},"content":{"rendered":"<p>Gelado de Pastel de Nata Fabridoce<br \/>\nO sabor mais portugu\u00eas&#8230; agora em vers\u00e3o gelado!<\/p>\n<p>Inspirado na receita tradicional do ic\u00f3nico doce portugu\u00eas, o Gelado de Pastel de Nata Fabridoce conquista com o seu sabor delicado a creme pasteleiro, notas de canela e uma textura incrivelmente cremosa. Uma homenagem gelada a um dos sabores mais amados de Portugal.<\/p>\n<p>\u2705 Sabor fiel ao pastel de nata tradicional<br \/>\n\u2705 Textura suave e cremosa<br \/>\n\u2705 Apresenta\u00e7\u00e3o premium<\/p>\n<p>Com Fabridoce, o cl\u00e1ssico portugu\u00eas ganha nova vida em forma de gelado. Um verdadeiro sucesso \u00e0 primeira colherada!<\/p>\n","protected":false},"excerpt":{"rendered":"<ul>\n<li>Sabor fiel ao pastel de nata tradicional<\/li>\n<li>Textura suave e cremosa<\/li>\n<li>Apresenta\u00e7\u00e3o premium<\/li>\n<\/ul>\n","protected":false},"author":43538,"featured_media":231543,"comment_status":"closed","ping_status":"closed","template":"","meta":[],"pwb-brand":[],"product_brand":[],"product_cat":[8305,8383],"product_tag":[],"class_list":{"0":"post-229861","1":"product","2":"type-product","3":"status-publish","4":"has-post-thumbnail","6":"product_cat-produtos-congelados","7":"product_cat-sorvete-e-sorbet-congelado","9":"first","10":"instock","11":"taxable","12":"shipping-taxable","13":"purchasable","14":"product-type-simple"},"aioseo_notices":[],"brands":[],"_links":{"self":[{"href":"https:\/\/www.delicias-uk.com\/pt-pt\/wp-json\/wp\/v2\/product\/229861","targetHints":{"allow":["GET"]}}],"collection":[{"href":"https:\/\/www.delicias-uk.com\/pt-pt\/wp-json\/wp\/v2\/product"}],"about":[{"href":"https:\/\/www.delicias-uk.com\/pt-pt\/wp-json\/wp\/v2\/types\/product"}],"author":[{"embeddable":true,"href":"https:\/\/www.delicias-uk.com\/pt-pt\/wp-json\/wp\/v2\/users\/43538"}],"replies":[{"embeddable":true,"href":"https:\/\/www.delicias-uk.com\/pt-pt\/wp-json\/wp\/v2\/comments?post=229861"}],"wp:featuredmedia":[{"embeddable":true,"href":"https:\/\/www.delicias-uk.com\/pt-pt\/wp-json\/wp\/v2\/media\/231543"}],"wp:attachment":[{"href":"https:\/\/www.delicias-uk.com\/pt-pt\/wp-json\/wp\/v2\/media?parent=229861"}],"wp:term":[{"taxonomy":"pwb-brand","embeddable":true,"href":"https:\/\/www.delicias-uk.com\/pt-pt\/wp-json\/wp\/v2\/pwb-brand?post=229861"},{"taxonomy":"product_brand","embeddable":true,"href":"https:\/\/www.delicias-uk.com\/pt-pt\/wp-json\/wp\/v2\/product_brand?post=229861"},{"taxonomy":"product_cat","embeddable":true,"href":"https:\/\/www.delicias-uk.com\/pt-pt\/wp-json\/wp\/v2\/product_cat?post=229861"},{"taxonomy":"product_tag","embeddable":true,"href":"https:\/\/www.delicias-uk.com\/pt-pt\/wp-json\/wp\/v2\/product_tag?post=229861"}],"curies":[{"name":"wp","href":"https:\/\/api.w.org\/{rel}","templated":true}]}}