{"id":229855,"date":"2025-06-25T14:01:19","date_gmt":"2025-06-25T13:01:19","guid":{"rendered":"https:\/\/www.delicias-uk.com\/?post_type=product&#038;p=229855"},"modified":"2025-06-25T14:07:08","modified_gmt":"2025-06-25T13:07:08","slug":"gelado-de-ovos-moles-de-aveiro-fabridoce-5lt","status":"publish","type":"product","link":"https:\/\/www.delicias-uk.com\/pt-pt\/produto\/gelado-de-ovos-moles-de-aveiro-fabridoce-5lt\/","title":{"rendered":"Gelado de Ovos Moles de Aveiro Fabridoce 5Lt"},"content":{"rendered":"<p>Gelado de Ovos Moles de Aveiro Fabridoce 5Lt<br \/>\nO gelado de Ovos Moles de Aveiro da marca Fabridoce \u00e9 uma sobremesa cremosa e aut\u00eantica, inspirada no famoso doce conventual da regi\u00e3o de Aveiro. Este gelado \u00e9 produzido pela Fabridoce \u2013 Doces Regionais, uma empresa fundada em 1989, especializada em doces conventuais portugueses, como os Ovos Moles de Aveiro, Fios de Ovos e P\u00e3o de L\u00f3 Conventual<\/p>\n<p>\u2705 Sabor fiel a sobremesa<br \/>\n\u2705 Textura suave e cremosa<br \/>\n\u2705 Apresenta\u00e7\u00e3o premium<\/p>\n<p>Volume: 5 Litros<\/p>\n<p>Com Fabridoce, o cl\u00e1ssico portugu\u00eas ganha nova vida em forma de gelado. Um verdadeiro sucesso \u00e0 primeira colherada!<\/p>\n","protected":false},"excerpt":{"rendered":"<ul>\n<li>Sabor fiel a sobremesa<\/li>\n<li>Textura suave e cremosa<\/li>\n<li>Apresenta\u00e7\u00e3o premium<\/li>\n<\/ul>\n","protected":false},"author":43538,"featured_media":231545,"comment_status":"closed","ping_status":"closed","template":"","meta":[],"pwb-brand":[],"product_brand":[],"product_cat":[8305,8383],"product_tag":[],"class_list":{"0":"post-229855","1":"product","2":"type-product","3":"status-publish","4":"has-post-thumbnail","6":"product_cat-produtos-congelados","7":"product_cat-sorvete-e-sorbet-congelado","9":"first","10":"instock","11":"taxable","12":"shipping-taxable","13":"purchasable","14":"product-type-simple"},"aioseo_notices":[],"brands":[],"_links":{"self":[{"href":"https:\/\/www.delicias-uk.com\/pt-pt\/wp-json\/wp\/v2\/product\/229855","targetHints":{"allow":["GET"]}}],"collection":[{"href":"https:\/\/www.delicias-uk.com\/pt-pt\/wp-json\/wp\/v2\/product"}],"about":[{"href":"https:\/\/www.delicias-uk.com\/pt-pt\/wp-json\/wp\/v2\/types\/product"}],"author":[{"embeddable":true,"href":"https:\/\/www.delicias-uk.com\/pt-pt\/wp-json\/wp\/v2\/users\/43538"}],"replies":[{"embeddable":true,"href":"https:\/\/www.delicias-uk.com\/pt-pt\/wp-json\/wp\/v2\/comments?post=229855"}],"wp:featuredmedia":[{"embeddable":true,"href":"https:\/\/www.delicias-uk.com\/pt-pt\/wp-json\/wp\/v2\/media\/231545"}],"wp:attachment":[{"href":"https:\/\/www.delicias-uk.com\/pt-pt\/wp-json\/wp\/v2\/media?parent=229855"}],"wp:term":[{"taxonomy":"pwb-brand","embeddable":true,"href":"https:\/\/www.delicias-uk.com\/pt-pt\/wp-json\/wp\/v2\/pwb-brand?post=229855"},{"taxonomy":"product_brand","embeddable":true,"href":"https:\/\/www.delicias-uk.com\/pt-pt\/wp-json\/wp\/v2\/product_brand?post=229855"},{"taxonomy":"product_cat","embeddable":true,"href":"https:\/\/www.delicias-uk.com\/pt-pt\/wp-json\/wp\/v2\/product_cat?post=229855"},{"taxonomy":"product_tag","embeddable":true,"href":"https:\/\/www.delicias-uk.com\/pt-pt\/wp-json\/wp\/v2\/product_tag?post=229855"}],"curies":[{"name":"wp","href":"https:\/\/api.w.org\/{rel}","templated":true}]}}