{"id":229837,"date":"2025-06-25T12:02:07","date_gmt":"2025-06-25T11:02:07","guid":{"rendered":"https:\/\/www.delicias-uk.com\/?post_type=product&#038;p=229837"},"modified":"2025-12-20T15:28:12","modified_gmt":"2025-12-20T15:28:12","slug":"choco-inteiro-com-tinta-200-300-gelpeixe-1kg","status":"publish","type":"product","link":"https:\/\/www.delicias-uk.com\/pt-pt\/produto\/choco-inteiro-com-tinta-200-300-gelpeixe-1kg\/","title":{"rendered":"Choco Inteiro Com Tinta (200\/300) Gelpeixe 1Kg"},"content":{"rendered":"<p data-start=\"150\" data-end=\"286\">Descubra o verdadeiro sabor do mar com o choco inteiro Gelpeixe,\u00a0 ideal para pratos tradicionais e criativos.<\/p>\n<ul data-start=\"1027\" data-end=\"1221\">\n<li data-start=\"1027\" data-end=\"1089\">\n<p data-start=\"1029\" data-end=\"1089\">Sabor e textura aut\u00eanticos do choco, como manda a tradi\u00e7\u00e3o<\/p>\n<\/li>\n<li data-start=\"1090\" data-end=\"1157\">\n<p data-start=\"1092\" data-end=\"1157\">Ideal para pratos com personalidade e apresenta\u00e7\u00e3o diferenciada<\/p>\n<\/li>\n<li data-start=\"1158\" data-end=\"1221\">\n<p data-start=\"1160\" data-end=\"1221\">Solu\u00e7\u00e3o pr\u00e1tica para profissionais e amantes da boa cozinha<\/p>\n<\/li>\n<\/ul>\n<p data-start=\"1223\" data-end=\"1382\">Leve o melhor da cozinha mediterr\u00e2nica e ib\u00e9rica para a sua mesa com o Choco Inteiro com Tinta da Gelpeixe \u2014 qualidade, sabor e versatilidade num s\u00f3 produto.<\/p>\n","protected":false},"excerpt":{"rendered":"<ul data-start=\"1027\" data-end=\"1221\">\n<li data-start=\"1027\" data-end=\"1089\">\n<p data-start=\"1029\" data-end=\"1089\">Sabor e textura aut\u00eanticos do choco, como manda a tradi\u00e7\u00e3o<\/p>\n<\/li>\n<li data-start=\"1027\" data-end=\"1089\">\n<p data-start=\"1029\" data-end=\"1089\">Ideal para pratos com personalidade e apresenta\u00e7\u00e3o diferenciada<\/p>\n<\/li>\n<li data-start=\"1090\" data-end=\"1157\">\n<p data-start=\"1092\" data-end=\"1157\">Solu\u00e7\u00e3o pr\u00e1tica para profissionais e amantes da boa cozinha<\/p>\n<\/li>\n<\/ul>\n","protected":false},"author":43538,"featured_media":229955,"comment_status":"open","ping_status":"closed","template":"","meta":[],"pwb-brand":[],"product_brand":[],"product_cat":[8289,8305,8419],"product_tag":[],"class_list":{"0":"post-229837","1":"product","2":"type-product","3":"status-publish","4":"has-post-thumbnail","6":"product_cat-inicio","7":"product_cat-produtos-congelados","8":"product_cat-frutos-do-mar-congelado","10":"first","11":"instock","12":"taxable","13":"shipping-taxable","14":"purchasable","15":"product-type-simple"},"aioseo_notices":[],"brands":[],"_links":{"self":[{"href":"https:\/\/www.delicias-uk.com\/pt-pt\/wp-json\/wp\/v2\/product\/229837","targetHints":{"allow":["GET"]}}],"collection":[{"href":"https:\/\/www.delicias-uk.com\/pt-pt\/wp-json\/wp\/v2\/product"}],"about":[{"href":"https:\/\/www.delicias-uk.com\/pt-pt\/wp-json\/wp\/v2\/types\/product"}],"author":[{"embeddable":true,"href":"https:\/\/www.delicias-uk.com\/pt-pt\/wp-json\/wp\/v2\/users\/43538"}],"replies":[{"embeddable":true,"href":"https:\/\/www.delicias-uk.com\/pt-pt\/wp-json\/wp\/v2\/comments?post=229837"}],"wp:featuredmedia":[{"embeddable":true,"href":"https:\/\/www.delicias-uk.com\/pt-pt\/wp-json\/wp\/v2\/media\/229955"}],"wp:attachment":[{"href":"https:\/\/www.delicias-uk.com\/pt-pt\/wp-json\/wp\/v2\/media?parent=229837"}],"wp:term":[{"taxonomy":"pwb-brand","embeddable":true,"href":"https:\/\/www.delicias-uk.com\/pt-pt\/wp-json\/wp\/v2\/pwb-brand?post=229837"},{"taxonomy":"product_brand","embeddable":true,"href":"https:\/\/www.delicias-uk.com\/pt-pt\/wp-json\/wp\/v2\/product_brand?post=229837"},{"taxonomy":"product_cat","embeddable":true,"href":"https:\/\/www.delicias-uk.com\/pt-pt\/wp-json\/wp\/v2\/product_cat?post=229837"},{"taxonomy":"product_tag","embeddable":true,"href":"https:\/\/www.delicias-uk.com\/pt-pt\/wp-json\/wp\/v2\/product_tag?post=229837"}],"curies":[{"name":"wp","href":"https:\/\/api.w.org\/{rel}","templated":true}]}}