{"id":229700,"date":"2025-06-24T10:52:37","date_gmt":"2025-06-24T09:52:37","guid":{"rendered":"https:\/\/www.delicias-uk.com\/?post_type=product&#038;p=229700"},"modified":"2026-03-13T16:14:46","modified_gmt":"2026-03-13T16:14:46","slug":"sobremesa-doce-do-antonio-sabor-arroz-doce-150ml","status":"publish","type":"product","link":"https:\/\/www.delicias-uk.com\/pt-pt\/produto\/sobremesa-doce-do-antonio-sabor-arroz-doce-150ml\/","title":{"rendered":"Sobremesa Doce do Antonio Sabor Arroz Doce 150ml"},"content":{"rendered":"<p><strong>Arroz Doce do Antonio Sabor 150ml<\/strong><br \/>\nUma del\u00edcia cremosa e aveludada que reinventa o cl\u00e1ssico arroz doce. Delicados gr\u00e3os de arroz se misturam com um toque sutil de raspas de lim\u00e3o e um toque quente de canela, criando uma vers\u00e3o fresca e irresist\u00edvel de uma tradi\u00e7\u00e3o adorada.<\/p>\n<p><strong>Sobremesas artesanais portuguesas \u2014 sem aditivos, apenas saborosas.<\/strong><\/p>\n<p>O DOCE DO ANT\u00d3NIO \u00e9 servido gelado e conservado em frio negativo (-18\u00ba), n\u00e3o gerando qualquer desperd\u00edcio.<\/p>\n<p>Produ\u00e7\u00e3o \u00e9 artesanal, \u201csem aditivos\u201d, com receita exclusiva e fabrico pr\u00f3prio<\/p>\n<p>A DOCE DO ANT\u00d3NIO criou sobremesas artesanais geladas e produzimos totalmente por m\u00e9todo artesanal com ingredientes de elevada qualidade e sem aditivos qu\u00edmicos artificiais; com texturas muito cremosas e com sabores \u00fanicos, aliamos tradi\u00e7\u00e3o e autenticidade que remete \u00e0s receitas tradicionais com um toque de sofistica\u00e7\u00e3o.<\/p>\n","protected":false},"excerpt":{"rendered":"<ul>\n<li>Sabor Arroz Doce<\/li>\n<li>Um sabor \u00fanico da heran\u00e7a portuguesa em cada colherada<\/li>\n<li>Peso L\u00edquido: 150ml<\/li>\n<\/ul>\n","protected":false},"author":43538,"featured_media":229723,"comment_status":"closed","ping_status":"closed","template":"","meta":[],"pwb-brand":[],"product_brand":[],"product_cat":[8305,8329],"product_tag":[],"class_list":{"0":"post-229700","1":"product","2":"type-product","3":"status-publish","4":"has-post-thumbnail","6":"product_cat-produtos-congelados","7":"product_cat-sobremesa-congelada","9":"first","10":"instock","11":"taxable","12":"shipping-taxable","13":"purchasable","14":"product-type-simple"},"aioseo_notices":[],"brands":[],"_links":{"self":[{"href":"https:\/\/www.delicias-uk.com\/pt-pt\/wp-json\/wp\/v2\/product\/229700","targetHints":{"allow":["GET"]}}],"collection":[{"href":"https:\/\/www.delicias-uk.com\/pt-pt\/wp-json\/wp\/v2\/product"}],"about":[{"href":"https:\/\/www.delicias-uk.com\/pt-pt\/wp-json\/wp\/v2\/types\/product"}],"author":[{"embeddable":true,"href":"https:\/\/www.delicias-uk.com\/pt-pt\/wp-json\/wp\/v2\/users\/43538"}],"replies":[{"embeddable":true,"href":"https:\/\/www.delicias-uk.com\/pt-pt\/wp-json\/wp\/v2\/comments?post=229700"}],"wp:featuredmedia":[{"embeddable":true,"href":"https:\/\/www.delicias-uk.com\/pt-pt\/wp-json\/wp\/v2\/media\/229723"}],"wp:attachment":[{"href":"https:\/\/www.delicias-uk.com\/pt-pt\/wp-json\/wp\/v2\/media?parent=229700"}],"wp:term":[{"taxonomy":"pwb-brand","embeddable":true,"href":"https:\/\/www.delicias-uk.com\/pt-pt\/wp-json\/wp\/v2\/pwb-brand?post=229700"},{"taxonomy":"product_brand","embeddable":true,"href":"https:\/\/www.delicias-uk.com\/pt-pt\/wp-json\/wp\/v2\/product_brand?post=229700"},{"taxonomy":"product_cat","embeddable":true,"href":"https:\/\/www.delicias-uk.com\/pt-pt\/wp-json\/wp\/v2\/product_cat?post=229700"},{"taxonomy":"product_tag","embeddable":true,"href":"https:\/\/www.delicias-uk.com\/pt-pt\/wp-json\/wp\/v2\/product_tag?post=229700"}],"curies":[{"name":"wp","href":"https:\/\/api.w.org\/{rel}","templated":true}]}}